{"id":24223,"date":"2024-08-29T10:16:07","date_gmt":"2024-08-29T08:16:07","guid":{"rendered":"https:\/\/serverdedicato.lovenailsrivenditore.com\/?product=claresa-illuminante-john-glow-oriental-glam-02-8gr"},"modified":"2026-04-18T13:14:37","modified_gmt":"2026-04-18T11:14:37","slug":"claresa-illuminante-john-glow-oriental-glam-02-8gr","status":"publish","type":"product","link":"https:\/\/serverdedicato.lovenailsrivenditore.com\/?product=claresa-illuminante-john-glow-oriental-glam-02-8gr","title":{"rendered":"CLARESA &#8211; ILLUMINANTE JOHN GLOW ORIENTAL GLAM 04- 8gr"},"content":{"rendered":"<p><strong>JOHN GLOW<\/strong>\u00a0fornisce un effetto di illuminazione multidimensionale, consentendoti di graduare la sua intensit\u00e0 da una lucentezza sottile a una luminosit\u00e0 massima. Tonalit\u00e0 uniche si adattano perfettamente al tono della pelle, esaltandone la luminosit\u00e0 unica.<\/p>\n<p>La formula vegana, setosa e leggera \u00e8 ricca di cera carnauba, che protegge la pelle dalla perdita d&#8217;acqua e crea su di essa una pellicola nutriente e levigante. La mica e la mica sintetica contenute nella composizione riflettono la luce, riducendo cos\u00ec otticamente la visibilit\u00e0 delle rughe sottili e delle irregolarit\u00e0 della pelle.<\/p>\n<p><strong>APPLICAZIONE<\/strong><\/p>\n<p>Applica l&#8217;illuminante con un pennello morbido sulla parte superiore degli zigomi, sull&#8217;arco di cupido, sulla punta del naso, sull&#8217;arco sotto le sopracciglia e sul d\u00e9collet\u00e9. Ripetere i passaggi fino a raggiungere l&#8217;intensit\u00e0 desiderata.<\/p>\n<p><strong>TRUCCO DEI TRUCCATORI<\/strong><\/p>\n<p>Lo strobing \u00e8 una tecnica di trucco che prevede di modellare il viso con la luce. Scegli il colore John Glow perfetto che far\u00e0 risaltare la luminosit\u00e0 naturale della tua pelle. Applicatelo con un pennello morbido<\/p>\n<p>ed evidenziare l&#8217;arco sotto le sopracciglia, l&#8217;angolo interno dell&#8217;occhio, l&#8217;arco di Cupido, il ponte e la punta del naso.<\/p>\n<p>Evidenzia il mento e la fronte con un movimento che ricorda un triangolo rovesciato. Evidenzia la parte superiore degli zigomi, creando una forma a &#8220;C&#8221; che va verso le tempie e le arcate sopraccigliari.<\/p>\n","protected":false},"excerpt":{"rendered":"<p><strong>JOHN GLOW<\/strong>\u00a0fornisce un effetto di illuminazione multidimensionale, consentendoti di graduare la sua intensit\u00e0 da una lucentezza sottile a una luminosit\u00e0 massima. Tonalit\u00e0 uniche si adattano perfettamente al tono della pelle, esaltandone la luminosit\u00e0 unica.<\/p>\n","protected":false},"featured_media":24224,"comment_status":"closed","ping_status":"open","template":"","meta":[],"product_brand":[],"product_cat":[2319,1856,2315,2329],"product_tag":[2357,2361],"class_list":{"0":"post-24223","1":"product","2":"type-product","3":"status-publish","4":"has-post-thumbnail","6":"product_cat-claresa-make-up","7":"product_cat-make-up","8":"product_cat-viso","9":"product_cat-viso-claresa-make-up","10":"product_tag-illuminante","11":"product_tag-john-glow","13":"first","14":"instock","15":"shipping-taxable","16":"purchasable","17":"product-type-simple"},"_links":{"self":[{"href":"https:\/\/serverdedicato.lovenailsrivenditore.com\/index.php?rest_route=\/wp\/v2\/product\/24223","targetHints":{"allow":["GET"]}}],"collection":[{"href":"https:\/\/serverdedicato.lovenailsrivenditore.com\/index.php?rest_route=\/wp\/v2\/product"}],"about":[{"href":"https:\/\/serverdedicato.lovenailsrivenditore.com\/index.php?rest_route=\/wp\/v2\/types\/product"}],"replies":[{"embeddable":true,"href":"https:\/\/serverdedicato.lovenailsrivenditore.com\/index.php?rest_route=%2Fwp%2Fv2%2Fcomments&post=24223"}],"wp:featuredmedia":[{"embeddable":true,"href":"https:\/\/serverdedicato.lovenailsrivenditore.com\/index.php?rest_route=\/wp\/v2\/media\/24224"}],"wp:attachment":[{"href":"https:\/\/serverdedicato.lovenailsrivenditore.com\/index.php?rest_route=%2Fwp%2Fv2%2Fmedia&parent=24223"}],"wp:term":[{"taxonomy":"product_brand","embeddable":true,"href":"https:\/\/serverdedicato.lovenailsrivenditore.com\/index.php?rest_route=%2Fwp%2Fv2%2Fproduct_brand&post=24223"},{"taxonomy":"product_cat","embeddable":true,"href":"https:\/\/serverdedicato.lovenailsrivenditore.com\/index.php?rest_route=%2Fwp%2Fv2%2Fproduct_cat&post=24223"},{"taxonomy":"product_tag","embeddable":true,"href":"https:\/\/serverdedicato.lovenailsrivenditore.com\/index.php?rest_route=%2Fwp%2Fv2%2Fproduct_tag&post=24223"}],"curies":[{"name":"wp","href":"https:\/\/api.w.org\/{rel}","templated":true}]}}