{"id":24264,"date":"2024-08-29T14:16:55","date_gmt":"2024-08-29T12:16:55","guid":{"rendered":"https:\/\/serverdedicato.lovenailsrivenditore.com\/?product=claresa-topper-lip-shimmer-02-blew-blue"},"modified":"2026-04-18T13:15:21","modified_gmt":"2026-04-18T11:15:21","slug":"claresa-topper-lip-shimmer-02-blew-blue","status":"publish","type":"product","link":"https:\/\/serverdedicato.lovenailsrivenditore.com\/?product=claresa-topper-lip-shimmer-02-blew-blue","title":{"rendered":"CLARESA &#8211; TOPPER LIP SHIMMER 02 BLEW BLUE"},"content":{"rendered":"<p>\u00c8 un prodotto dalla\u00a0<strong>consistenza leggera<\/strong>\u00a0che ricopre le labbra con una lucentezza vellutata, ricca di particelle scintillanti. Che tu voglia aggiungere delicatezza al tuo trucco quotidiano o cerchi un accento audace per una serata fuori, puoi goderti un bellissimo finale senza compromettere il comfort delle tue labbra. Applica il prodotto\u00a0<strong>direttamente sulle labbra<\/strong>\u00a0oppure\u00a0<strong>applicalo sopra il tuo rossetto preferito<\/strong>\u00a0. Il nostro topper labbra\u00a0<strong>dura a lungo<\/strong>\u00a0, non sbava e non perde la sua lucentezza.<\/p>\n<p><strong>CURIOSITA&#8217;<\/strong><\/p>\n<p>Hai un problema con le labbra secche? Provi disagio quando indossi il rossetto? La formula del nostro topper per labbra fornir\u00e0 una cura efficace per le tue labbra grazie al contenuto di\u00a0<strong>acido ialuronico idratante<\/strong>\u00a0. La texture leggera\u00a0<strong>non appiccica, non appesantisce n\u00e9 enfatizza le cuticole secche<\/strong>\u00a0, donando una sensazione di comfort e morbidezza. Crea una delicata barriera protettiva sulle labbra che trattiene l&#8217;umidit\u00e0 e ne previene l&#8217;eccessiva evaporazione. Ci\u00f2 significa che le tue labbra sono\u00a0<strong>protette da fattori esterni dannosi<\/strong>\u00a0, come l&#8217;aria fredda o secca.<\/p>\n<p><strong>\u00a0<\/strong><\/p>\n<p><strong>UTILIZZO:<\/strong><\/p>\n<p>Applicare il prodotto utilizzando l&#8217;applicatore al centro delle labbra come accento luminoso o coprire l&#8217;intera superficie. Applicare il topper con movimenti delicati, lavorando dal centro delle labbra verso gli angoli. Grazie alla punta precisa, puoi controllare liberamente la quantit\u00e0 della formula e regolare cos\u00ec l&#8217;intensit\u00e0 della luminosit\u00e0. Non devi aspettare che il prodotto si asciughi: applicalo sulle labbra e goditi l&#8217;effetto spettacolare!<\/p>\n<p>&nbsp;<\/p>\n<p><strong>TRUCCO DEI TRUCCATORI:<\/strong><\/p>\n<p>Prova a mescolare il topper labbra con il tuo rossetto, ombretto o anche fard preferito! Prova combinazioni di colori diversi per creare la tua tonalit\u00e0 unica. Risveglia la tua creativit\u00e0 e scopri infinite possibilit\u00e0!<\/p>\n","protected":false},"excerpt":{"rendered":"<p>\u00c8 un prodotto dalla\u00a0<strong>consistenza leggera<\/strong>\u00a0che ricopre le labbra con una lucentezza vellutata, ricca di particelle scintillanti. Che tu voglia aggiungere delicatezza al tuo trucco quotidiano o cerchi un accento audace per una serata fuori, puoi goderti un bellissimo finale senza compromettere il comfort delle tue labbra. Applica il prodotto\u00a0<strong>direttamente sulle labbra<\/strong>\u00a0oppure\u00a0<strong>applicalo sopra il tuo rossetto preferito<\/strong>\u00a0. Il nostro topper labbra\u00a0<strong>dura a lungo<\/strong>\u00a0, non sbava e non perde la sua lucentezza.<\/p>\n","protected":false},"featured_media":24265,"comment_status":"closed","ping_status":"open","template":"","meta":[],"product_brand":[],"product_cat":[2319,2328,1857,1856],"product_tag":[350,1853,779],"class_list":{"0":"post-24264","1":"product","2":"type-product","3":"status-publish","4":"has-post-thumbnail","6":"product_cat-claresa-make-up","7":"product_cat-labbra-claresa-make-up","8":"product_cat-labbra","9":"product_cat-make-up","10":"product_tag-glitter","11":"product_tag-lipgloss","12":"product_tag-makeup","14":"first","15":"instock","16":"shipping-taxable","17":"purchasable","18":"product-type-simple"},"_links":{"self":[{"href":"https:\/\/serverdedicato.lovenailsrivenditore.com\/index.php?rest_route=\/wp\/v2\/product\/24264","targetHints":{"allow":["GET"]}}],"collection":[{"href":"https:\/\/serverdedicato.lovenailsrivenditore.com\/index.php?rest_route=\/wp\/v2\/product"}],"about":[{"href":"https:\/\/serverdedicato.lovenailsrivenditore.com\/index.php?rest_route=\/wp\/v2\/types\/product"}],"replies":[{"embeddable":true,"href":"https:\/\/serverdedicato.lovenailsrivenditore.com\/index.php?rest_route=%2Fwp%2Fv2%2Fcomments&post=24264"}],"wp:featuredmedia":[{"embeddable":true,"href":"https:\/\/serverdedicato.lovenailsrivenditore.com\/index.php?rest_route=\/wp\/v2\/media\/24265"}],"wp:attachment":[{"href":"https:\/\/serverdedicato.lovenailsrivenditore.com\/index.php?rest_route=%2Fwp%2Fv2%2Fmedia&parent=24264"}],"wp:term":[{"taxonomy":"product_brand","embeddable":true,"href":"https:\/\/serverdedicato.lovenailsrivenditore.com\/index.php?rest_route=%2Fwp%2Fv2%2Fproduct_brand&post=24264"},{"taxonomy":"product_cat","embeddable":true,"href":"https:\/\/serverdedicato.lovenailsrivenditore.com\/index.php?rest_route=%2Fwp%2Fv2%2Fproduct_cat&post=24264"},{"taxonomy":"product_tag","embeddable":true,"href":"https:\/\/serverdedicato.lovenailsrivenditore.com\/index.php?rest_route=%2Fwp%2Fv2%2Fproduct_tag&post=24264"}],"curies":[{"name":"wp","href":"https:\/\/api.w.org\/{rel}","templated":true}]}}