{"id":24332,"date":"2024-08-29T16:44:24","date_gmt":"2024-08-29T14:44:24","guid":{"rendered":"https:\/\/serverdedicato.lovenailsrivenditore.com\/?product=claresa-illuminante-in-stick-cheeck-2-cheek-01"},"modified":"2026-04-18T13:16:41","modified_gmt":"2026-04-18T11:16:41","slug":"claresa-illuminante-in-stick-cheeck-2-cheek-01","status":"publish","type":"product","link":"https:\/\/serverdedicato.lovenailsrivenditore.com\/?product=claresa-illuminante-in-stick-cheeck-2-cheek-01","title":{"rendered":"CLARESA &#8211; ILLUMINANTE IN STICK &#8211; CHEECK 2 CHEEK 01"},"content":{"rendered":"<p><span>Cerchi un&#8217;illuminazione con effetto pelle bagnata? L&#8217;illuminante Cheek2cheek \u00e8 un&#8217;aggiunta insostituibile alla tua routine di trucco, che rivitalizzer\u00e0 la tua carnagione e la far\u00e0 apparire radiosa. La sua formula cremosa e non grassa si fonde perfettamente con la pelle, donandole una delicata luminosit\u00e0.<\/span><\/p>\n<p><span>Grazie alla sua confezione ergonomica, cheek2cheek \u00e8 un elemento affidabile della tua borsa dei cosmetici, anche in viaggio! Non importa se sei in spiaggia, in montagna o in centro citt\u00e0: PREPARATI!<\/span><\/p>\n<p>&nbsp;<\/p>\n<p>CURIOSITA&#8217;<\/p>\n<p><span>Puoi controllare l&#8217;intensit\u00e0 della luminosit\u00e0 dell&#8217;illuminante cheek2cheek. La sua formula cremosa permette di illuminare delicatamente la pelle o donarle una luminosit\u00e0 intensa. Questo prodotto a lunga durata si fonde con la tua pelle, cos\u00ec potrai goderti l&#8217;effetto di una pelle radiosa per tutto il giorno!<\/span><\/p>\n<p>&nbsp;<\/p>\n<p><span>UTILIZZO<\/span><\/p>\n<p><span>L&#8217;illuminante cheek2cheek pu\u00f2 essere utilizzato in vari modi. Puoi applicarlo direttamente sulla pelle, posizionandolo su parti selezionate del viso come un timbro, e poi tamponarlo con le dita o con una spugna. Puoi anche applicarlo direttamente sulle dita e picchiettarlo sulla parte superiore degli zigomi. Ricorda solo di applicarlo prima di incipriare il viso.<\/span><\/p>\n<p>&nbsp;<\/p>\n<p><span>TRUCCO DEL MAKEUP ARTIST<\/span><\/p>\n<p><span>Per la massima illuminazione della pelle, usa l&#8217;illuminante cheek2cheek come base per l&#8217;illuminante pressato o sciolto.<\/span><\/p>\n","protected":false},"excerpt":{"rendered":"<p><span style=\"font-size: 14.4px;\">Cerchi un&#8217;illuminazione con effetto pelle bagnata? L&#8217;illuminante Cheek2cheek \u00e8 un&#8217;aggiunta insostituibile alla tua routine di trucco, che rivitalizzer\u00e0 la tua carnagione e la far\u00e0 apparire radiosa. La sua formula cremosa e non grassa si fonde perfettamente con la pelle, donandole una delicata luminosit\u00e0.<\/span><\/p>\n<p>Grazie alla sua confezione ergonomica, cheek2cheek \u00e8 un elemento affidabile della tua borsa dei cosmetici, anche in viaggio! Non importa se sei in spiaggia, in montagna o in centro citt\u00e0: PREPARATI!<\/p>\n","protected":false},"featured_media":24333,"comment_status":"closed","ping_status":"open","template":"","meta":[],"product_brand":[],"product_cat":[2319,1856,2329,2315],"product_tag":[2372,2357,2373],"class_list":{"0":"post-24332","1":"product","2":"type-product","3":"status-publish","4":"has-post-thumbnail","6":"product_cat-claresa-make-up","7":"product_cat-make-up","8":"product_cat-viso-claresa-make-up","9":"product_cat-viso","10":"product_tag-cheek-2-cheek","11":"product_tag-illuminante","12":"product_tag-stick","14":"first","15":"instock","16":"shipping-taxable","17":"purchasable","18":"product-type-simple"},"_links":{"self":[{"href":"https:\/\/serverdedicato.lovenailsrivenditore.com\/index.php?rest_route=\/wp\/v2\/product\/24332","targetHints":{"allow":["GET"]}}],"collection":[{"href":"https:\/\/serverdedicato.lovenailsrivenditore.com\/index.php?rest_route=\/wp\/v2\/product"}],"about":[{"href":"https:\/\/serverdedicato.lovenailsrivenditore.com\/index.php?rest_route=\/wp\/v2\/types\/product"}],"replies":[{"embeddable":true,"href":"https:\/\/serverdedicato.lovenailsrivenditore.com\/index.php?rest_route=%2Fwp%2Fv2%2Fcomments&post=24332"}],"wp:featuredmedia":[{"embeddable":true,"href":"https:\/\/serverdedicato.lovenailsrivenditore.com\/index.php?rest_route=\/wp\/v2\/media\/24333"}],"wp:attachment":[{"href":"https:\/\/serverdedicato.lovenailsrivenditore.com\/index.php?rest_route=%2Fwp%2Fv2%2Fmedia&parent=24332"}],"wp:term":[{"taxonomy":"product_brand","embeddable":true,"href":"https:\/\/serverdedicato.lovenailsrivenditore.com\/index.php?rest_route=%2Fwp%2Fv2%2Fproduct_brand&post=24332"},{"taxonomy":"product_cat","embeddable":true,"href":"https:\/\/serverdedicato.lovenailsrivenditore.com\/index.php?rest_route=%2Fwp%2Fv2%2Fproduct_cat&post=24332"},{"taxonomy":"product_tag","embeddable":true,"href":"https:\/\/serverdedicato.lovenailsrivenditore.com\/index.php?rest_route=%2Fwp%2Fv2%2Fproduct_tag&post=24332"}],"curies":[{"name":"wp","href":"https:\/\/api.w.org\/{rel}","templated":true}]}}