{"id":24397,"date":"2024-08-30T08:49:40","date_gmt":"2024-08-30T06:49:40","guid":{"rendered":"https:\/\/serverdedicato.lovenailsrivenditore.com\/?product=claresa-gel-glitterato-festival-vibes-03-95gr"},"modified":"2026-04-18T13:17:48","modified_gmt":"2026-04-18T11:17:48","slug":"claresa-gel-glitterato-festival-vibes-03-95gr","status":"publish","type":"product","link":"https:\/\/serverdedicato.lovenailsrivenditore.com\/?product=claresa-gel-glitterato-festival-vibes-03-95gr","title":{"rendered":"CLARESA &#8211; GEL GLITTERATO &#8211; FESTIVAL VIBES 03 &#8211; 9,5gr"},"content":{"rendered":"<p>Scopri le vibrazioni uniche del festival Glow con i gel glitter Festival Vibes! Lasciati trasportare dall&#8217;onda vorticosa di colori che illuminer\u00e0 il tuo look. Le particelle multicolori ed estremamente scintillanti creeranno un effetto indimenticabile e attireranno l&#8217;attenzione di tutti intorno, indipendentemente da come le usi! Applicali sul tuo corpo, viso, capelli e rendi il tuo styling \u2013 letteralmente \u2013 abbagliante!<\/p>\n<p>APP<\/p>\n<p>Le particelle di glitter sono altamente concentrate, quindi l&#8217;effetto WOW \u00e8 garantito! Grazie alla loro base incolore, non devi preoccuparti delle striature: i glitter creeranno una superficie scintillante e simile a particelle sul tuo corpo. La consistenza liscia e gel consente un&#8217;applicazione facile e precisa, preferibilmente con un pennello piatto o semplicemente con il dito.<\/p>\n<p>CURIOSITA&#8217;<\/p>\n<p>Dopo l&#8217;applicazione, i glitter si fissano completamente, quindi non devi preoccuparti della durabilit\u00e0, della caduta o dei vestiti sporchi. La formula \u00e8 a lunga tenuta e aderisce fortemente alla pelle. Inoltre, le delicate particelle di glitter sono cos\u00ec morbide che non causano irritazioni alla pelle, anche durante il lavaggio!<\/p>\n<p>TRUCCO DEI TRUCCATORI<\/p>\n<p>Inizia la tua avventura con Festival Vibes e scopri innumerevoli possibilit\u00e0! Usa i glitter sui capelli, applicali sul corpo, usali al posto dell&#8217;illuminante o completali con il trucco degli occhi! O forse proverai a utilizzare diverse tonalit\u00e0 di Festival Vibes in un unico styling? Lascia fiorire la tua creativit\u00e0 e senti le vibrazioni del Festival!<\/p>\n","protected":false},"excerpt":{"rendered":"<p>Scopri le vibrazioni uniche del festival Glow con i gel glitter Festival Vibes! Lasciati trasportare dall&#8217;onda vorticosa di colori che illuminer\u00e0 il tuo look. Le particelle multicolori ed estremamente scintillanti creeranno un effetto indimenticabile e attireranno l&#8217;attenzione di tutti intorno, indipendentemente da come le usi! Applicali sul tuo corpo, viso, capelli e rendi il tuo styling \u2013 letteralmente \u2013 abbagliante!<\/p>\n","protected":false},"featured_media":24398,"comment_status":"closed","ping_status":"open","template":"","meta":[],"product_brand":[],"product_cat":[2319,1856,2318,2320],"product_tag":[2345,1618,350],"class_list":{"0":"post-24397","1":"product","2":"type-product","3":"status-publish","4":"has-post-thumbnail","6":"product_cat-claresa-make-up","7":"product_cat-make-up","8":"product_cat-occhi","9":"product_cat-occhi-claresa-make-up","10":"product_tag-claresa-make-up","11":"product_tag-festival-vibes","12":"product_tag-glitter","14":"first","15":"instock","16":"shipping-taxable","17":"purchasable","18":"product-type-simple"},"_links":{"self":[{"href":"https:\/\/serverdedicato.lovenailsrivenditore.com\/index.php?rest_route=\/wp\/v2\/product\/24397","targetHints":{"allow":["GET"]}}],"collection":[{"href":"https:\/\/serverdedicato.lovenailsrivenditore.com\/index.php?rest_route=\/wp\/v2\/product"}],"about":[{"href":"https:\/\/serverdedicato.lovenailsrivenditore.com\/index.php?rest_route=\/wp\/v2\/types\/product"}],"replies":[{"embeddable":true,"href":"https:\/\/serverdedicato.lovenailsrivenditore.com\/index.php?rest_route=%2Fwp%2Fv2%2Fcomments&post=24397"}],"wp:featuredmedia":[{"embeddable":true,"href":"https:\/\/serverdedicato.lovenailsrivenditore.com\/index.php?rest_route=\/wp\/v2\/media\/24398"}],"wp:attachment":[{"href":"https:\/\/serverdedicato.lovenailsrivenditore.com\/index.php?rest_route=%2Fwp%2Fv2%2Fmedia&parent=24397"}],"wp:term":[{"taxonomy":"product_brand","embeddable":true,"href":"https:\/\/serverdedicato.lovenailsrivenditore.com\/index.php?rest_route=%2Fwp%2Fv2%2Fproduct_brand&post=24397"},{"taxonomy":"product_cat","embeddable":true,"href":"https:\/\/serverdedicato.lovenailsrivenditore.com\/index.php?rest_route=%2Fwp%2Fv2%2Fproduct_cat&post=24397"},{"taxonomy":"product_tag","embeddable":true,"href":"https:\/\/serverdedicato.lovenailsrivenditore.com\/index.php?rest_route=%2Fwp%2Fv2%2Fproduct_tag&post=24397"}],"curies":[{"name":"wp","href":"https:\/\/api.w.org\/{rel}","templated":true}]}}