{"id":24418,"date":"2024-08-30T09:17:36","date_gmt":"2024-08-30T07:17:36","guid":{"rendered":"https:\/\/serverdedicato.lovenailsrivenditore.com\/?product=claresa-ombretto-flash-06-summer-sunset"},"modified":"2026-04-18T13:18:13","modified_gmt":"2026-04-18T11:18:13","slug":"claresa-ombretto-flash-06-summer-sunset","status":"publish","type":"product","link":"https:\/\/serverdedicato.lovenailsrivenditore.com\/?product=claresa-ombretto-flash-06-summer-sunset","title":{"rendered":"CLARESA &#8211; OMBRETTO FLASH &#8211; 06 SUMMER SUNSET"},"content":{"rendered":"<p>Scopri l&#8217;ombretto FLASH, che porta il trucco a un livello completamente nuovo di intensit\u00e0 e lucentezza. Il suo finish altamente scintillante crea sulla palpebra una superficie lucida che dura tutto il giorno. FLASH \u00e8 la quintessenza del flash e lo strumento migliore per creare look indimenticabili e scintillanti!<\/p>\n<p>&nbsp;<\/p>\n<p><strong>CURIOSITA&#8217;<\/strong><\/p>\n<p>Cosa rende gli ombretti FLASH cos\u00ec speciali? Hanno una formula unica che non pu\u00f2 essere descritta in una parola. \u00c8 una combinazione di particelle scintillanti e una finitura laminata, che dona l&#8217;effetto di una palpebra bagnata. La sua consistenza leggermente morbida e liscia crea uno strato di colore scintillante con una straordinaria lucentezza sulla palpebra, come un pigmento puro!<\/p>\n<p>&nbsp;<\/p>\n<p><strong>APP<\/strong><\/p>\n<p>L&#8217;intensit\u00e0 del bagliore dipende da te!. Se vuoi creare un trucco leggermente illuminato, usa un pennello piatto, che ti dar\u00e0 un effetto pi\u00f9 delicato di particelle scintillanti sulla palpebra. Indipendentemente dal fatto che tu stia creando un look quotidiano o da sera audace, FLASH aggiunger\u00e0 un fascino unico alla zona degli occhi.<\/p>\n<p>&nbsp;<\/p>\n<p><strong>TRUCCO DEI TRUCCATORI<\/strong><\/p>\n<p>Crea un rapido smoky eye applicando l&#8217;eyeliner nero sulle palpebre superiore e inferiore e sfumandolo accuratamente. Applica l&#8217;ombra FLASH sulla base preparata e lasciati sorprendere dall&#8217;altro lato di questo cosmetico<\/p>\n","protected":false},"excerpt":{"rendered":"<p>Scopri l&#8217;ombretto FLASH, che porta il trucco a un livello completamente nuovo di intensit\u00e0 e lucentezza. Il suo finish altamente scintillante crea sulla palpebra una superficie lucida che dura tutto il giorno. FLASH \u00e8 la quintessenza del flash e lo strumento migliore per creare look indimenticabili e scintillanti!<\/p>\n","protected":false},"featured_media":24419,"comment_status":"closed","ping_status":"open","template":"","meta":[],"product_brand":[],"product_cat":[2319,1856,2318,2320],"product_tag":[873,2322,2370],"class_list":{"0":"post-24418","1":"product","2":"type-product","3":"status-publish","4":"has-post-thumbnail","6":"product_cat-claresa-make-up","7":"product_cat-make-up","8":"product_cat-occhi","9":"product_cat-occhi-claresa-make-up","10":"product_tag-flash","11":"product_tag-ombretto","12":"product_tag-shimmer","14":"first","15":"instock","16":"shipping-taxable","17":"purchasable","18":"product-type-simple"},"_links":{"self":[{"href":"https:\/\/serverdedicato.lovenailsrivenditore.com\/index.php?rest_route=\/wp\/v2\/product\/24418","targetHints":{"allow":["GET"]}}],"collection":[{"href":"https:\/\/serverdedicato.lovenailsrivenditore.com\/index.php?rest_route=\/wp\/v2\/product"}],"about":[{"href":"https:\/\/serverdedicato.lovenailsrivenditore.com\/index.php?rest_route=\/wp\/v2\/types\/product"}],"replies":[{"embeddable":true,"href":"https:\/\/serverdedicato.lovenailsrivenditore.com\/index.php?rest_route=%2Fwp%2Fv2%2Fcomments&post=24418"}],"wp:featuredmedia":[{"embeddable":true,"href":"https:\/\/serverdedicato.lovenailsrivenditore.com\/index.php?rest_route=\/wp\/v2\/media\/24419"}],"wp:attachment":[{"href":"https:\/\/serverdedicato.lovenailsrivenditore.com\/index.php?rest_route=%2Fwp%2Fv2%2Fmedia&parent=24418"}],"wp:term":[{"taxonomy":"product_brand","embeddable":true,"href":"https:\/\/serverdedicato.lovenailsrivenditore.com\/index.php?rest_route=%2Fwp%2Fv2%2Fproduct_brand&post=24418"},{"taxonomy":"product_cat","embeddable":true,"href":"https:\/\/serverdedicato.lovenailsrivenditore.com\/index.php?rest_route=%2Fwp%2Fv2%2Fproduct_cat&post=24418"},{"taxonomy":"product_tag","embeddable":true,"href":"https:\/\/serverdedicato.lovenailsrivenditore.com\/index.php?rest_route=%2Fwp%2Fv2%2Fproduct_tag&post=24418"}],"curies":[{"name":"wp","href":"https:\/\/api.w.org\/{rel}","templated":true}]}}