{"id":24470,"date":"2024-08-30T10:36:14","date_gmt":"2024-08-30T08:36:14","guid":{"rendered":"https:\/\/serverdedicato.lovenailsrivenditore.com\/?product=claresa-matita-occhi-easy-on-the-eye-04-purple-daisy"},"modified":"2026-04-18T13:19:21","modified_gmt":"2026-04-18T11:19:21","slug":"claresa-matita-occhi-easy-on-the-eye-04-purple-daisy","status":"publish","type":"product","link":"https:\/\/serverdedicato.lovenailsrivenditore.com\/?product=claresa-matita-occhi-easy-on-the-eye-04-purple-daisy","title":{"rendered":"CLARESA &#8211; MATITA OCCHI &#8211; EASY ON THE EYE &#8211; 04 PURPLE DAISY"},"content":{"rendered":"<p>Ecco la matita perfetta! Applicazione morbida e durata del colore per tutto il giorno: con un aspetto gradevole \u00e8 davvero FACILE! La matita scivola dolcemente sulla palpebra e poi si fissa, restando con te per tutto il giorno, senza sbavature. Inoltre, la sua finitura opaca e l&#8217;elevata pigmentazione renderanno il tuo trucco molto professionale!<\/p>\n<p>&nbsp;<\/p>\n<p>CURIOSITA&#8217;<\/p>\n<p>Una formula cos\u00ec cremosa racchiusa in un confezionamento automatico?! FACILE! La consistenza della matita \u00e8 stata studiata per essere sufficientemente morbida da scivolare dolcemente sulla pelle, e allo stesso tempo per essere compatta e non rompersi. La sua composizione comprende vitamina E e cera carnauba, che si prenderanno cura della tua pelle. Inoltre, il pastello non contiene ingredienti di origine animale, rendendolo la scelta ideale per vegani e vegetariani.<\/p>\n<p>&nbsp;<\/p>\n<p>APP<\/p>\n<p>Puoi usare le matite occhi facili in vari modi! Non solo puoi applicarlo per creare una linea sulla palpebra, ma grazie al fatto che si fonde perfettamente, puoi facilmente creare occhi smoky con esso.<\/p>\n<p>&nbsp;<\/p>\n<p>TRUCCO DEI TRUCCATORI<\/p>\n<p>Scegli uno dei colori e usalo come base per un&#8217;ombra brillante! Applica l&#8217;eyeliner sulla palpebra in movimento, sfumalo e poi tampona la tonalit\u00e0 selezionata. La lucentezza diventer\u00e0 molto pi\u00f9 intensa e il colore assumer\u00e0 una nuova dimensione! O forse una linea evidenziata? Afferra con attenzione e lasciati trasportare dalla tua fantasia di trucco!<\/p>\n","protected":false},"excerpt":{"rendered":"<p>Ecco la matita perfetta! Applicazione morbida e durata del colore per tutto il giorno: con un aspetto gradevole \u00e8 davvero FACILE! La matita scivola dolcemente sulla palpebra e poi si fissa, restando con te per tutto il giorno, senza sbavature. Inoltre, la sua finitura opaca e l&#8217;elevata pigmentazione renderanno il tuo trucco molto professionale!<\/p>\n","protected":false},"featured_media":24471,"comment_status":"closed","ping_status":"open","template":"","meta":[],"product_brand":[],"product_cat":[2319,1856,2320,2318],"product_tag":[511,2381,2382],"class_list":{"0":"post-24470","1":"product","2":"type-product","3":"status-publish","4":"has-post-thumbnail","6":"product_cat-claresa-make-up","7":"product_cat-make-up","8":"product_cat-occhi-claresa-make-up","9":"product_cat-occhi","10":"product_tag-black","11":"product_tag-eyes","12":"product_tag-matita-occhi","14":"first","15":"instock","16":"shipping-taxable","17":"purchasable","18":"product-type-simple"},"_links":{"self":[{"href":"https:\/\/serverdedicato.lovenailsrivenditore.com\/index.php?rest_route=\/wp\/v2\/product\/24470","targetHints":{"allow":["GET"]}}],"collection":[{"href":"https:\/\/serverdedicato.lovenailsrivenditore.com\/index.php?rest_route=\/wp\/v2\/product"}],"about":[{"href":"https:\/\/serverdedicato.lovenailsrivenditore.com\/index.php?rest_route=\/wp\/v2\/types\/product"}],"replies":[{"embeddable":true,"href":"https:\/\/serverdedicato.lovenailsrivenditore.com\/index.php?rest_route=%2Fwp%2Fv2%2Fcomments&post=24470"}],"wp:featuredmedia":[{"embeddable":true,"href":"https:\/\/serverdedicato.lovenailsrivenditore.com\/index.php?rest_route=\/wp\/v2\/media\/24471"}],"wp:attachment":[{"href":"https:\/\/serverdedicato.lovenailsrivenditore.com\/index.php?rest_route=%2Fwp%2Fv2%2Fmedia&parent=24470"}],"wp:term":[{"taxonomy":"product_brand","embeddable":true,"href":"https:\/\/serverdedicato.lovenailsrivenditore.com\/index.php?rest_route=%2Fwp%2Fv2%2Fproduct_brand&post=24470"},{"taxonomy":"product_cat","embeddable":true,"href":"https:\/\/serverdedicato.lovenailsrivenditore.com\/index.php?rest_route=%2Fwp%2Fv2%2Fproduct_cat&post=24470"},{"taxonomy":"product_tag","embeddable":true,"href":"https:\/\/serverdedicato.lovenailsrivenditore.com\/index.php?rest_route=%2Fwp%2Fv2%2Fproduct_tag&post=24470"}],"curies":[{"name":"wp","href":"https:\/\/api.w.org\/{rel}","templated":true}]}}