{"id":24476,"date":"2024-08-30T13:17:36","date_gmt":"2024-08-30T11:17:36","guid":{"rendered":"https:\/\/serverdedicato.lovenailsrivenditore.com\/?product=claresa-nude-n-122-5gr"},"modified":"2026-04-18T13:19:30","modified_gmt":"2026-04-18T11:19:30","slug":"claresa-nude-n-122-5gr","status":"publish","type":"product","link":"https:\/\/serverdedicato.lovenailsrivenditore.com\/?product=claresa-nude-n-122-5gr","title":{"rendered":"CLARESA &#8211; NUDE n.122-  5gr"},"content":{"rendered":"<p><span>Non tutti i design delle unghie devono essere brillanti ed espressivi. A volte hai voglia di fare qualcosa di semplice e molto femminile? Se \u00e8 cos\u00ec, nella vostra collezione <\/span><strong><span>non pu\u00f2 mancare lo smalto ibrido Nude 122<\/span><\/strong><span>\u00a0in un delicato colore rosa.<\/span><\/p>\n<p><span>Il colore sar\u00e0 una base ideale per\u00a0<\/span><strong><span>la french manicure, e sar\u00e0 perfetto anche per lo styling delle babyboomer<\/span><\/strong><span>\u00a0. O forse ne troverai un altro uso? Sicuramente lo fai: crea la manicure pi\u00f9 bella con il rosa pallido.<\/span><\/p>\n<p><strong><span>PROPRIET\u00c0:\u00a0<\/span><\/strong><\/p>\n<ul>\n<li><span>applicazione senza problemi, senza fuoriuscita delle cuticole<\/span><\/li>\n<li><span>lucentezza intensa<\/span><\/li>\n<li><span>perfetto, media densit\u00e0<\/span><\/li>\n<li><span>durata fino a 3 settimane<\/span><\/li>\n<li><span>capacit\u00e0: 5 g<\/span><\/li>\n<\/ul>\n<p><strong><span>UTILIZZO:\u00a0<\/span><\/strong><\/p>\n<p><span>Applicare uno strato sottile di vernice ibrida colorata sulla base ibrida Claresa precedentemente indurita e polimerizzarla in una lampada UV\/LED. Puoi ripetere l&#8217;azione per ottenere un effetto soddisfacente. Fissare lo styling applicando e polimerizzando TOP Claresa.<\/span><\/p>\n","protected":false},"excerpt":{"rendered":"<p>Non tutti i design delle unghie devono essere brillanti ed espressivi. A volte hai voglia di fare qualcosa di semplice e molto femminile? Se \u00e8 cos\u00ec, nella vostra collezione <strong>non pu\u00f2 mancare lo smalto ibrido Nude 122<\/strong>\u00a0in un delicato colore rosa.<\/p>\n<p>Il colore sar\u00e0 una base ideale per\u00a0<strong>la french manicure, e sar\u00e0 perfetto anche per lo styling delle babyboomer<\/strong>\u00a0. O forse ne troverai un altro uso? Sicuramente lo fai: crea la manicure pi\u00f9 bella con il rosa pallido.<\/p>\n","protected":false},"featured_media":24477,"comment_status":"closed","ping_status":"open","template":"","meta":[],"product_brand":[],"product_cat":[1507,1560,239,1509],"product_tag":[234,2383],"class_list":{"0":"post-24476","1":"product","2":"type-product","3":"status-publish","4":"has-post-thumbnail","6":"product_cat-claresa","7":"product_cat-colori-semipermanente-claresa","8":"product_cat-semipermanente","9":"product_cat-top-brand-professionali-unghie","10":"product_tag-nude","11":"product_tag-nude-122","13":"first","14":"instock","15":"shipping-taxable","16":"purchasable","17":"product-type-simple"},"_links":{"self":[{"href":"https:\/\/serverdedicato.lovenailsrivenditore.com\/index.php?rest_route=\/wp\/v2\/product\/24476","targetHints":{"allow":["GET"]}}],"collection":[{"href":"https:\/\/serverdedicato.lovenailsrivenditore.com\/index.php?rest_route=\/wp\/v2\/product"}],"about":[{"href":"https:\/\/serverdedicato.lovenailsrivenditore.com\/index.php?rest_route=\/wp\/v2\/types\/product"}],"replies":[{"embeddable":true,"href":"https:\/\/serverdedicato.lovenailsrivenditore.com\/index.php?rest_route=%2Fwp%2Fv2%2Fcomments&post=24476"}],"wp:featuredmedia":[{"embeddable":true,"href":"https:\/\/serverdedicato.lovenailsrivenditore.com\/index.php?rest_route=\/wp\/v2\/media\/24477"}],"wp:attachment":[{"href":"https:\/\/serverdedicato.lovenailsrivenditore.com\/index.php?rest_route=%2Fwp%2Fv2%2Fmedia&parent=24476"}],"wp:term":[{"taxonomy":"product_brand","embeddable":true,"href":"https:\/\/serverdedicato.lovenailsrivenditore.com\/index.php?rest_route=%2Fwp%2Fv2%2Fproduct_brand&post=24476"},{"taxonomy":"product_cat","embeddable":true,"href":"https:\/\/serverdedicato.lovenailsrivenditore.com\/index.php?rest_route=%2Fwp%2Fv2%2Fproduct_cat&post=24476"},{"taxonomy":"product_tag","embeddable":true,"href":"https:\/\/serverdedicato.lovenailsrivenditore.com\/index.php?rest_route=%2Fwp%2Fv2%2Fproduct_tag&post=24476"}],"curies":[{"name":"wp","href":"https:\/\/api.w.org\/{rel}","templated":true}]}}