{"id":24491,"date":"2024-08-30T13:54:10","date_gmt":"2024-08-30T11:54:10","guid":{"rendered":"https:\/\/serverdedicato.lovenailsrivenditore.com\/?product=claresa-soft-e-easy-skin-cover-12gr"},"modified":"2026-04-18T13:19:43","modified_gmt":"2026-04-18T11:19:43","slug":"claresa-soft-e-easy-skin-cover-12gr","status":"publish","type":"product","link":"https:\/\/serverdedicato.lovenailsrivenditore.com\/?product=claresa-soft-e-easy-skin-cover-12gr","title":{"rendered":"CLARESA &#8211; SOFT E EASY &#8211; SKIN COVER 12gr"},"content":{"rendered":"<p>Stai cercando un modo per\u00a0 indurire <strong>facilmente<\/strong>\u00a0\u00a0la lamina ungueale naturale o allungare le unghie? Il nostro\u00a0\u00a0<strong>SOFT&amp;EASY BUILDER GEL\u00a0<\/strong>\u00a0\u00e8 il prodotto che fa per te!<\/p>\n<p>La formula innovativa del gel dalla struttura e densit\u00e0 uniche\u00a0\u00a0<strong>lo rende facile da livellare<\/strong>\u00a0, rendendolo permissivo anche per gli utilizzatori inesperti, e\u00a0\u00a0<strong>la rapidit\u00e0<\/strong>\u00a0\u00a0di lavoro \u00e8 agevolata anche dalla memoria liquida che ne impedisce lo scorrimento sulle cuticole. Lo styling con\u00a0\u00a0<strong>SOFT&amp;EASY non richiede limatura o finitura<\/strong>\u00a0\u00a0: basta pulire lo strato di dispersione con Cleaner e le unghie intensamente lucenti sono pronte!<\/p>\n<p>La moderna ricetta del gel dall&#8217;ottima adesione* permette di livellare, indurire ed estendere la lamina ungueale anche con uno strato sottile, garantendo allo styling\u00a0\u00a0<strong>un aspetto simile alla lamina ungueale naturale\u00a0<\/strong>\u00a0con\u00a0\u00a0<strong>una durata di almeno 4 settimane<\/strong>\u00a0(!). Inoltre impedisce alle unghie di rompersi e sgretolarsi, consentendo\u00a0\u00a0<strong>loro di crescere molto pi\u00f9 a lungo<\/strong>\u00a0. La speciale formula, grazie alla bassa temperatura di polimerizzazione,\u00a0\u00a0<strong>riduce al minimo il calore in lampada<\/strong>\u00a0.<\/p>\n<p><strong>COLORE:<\/strong><\/p>\n<ul>\n<li>SKIN COVER \u2013 un colore nude, perfetto per coprire eventuali imperfezioni della lamina ungueale. Si sposa perfettamente con qualsiasi tonalit\u00e0 della pelle, perfetto come smalto a s\u00e9 stante o come base per colori pi\u00f9 intensi.<\/li>\n<\/ul>\n<p>Provalo e scoprirai che da oggi\u00a0\u00a0<strong>SOFT&amp;EASY BUILDER GEL \u00e8 il tuo #musthave!<\/strong><\/p>\n<p><strong>Caratteristiche principali:<\/strong><\/p>\n<ul>\n<li>Autolivellante, con memoria liquida \u2013 FACILE!<\/li>\n<li><strong>Multifunzionale<\/strong>\u00a0\u00a0\u2013 VELOCE!*<\/li>\n<li>Con eccellente adesione* ed elevata durata \u2013 PER LUNGO TEMPO!<\/li>\n<li>Con lucentezza intensa \u2013 BELLISSIMO!<\/li>\n<li>Con una formula che NON SVILUPPA CALORE IN LAMPADA!<\/li>\n<li>Applicazione: integrazione e indurimento della lamina ungueale naturale e allungamento delle unghie &#8211; BINGO!<\/li>\n<\/ul>\n<p>&nbsp;<\/p>\n<p>*Ricorda che ogni lamina ungueale \u00e8 diversa e richiede un approccio individuale, quindi, in caso di unghie particolarmente esigenti, puoi utilizzare la tua Base Claresa preferita per rafforzare l&#8217;adesione del gel.<\/p>\n","protected":false},"excerpt":{"rendered":"<p>Stai cercando un modo per\u00a0 indurire <strong>facilmente<\/strong>\u00a0\u00a0la lamina ungueale naturale o allungare le unghie? Il nostro\u00a0\u00a0<strong>SOFT&amp;EASY BUILDER GEL\u00a0<\/strong>\u00a0\u00e8 il prodotto che fa per te!<\/p>\n<p>La formula innovativa del gel dalla struttura e densit\u00e0 uniche\u00a0\u00a0<strong>lo rende facile da livellare<\/strong>\u00a0, rendendolo permissivo anche per gli utilizzatori inesperti, e\u00a0\u00a0<strong>la rapidit\u00e0<\/strong>\u00a0\u00a0di lavoro \u00e8 agevolata anche dalla memoria liquida che ne impedisce lo scorrimento sulle cuticole. Lo styling con\u00a0\u00a0<strong>SOFT&amp;EASY non richiede limatura o finitura<\/strong>\u00a0\u00a0: basta pulire lo strato di dispersione con Cleaner e le unghie intensamente lucenti sono pronte!<\/p>\n","protected":false},"featured_media":24360,"comment_status":"closed","ping_status":"open","template":"","meta":[],"product_brand":[],"product_cat":[1507,1508,89,1509],"product_tag":[227,2375,2376],"class_list":{"0":"post-24491","1":"product","2":"type-product","3":"status-publish","4":"has-post-thumbnail","6":"product_cat-claresa","7":"product_cat-costruttori-claresa","8":"product_cat-super-saldi-di-gennaio","9":"product_cat-top-brand-professionali-unghie","10":"product_tag-costruttore","11":"product_tag-skin-cover","12":"product_tag-soft-e-easy-nude","14":"first","15":"instock","16":"shipping-taxable","17":"purchasable","18":"product-type-simple"},"_links":{"self":[{"href":"https:\/\/serverdedicato.lovenailsrivenditore.com\/index.php?rest_route=\/wp\/v2\/product\/24491","targetHints":{"allow":["GET"]}}],"collection":[{"href":"https:\/\/serverdedicato.lovenailsrivenditore.com\/index.php?rest_route=\/wp\/v2\/product"}],"about":[{"href":"https:\/\/serverdedicato.lovenailsrivenditore.com\/index.php?rest_route=\/wp\/v2\/types\/product"}],"replies":[{"embeddable":true,"href":"https:\/\/serverdedicato.lovenailsrivenditore.com\/index.php?rest_route=%2Fwp%2Fv2%2Fcomments&post=24491"}],"wp:featuredmedia":[{"embeddable":true,"href":"https:\/\/serverdedicato.lovenailsrivenditore.com\/index.php?rest_route=\/wp\/v2\/media\/24360"}],"wp:attachment":[{"href":"https:\/\/serverdedicato.lovenailsrivenditore.com\/index.php?rest_route=%2Fwp%2Fv2%2Fmedia&parent=24491"}],"wp:term":[{"taxonomy":"product_brand","embeddable":true,"href":"https:\/\/serverdedicato.lovenailsrivenditore.com\/index.php?rest_route=%2Fwp%2Fv2%2Fproduct_brand&post=24491"},{"taxonomy":"product_cat","embeddable":true,"href":"https:\/\/serverdedicato.lovenailsrivenditore.com\/index.php?rest_route=%2Fwp%2Fv2%2Fproduct_cat&post=24491"},{"taxonomy":"product_tag","embeddable":true,"href":"https:\/\/serverdedicato.lovenailsrivenditore.com\/index.php?rest_route=%2Fwp%2Fv2%2Fproduct_tag&post=24491"}],"curies":[{"name":"wp","href":"https:\/\/api.w.org\/{rel}","templated":true}]}}