{"id":24761,"date":"2024-09-05T15:31:33","date_gmt":"2024-09-05T13:31:33","guid":{"rendered":"https:\/\/serverdedicato.lovenailsrivenditore.com\/?product=love-nails-easy-tixy-gold-giorgina-50gr"},"modified":"2026-04-18T13:23:57","modified_gmt":"2026-04-18T11:23:57","slug":"love-nails-easy-tixy-gold-giorgina-50gr","status":"publish","type":"product","link":"https:\/\/serverdedicato.lovenailsrivenditore.com\/?product=love-nails-easy-tixy-gold-giorgina-50gr","title":{"rendered":"LOVE NAILS &#8211; Easy Tixy &#8211; GOLD GIORGINA &#8211; 50gr"},"content":{"rendered":"<p><strong>Easy TIxy Builder Gel<\/strong> \u00e8 un gel che possiede propriet\u00e0 ricostruttive e rinforzanti ed \u00e8 perfetto per qualsiasi tipo di lavoro.<\/p>\n<p>E&#8217; un costruttore monofasico, quindi non necessita di base ( consigliamo per\u00f2 sempre l&#8217;utilizzo di una base aggrappante per avere la massima adesione ed un lavoro piu&#8217; duraturo)<\/p>\n<p>La combinazione di propriet\u00e0 autolivellanti e tissotropia garantisce un prodotto che non cola e quindi adatto anche alle meno esperte.<\/p>\n<p>La formula in gel permette di utilizzare la tecnica senza limatura, accorciando i tempi di lavoro e minimizzando la quantit\u00e0 di prodotto utilizzato.<\/p>\n<p>Funziona perfettamente con la lamina ungueale naturale e\u00a0 con allungamenti sia in dual form che nail form.<\/p>\n<p>Grazie all\u2019utilizzo di una speciale formula senza calore, la sensazione di calore in lampada \u00e8 stata ridotta al minimo.<\/p>\n<p><strong>Caratteristiche dei gel della serie\u00a0 EasyTixy Builder Gel:<\/strong><\/p>\n<ul>\n<li>Perfetto per la tecnica senza limatura.<\/li>\n<li>Propriet\u00e0 autolivellanti: Adatto alla tecnica senza limatura<\/li>\n<li>Funziona perfettamente con la lamina ungueale naturale.<\/li>\n<li>La speciale formula riduce al minimo il calore in lampada.<\/li>\n<li>Disponibile in 8 colorazioni con copertura del 90%.<\/li>\n<\/ul>\n<p><strong>Colore:\u00a0<\/strong> Beige Nude con microglitter oro<\/p>\n<p><strong>Tempo di polimerizzazione:<\/strong>\u00a0lampada LED\/UV 48W \u2013 60 sec.<\/p>\n<p><strong>Pinzatura<\/strong>: Circa 10 sec.<\/p>\n<p><strong>Avvertenze:<\/strong><\/p>\n<ul>\n<li>Prodotto solo per uso professionale.<\/li>\n<li>Tenere lontano dai bambini.<\/li>\n<li>Pu\u00f2 causare una reazione allergica.<\/li>\n<li>Si prega di leggere attentamente le istruzioni per l\u2019uso.<\/li>\n<\/ul>\n","protected":false},"excerpt":{"rendered":"<p><strong>Easy TIxy Builder Gel<\/strong> \u00e8 un gel che possiede propriet\u00e0 ricostruttive e rinforzanti ed \u00e8 perfetto per qualsiasi tipo di lavoro.<\/p>\n<p>E&#8217; un costruttore monofasico, quindi non necessita di base ( consigliamo per\u00f2 sempre l&#8217;utilizzo di una base aggrappante per avere la massima adesione ed un lavoro piu&#8217; duraturo)<\/p>\n<p>La combinazione di propriet\u00e0 autolivellanti e tissotropia garantisce un prodotto che non cola e quindi adatto anche alle meno esperte.<\/p>\n<p>La formula in gel permette di utilizzare la tecnica senza limatura, accorciando i tempi di lavoro e minimizzando la quantit\u00e0 di prodotto utilizzato.<\/p>\n<p>Funziona perfettamente con la lamina ungueale naturale e\u00a0 con allungamenti sia in dual form che nail form.<\/p>\n<p>Grazie all\u2019utilizzo di una speciale formula senza calore, la sensazione di calore in lampada \u00e8 stata ridotta al minimo.<\/p>\n","protected":false},"featured_media":24762,"comment_status":"closed","ping_status":"open","template":"","meta":[],"product_brand":[],"product_cat":[1925,224,223,1896],"product_tag":[2396,2033,1897],"class_list":{"0":"post-24761","1":"product","2":"type-product","3":"status-publish","4":"has-post-thumbnail","6":"product_cat-costruttori-love-nails","7":"product_cat-costruttori","8":"product_cat-gel-uv","9":"product_cat-love-nails","10":"product_tag-easy-tixy","11":"product_tag-gel-costruttore","12":"product_tag-love-nails","14":"first","15":"instock","16":"shipping-taxable","17":"purchasable","18":"product-type-simple"},"_links":{"self":[{"href":"https:\/\/serverdedicato.lovenailsrivenditore.com\/index.php?rest_route=\/wp\/v2\/product\/24761","targetHints":{"allow":["GET"]}}],"collection":[{"href":"https:\/\/serverdedicato.lovenailsrivenditore.com\/index.php?rest_route=\/wp\/v2\/product"}],"about":[{"href":"https:\/\/serverdedicato.lovenailsrivenditore.com\/index.php?rest_route=\/wp\/v2\/types\/product"}],"replies":[{"embeddable":true,"href":"https:\/\/serverdedicato.lovenailsrivenditore.com\/index.php?rest_route=%2Fwp%2Fv2%2Fcomments&post=24761"}],"wp:featuredmedia":[{"embeddable":true,"href":"https:\/\/serverdedicato.lovenailsrivenditore.com\/index.php?rest_route=\/wp\/v2\/media\/24762"}],"wp:attachment":[{"href":"https:\/\/serverdedicato.lovenailsrivenditore.com\/index.php?rest_route=%2Fwp%2Fv2%2Fmedia&parent=24761"}],"wp:term":[{"taxonomy":"product_brand","embeddable":true,"href":"https:\/\/serverdedicato.lovenailsrivenditore.com\/index.php?rest_route=%2Fwp%2Fv2%2Fproduct_brand&post=24761"},{"taxonomy":"product_cat","embeddable":true,"href":"https:\/\/serverdedicato.lovenailsrivenditore.com\/index.php?rest_route=%2Fwp%2Fv2%2Fproduct_cat&post=24761"},{"taxonomy":"product_tag","embeddable":true,"href":"https:\/\/serverdedicato.lovenailsrivenditore.com\/index.php?rest_route=%2Fwp%2Fv2%2Fproduct_tag&post=24761"}],"curies":[{"name":"wp","href":"https:\/\/api.w.org\/{rel}","templated":true}]}}