{"id":24795,"date":"2024-09-09T16:11:25","date_gmt":"2024-09-09T14:11:25","guid":{"rendered":"https:\/\/serverdedicato.lovenailsrivenditore.com\/?product=love-nails-primer-non-acido-15ml"},"modified":"2026-04-18T13:24:36","modified_gmt":"2026-04-18T11:24:36","slug":"love-nails-primer-non-acido-15ml","status":"publish","type":"product","link":"https:\/\/serverdedicato.lovenailsrivenditore.com\/?product=love-nails-primer-non-acido-15ml","title":{"rendered":"LOVE NAILS &#8211; PRIMER NON ACIDO &#8211; 15ml"},"content":{"rendered":"<p>Il primer non acido <strong>LOVE NAILS<\/strong> \u00e8 particolarmente efficace combinato con quello acido su unghie difficili poich\u00e9 contiene Hydroquinone ovvero un promotore di aderenza.<\/p>\n<p>Applicarlo dopo il Nail prep e prima di applicare la base per migliorare la durata dei trattamenti.<\/p>\n<p>Questo tipo di preparatore \u00e8 molto delicato ed \u00e8 consigliato soprattutto a donne in gravidanza poich\u00e9 non ha un forte odore.<\/p>\n<p>E&#8217; indicato per unghie normali, quindi, non problematiche.<\/p>\n<p>Ha uno strato adesivo che permette un ottima adesione con il prodotto successivo, garantendone un ottima durata.<\/p>\n","protected":false},"excerpt":{"rendered":"<p>Il primer non acido <strong>LOVE NAILS<\/strong> \u00e8 particolarmente efficace combinato con quello acido su unghie difficili poich\u00e9 contiene Hydroquinone ovvero un promotore di aderenza.<\/p>\n<p>Applicarlo dopo il Nail prep e prima di applicare la base per migliorare la durata dei trattamenti.<\/p>\n<p>Questo tipo di preparatore \u00e8 molto delicato ed \u00e8 consigliato soprattutto a donne in gravidanza poich\u00e9 non ha un forte odore.<\/p>\n<p>E&#8217; indicato per unghie normali, quindi, non problematiche.<\/p>\n<p>Ha uno strato adesivo che permette un ottima adesione con il prodotto successivo, garantendone un ottima durata.<\/p>\n","protected":false},"featured_media":24796,"comment_status":"closed","ping_status":"open","template":"","meta":[],"product_brand":[],"product_cat":[2398,208,1896,209],"product_tag":[2400,2401,694],"class_list":{"0":"post-24795","1":"product","2":"type-product","3":"status-publish","4":"has-post-thumbnail","6":"product_cat-liquidi-e-preparatori-love-nails","7":"product_cat-liquidi-e-preparatori-2","8":"product_cat-love-nails","9":"product_cat-preparatori","10":"product_tag-primer-love-nails","11":"product_tag-primer-non-acid","12":"product_tag-primer-non-acido","14":"first","15":"instock","16":"shipping-taxable","17":"purchasable","18":"product-type-simple"},"_links":{"self":[{"href":"https:\/\/serverdedicato.lovenailsrivenditore.com\/index.php?rest_route=\/wp\/v2\/product\/24795","targetHints":{"allow":["GET"]}}],"collection":[{"href":"https:\/\/serverdedicato.lovenailsrivenditore.com\/index.php?rest_route=\/wp\/v2\/product"}],"about":[{"href":"https:\/\/serverdedicato.lovenailsrivenditore.com\/index.php?rest_route=\/wp\/v2\/types\/product"}],"replies":[{"embeddable":true,"href":"https:\/\/serverdedicato.lovenailsrivenditore.com\/index.php?rest_route=%2Fwp%2Fv2%2Fcomments&post=24795"}],"wp:featuredmedia":[{"embeddable":true,"href":"https:\/\/serverdedicato.lovenailsrivenditore.com\/index.php?rest_route=\/wp\/v2\/media\/24796"}],"wp:attachment":[{"href":"https:\/\/serverdedicato.lovenailsrivenditore.com\/index.php?rest_route=%2Fwp%2Fv2%2Fmedia&parent=24795"}],"wp:term":[{"taxonomy":"product_brand","embeddable":true,"href":"https:\/\/serverdedicato.lovenailsrivenditore.com\/index.php?rest_route=%2Fwp%2Fv2%2Fproduct_brand&post=24795"},{"taxonomy":"product_cat","embeddable":true,"href":"https:\/\/serverdedicato.lovenailsrivenditore.com\/index.php?rest_route=%2Fwp%2Fv2%2Fproduct_cat&post=24795"},{"taxonomy":"product_tag","embeddable":true,"href":"https:\/\/serverdedicato.lovenailsrivenditore.com\/index.php?rest_route=%2Fwp%2Fv2%2Fproduct_tag&post=24795"}],"curies":[{"name":"wp","href":"https:\/\/api.w.org\/{rel}","templated":true}]}}