{"id":24842,"date":"2024-09-11T11:22:38","date_gmt":"2024-09-11T09:22:38","guid":{"rendered":"https:\/\/serverdedicato.lovenailsrivenditore.com\/?product=claresa-love-story-5ml-n-05"},"modified":"2026-04-18T13:25:33","modified_gmt":"2026-04-18T11:25:33","slug":"claresa-love-story-5ml-n-05","status":"publish","type":"product","link":"https:\/\/serverdedicato.lovenailsrivenditore.com\/?product=claresa-love-story-5ml-n-05","title":{"rendered":"CLARESA &#8211; LOVE STORY 5ml &#8211; n.05"},"content":{"rendered":"<p><strong><span>Love Story 5 <\/span><\/strong><span>\u00a0Il suo colore ricorda le ortensie, le dalie e i giacinti in fiore, per cui puoi immediatamente percepire l&#8217;atmosfera gioiosa. Quando ti prepari per un appuntamento, scegli questo colore &#8211; e chiss\u00e0, forse la tua dolce met\u00e0 ti sorprender\u00e0 con un mazzo di fiori in questa tonalit\u00e0?<\/span><\/p>\n<p><strong><span>PROPRIET\u00c0:\u00a0<\/span><\/strong><\/p>\n<ul>\n<li><span>applicazione senza problemi, senza allagare le cuticole<\/span><\/li>\n<li><span>lucentezza intensa<\/span><\/li>\n<li><span>perfetto, media densit\u00e0<\/span><\/li>\n<li><span>durata fino a 3 settimane<\/span><\/li>\n<li><span>capacit\u00e0: 5 g<\/span><\/li>\n<\/ul>\n<p>&nbsp;<\/p>\n","protected":false},"excerpt":{"rendered":"<p><strong>Love Story 5 <\/strong>\u00a0Il suo colore ricorda le ortensie, le dalie e i giacinti in fiore, per cui puoi immediatamente percepire l&#8217;atmosfera gioiosa. Quando ti prepari per un appuntamento, scegli questo colore &#8211; e chiss\u00e0, forse la tua dolce met\u00e0 ti sorprender\u00e0 con un mazzo di fiori in questa tonalit\u00e0?<\/p>\n<p><strong>PROPRIET\u00c0:\u00a0<\/strong><\/p>\n<ul>\n<li>applicazione senza problemi, senza allagare le cuticole<\/li>\n<li>lucentezza intensa<\/li>\n<li>perfetto, media densit\u00e0<\/li>\n<li>durata fino a 3 settimane<\/li>\n<li>capacit\u00e0: 5 g<\/li>\n<\/ul>\n","protected":false},"featured_media":24843,"comment_status":"closed","ping_status":"open","template":"","meta":[],"product_brand":[],"product_cat":[1507,1560,1509],"product_tag":[49,1562],"class_list":{"0":"post-24842","1":"product","2":"type-product","3":"status-publish","4":"has-post-thumbnail","6":"product_cat-claresa","7":"product_cat-colori-semipermanente-claresa","8":"product_cat-top-brand-professionali-unghie","9":"product_tag-fucsia","10":"product_tag-love-story","12":"first","13":"outofstock","14":"shipping-taxable","15":"purchasable","16":"product-type-simple"},"_links":{"self":[{"href":"https:\/\/serverdedicato.lovenailsrivenditore.com\/index.php?rest_route=\/wp\/v2\/product\/24842","targetHints":{"allow":["GET"]}}],"collection":[{"href":"https:\/\/serverdedicato.lovenailsrivenditore.com\/index.php?rest_route=\/wp\/v2\/product"}],"about":[{"href":"https:\/\/serverdedicato.lovenailsrivenditore.com\/index.php?rest_route=\/wp\/v2\/types\/product"}],"replies":[{"embeddable":true,"href":"https:\/\/serverdedicato.lovenailsrivenditore.com\/index.php?rest_route=%2Fwp%2Fv2%2Fcomments&post=24842"}],"wp:featuredmedia":[{"embeddable":true,"href":"https:\/\/serverdedicato.lovenailsrivenditore.com\/index.php?rest_route=\/wp\/v2\/media\/24843"}],"wp:attachment":[{"href":"https:\/\/serverdedicato.lovenailsrivenditore.com\/index.php?rest_route=%2Fwp%2Fv2%2Fmedia&parent=24842"}],"wp:term":[{"taxonomy":"product_brand","embeddable":true,"href":"https:\/\/serverdedicato.lovenailsrivenditore.com\/index.php?rest_route=%2Fwp%2Fv2%2Fproduct_brand&post=24842"},{"taxonomy":"product_cat","embeddable":true,"href":"https:\/\/serverdedicato.lovenailsrivenditore.com\/index.php?rest_route=%2Fwp%2Fv2%2Fproduct_cat&post=24842"},{"taxonomy":"product_tag","embeddable":true,"href":"https:\/\/serverdedicato.lovenailsrivenditore.com\/index.php?rest_route=%2Fwp%2Fv2%2Fproduct_tag&post=24842"}],"curies":[{"name":"wp","href":"https:\/\/api.w.org\/{rel}","templated":true}]}}