{"id":24864,"date":"2024-09-13T07:12:38","date_gmt":"2024-09-13T05:12:38","guid":{"rendered":"https:\/\/serverdedicato.lovenailsrivenditore.com\/?product=claresa-base-base-5gr"},"modified":"2026-04-18T13:25:54","modified_gmt":"2026-04-18T11:25:54","slug":"claresa-base-base-5gr","status":"publish","type":"product","link":"https:\/\/serverdedicato.lovenailsrivenditore.com\/?product=claresa-base-base-5gr","title":{"rendered":"CLARESA &#8211; BASE BASE &#8211; 5gr"},"content":{"rendered":"<p><strong><span>Base Base<\/span><\/strong><span> \u00e8 una base ibrida universale che costituir\u00e0 la base perfetta per lo styling di mani e piedi. La sua formula \u00e8 autolivellante e garantisce un lavoro facile e confortevole. Pu\u00f2 essere utilizzato direttamente prima del semipermanente, ma anche come base prima di gel\/acrygel. La base ha un&#8217;elevata adesione e consente di livellare delicatamente la superficie dell&#8217;unghia. \u00c8 adatto a qualsiasi tipo di lamina ungueale.<\/span><\/p>\n<p><strong>\u00a0<\/strong><\/p>\n<p><strong><span>PROPRIET\u00c0:<\/span><\/strong><\/p>\n<ul>\n<li><span>consistenza sottile<\/span><\/li>\n<li><span>elevata adesione e facile applicazione<\/span><\/li>\n<li><span>colore: trasparente<\/span><\/li>\n<li><span>autolivellante<\/span><\/li>\n<li><span>consente un livellamento delicato della piastrella<\/span><\/li>\n<li><span>capacit\u00e0: 5 g<\/span><\/li>\n<\/ul>\n<p>&nbsp;<\/p>\n<p><strong><span>UTILIZZO<\/span><\/strong><\/p>\n<p><span>Applicare uno strato di Base Base sulla lamina ungueale preparata e polimerizzare in lampada.<\/span><\/p>\n<p><strong><span>TEMPO DI POLIMERIZZAZIONE<\/span><\/strong><span> \u2013 min. 60 s<\/span><\/p>\n","protected":false},"excerpt":{"rendered":"<p><strong>Base Base<\/strong> \u00e8 una base ibrida universale che costituir\u00e0 la base perfetta per lo styling di mani e piedi. La sua formula \u00e8 autolivellante e garantisce un lavoro facile e confortevole. Pu\u00f2 essere utilizzato direttamente prima del semipermanente, ma anche come base prima di gel\/acrygel. La base ha un&#8217;elevata adesione e consente di livellare delicatamente la superficie dell&#8217;unghia. \u00c8 adatto a qualsiasi tipo di lamina ungueale.<\/p>\n","protected":false},"featured_media":24865,"comment_status":"closed","ping_status":"open","template":"","meta":[],"product_brand":[],"product_cat":[1519,1507,1509],"product_tag":[2412,1608],"class_list":{"0":"post-24864","1":"product","2":"type-product","3":"status-publish","4":"has-post-thumbnail","6":"product_cat-base-claresa","7":"product_cat-claresa","8":"product_cat-top-brand-professionali-unghie","9":"product_tag-base-base","10":"product_tag-base-claresa","12":"first","13":"instock","14":"shipping-taxable","15":"purchasable","16":"product-type-simple"},"_links":{"self":[{"href":"https:\/\/serverdedicato.lovenailsrivenditore.com\/index.php?rest_route=\/wp\/v2\/product\/24864","targetHints":{"allow":["GET"]}}],"collection":[{"href":"https:\/\/serverdedicato.lovenailsrivenditore.com\/index.php?rest_route=\/wp\/v2\/product"}],"about":[{"href":"https:\/\/serverdedicato.lovenailsrivenditore.com\/index.php?rest_route=\/wp\/v2\/types\/product"}],"replies":[{"embeddable":true,"href":"https:\/\/serverdedicato.lovenailsrivenditore.com\/index.php?rest_route=%2Fwp%2Fv2%2Fcomments&post=24864"}],"wp:featuredmedia":[{"embeddable":true,"href":"https:\/\/serverdedicato.lovenailsrivenditore.com\/index.php?rest_route=\/wp\/v2\/media\/24865"}],"wp:attachment":[{"href":"https:\/\/serverdedicato.lovenailsrivenditore.com\/index.php?rest_route=%2Fwp%2Fv2%2Fmedia&parent=24864"}],"wp:term":[{"taxonomy":"product_brand","embeddable":true,"href":"https:\/\/serverdedicato.lovenailsrivenditore.com\/index.php?rest_route=%2Fwp%2Fv2%2Fproduct_brand&post=24864"},{"taxonomy":"product_cat","embeddable":true,"href":"https:\/\/serverdedicato.lovenailsrivenditore.com\/index.php?rest_route=%2Fwp%2Fv2%2Fproduct_cat&post=24864"},{"taxonomy":"product_tag","embeddable":true,"href":"https:\/\/serverdedicato.lovenailsrivenditore.com\/index.php?rest_route=%2Fwp%2Fv2%2Fproduct_tag&post=24864"}],"curies":[{"name":"wp","href":"https:\/\/api.w.org\/{rel}","templated":true}]}}