{"id":24992,"date":"2024-09-18T17:12:46","date_gmt":"2024-09-18T15:12:46","guid":{"rendered":"https:\/\/serverdedicato.lovenailsrivenditore.com\/?product=claresa-lucidalabbra-chill-out-happy-go-lucky-n-15"},"modified":"2026-04-18T13:27:37","modified_gmt":"2026-04-18T11:27:37","slug":"claresa-lucidalabbra-chill-out-happy-go-lucky-n-15","status":"publish","type":"product","link":"https:\/\/serverdedicato.lovenailsrivenditore.com\/?product=claresa-lucidalabbra-chill-out-happy-go-lucky-n-15","title":{"rendered":"CLARESA- LUCIDALABBRA- CHILL OUT- HAPPY GO LUCKY n.15"},"content":{"rendered":"<p>Labbra sensuali grazie al volume aggiuntivo! CHILL OUT LIPGLOSS lucidalabbra rimpolpante ha un leggero effetto pizzicante derivante dalla stimolazione della microcircolazione da parte dell&#8217;estratto di peperoncino, rendendo le labbra pi\u00f9 carnose e il loro contorno pi\u00f9 regolare. Garantisce una lucentezza intensa e tridimensionale, non \u00e8 appiccicoso, non secca le labbra e ha un profumo meraviglioso di frutta estiva!<\/p>\n<p><strong>CURIOSIT\u00c0:\u00a0<\/strong><br \/>\nL&#8217;estratto di peperoncino contenuto nella formula vegana \u00e8 una fonte naturale di capsaicina, che dilata i vasi sanguigni, migliora la microcircolazione e rinforza le pareti dei vasi sanguigni. L&#8217;acido ialuronico, il glicole vegetale e un complesso vitaminico assicurano idratazione profonda e nutrimento dell&#8217;epidermide delle labbra, soggetta a secchezza.<\/p>\n<p><strong>APPLICAZIONE:<\/strong><br \/>\nApplica direttamente sulle labbra o sopra il tuo rossetto opaco preferito quando desideri un po&#8217; di lucentezza e volume sensuale.<\/p>\n<p><strong>IMMAGINE IL TRUCCO DELL&#8217;ARTISTA\u00a0<\/strong><strong>:\u00a0<\/strong><br \/>\nSe vuoi ottenere il massimo potere d&#8217;ingrandimento dal lucidalabbra, applicalo non solo sulle labbra stesse, ma anche leggermente sopra il contorno labbra.<\/p>\n","protected":false},"excerpt":{"rendered":"<p>Labbra sensuali grazie al volume aggiuntivo! CHILL OUT LIPGLOSS lucidalabbra rimpolpante ha un leggero effetto pizzicante derivante dalla stimolazione della microcircolazione da parte dell&#8217;estratto di peperoncino, rendendo le labbra pi\u00f9 carnose e il loro contorno pi\u00f9 regolare. Garantisce una lucentezza intensa e tridimensionale, non \u00e8 appiccicoso, non secca le labbra e ha un profumo meraviglioso di frutta estiva!<\/p>\n<p><strong>CURIOSIT\u00c0:\u00a0<\/strong><br \/>\nL&#8217;estratto di peperoncino contenuto nella formula vegana \u00e8 una fonte naturale di capsaicina, che dilata i vasi sanguigni, migliora la microcircolazione e rinforza le pareti dei vasi sanguigni. L&#8217;acido ialuronico, il glicole vegetale e un complesso vitaminico assicurano idratazione profonda e nutrimento dell&#8217;epidermide delle labbra, soggetta a secchezza.<\/p>\n","protected":false},"featured_media":24993,"comment_status":"closed","ping_status":"open","template":"","meta":[],"product_brand":[],"product_cat":[2319,2328,1857,1856,1509],"product_tag":[2426,1890,2427],"class_list":{"0":"post-24992","1":"product","2":"type-product","3":"status-publish","4":"has-post-thumbnail","6":"product_cat-claresa-make-up","7":"product_cat-labbra-claresa-make-up","8":"product_cat-labbra","9":"product_cat-make-up","10":"product_cat-top-brand-professionali-unghie","11":"product_tag-chillout","12":"product_tag-lucidalabbra","13":"product_tag-rimpolpante","15":"first","16":"instock","17":"shipping-taxable","18":"purchasable","19":"product-type-simple"},"_links":{"self":[{"href":"https:\/\/serverdedicato.lovenailsrivenditore.com\/index.php?rest_route=\/wp\/v2\/product\/24992","targetHints":{"allow":["GET"]}}],"collection":[{"href":"https:\/\/serverdedicato.lovenailsrivenditore.com\/index.php?rest_route=\/wp\/v2\/product"}],"about":[{"href":"https:\/\/serverdedicato.lovenailsrivenditore.com\/index.php?rest_route=\/wp\/v2\/types\/product"}],"replies":[{"embeddable":true,"href":"https:\/\/serverdedicato.lovenailsrivenditore.com\/index.php?rest_route=%2Fwp%2Fv2%2Fcomments&post=24992"}],"wp:featuredmedia":[{"embeddable":true,"href":"https:\/\/serverdedicato.lovenailsrivenditore.com\/index.php?rest_route=\/wp\/v2\/media\/24993"}],"wp:attachment":[{"href":"https:\/\/serverdedicato.lovenailsrivenditore.com\/index.php?rest_route=%2Fwp%2Fv2%2Fmedia&parent=24992"}],"wp:term":[{"taxonomy":"product_brand","embeddable":true,"href":"https:\/\/serverdedicato.lovenailsrivenditore.com\/index.php?rest_route=%2Fwp%2Fv2%2Fproduct_brand&post=24992"},{"taxonomy":"product_cat","embeddable":true,"href":"https:\/\/serverdedicato.lovenailsrivenditore.com\/index.php?rest_route=%2Fwp%2Fv2%2Fproduct_cat&post=24992"},{"taxonomy":"product_tag","embeddable":true,"href":"https:\/\/serverdedicato.lovenailsrivenditore.com\/index.php?rest_route=%2Fwp%2Fv2%2Fproduct_tag&post=24992"}],"curies":[{"name":"wp","href":"https:\/\/api.w.org\/{rel}","templated":true}]}}