{"id":25037,"date":"2024-09-19T13:55:13","date_gmt":"2024-09-19T11:55:13","guid":{"rendered":"https:\/\/serverdedicato.lovenailsrivenditore.com\/?product=claresa-sapone-per-sopracciglia-brow-soap"},"modified":"2026-04-18T13:28:27","modified_gmt":"2026-04-18T11:28:27","slug":"claresa-sapone-per-sopracciglia-brow-soap","status":"publish","type":"product","link":"https:\/\/serverdedicato.lovenailsrivenditore.com\/?product=claresa-sapone-per-sopracciglia-brow-soap","title":{"rendered":"CLARESA &#8211; SAPONE PER SOPRACCIGLIA &#8211; BROW SO(AP)"},"content":{"rendered":"<p><strong>BROW SO(AP) sapone per lo styling delle sopracciglia!<\/strong><\/p>\n<p>Il sapone universale e vegano per lo styling delle sopracciglia domer\u00e0 i peli ribelli, li sollever\u00e0 e ne fisser\u00e0 la forma. La formula trasparente, simile al gel, adatta a tutte le carnagioni e colori di sopracciglia, consente di ottenere un effetto moda di sopracciglia folte e le fissa per l&#8217;intera giornata senza irrigidimenti innaturali. Applicazione BROW SO(AP) semplice e conveniente! non richiede l&#8217;uso di acqua. Il sapone pu\u00f2 essere utilizzato da solo o con qualsiasi prodotto per il trucco delle sopracciglia.<\/p>\n<p><strong>CURIOSITA&#8217;<\/strong><\/p>\n<p>Il prodotto \u00e8 stato arricchito con glicerina che, grazie alle sue propriet\u00e0 igroscopiche, lubrificanti e rigeneranti, rende le sopracciglia morbide ed elastiche, idrata e le protegge dagli effetti dannosi di fattori esterni.<\/p>\n<p><strong>APPLICAZIONE<\/strong><\/p>\n<p>Spazzolare le sopracciglia con una spirale per prepararle all&#8217;applicazione del prodotto. Prendi la quantit\u00e0 adeguata di cosmetico sul pennello e applicalo sulle sopracciglia con un movimento verso l&#8217;alto, premendolo delicatamente contro i peli. Dai la forma giusta alle sopracciglia, spostandole verso l&#8217;estremit\u00e0 esterna. Eliminare il sapone in eccesso con una spirale pulita. Pu\u00f2 essere utilizzato su sopracciglia precedentemente truccate o per riempire spazi vuoti dopo l&#8217;applicazione.<\/p>\n<p><strong>TRUCCO PER IL TRUCCO<\/strong><\/p>\n<p>Per evitare di applicare quantit\u00e0 eccessive di sapone direttamente sulle sopracciglia, dopo aver applicato il cosmetico sull&#8217;applicatore, stenderlo prima sul dorso della mano.<\/p>\n<h4><span>VALUTAZIONE DA WIZAZ.PL<\/span><\/h4>\n<p><em><span>&#8220;Il prodotto ha una formula simile al sapone che permette di definire e fissare facilmente la forma delle sopracciglia senza risultare rigide. \u00c8 perfetto sia per un look naturale che per stili pi\u00f9 espressivi. Brow So(ap)! non si sfalda n\u00e9 lascia una patina bianca, il che conferisce un aspetto molto naturale. La pratica confezione e la facile applicazione lo rendono un prodotto indispensabile per il trucco quotidiano.&#8221;<\/span><\/em><\/p>\n<p><strong>Capacit\u00e0:<\/strong>\u00a030 ml<\/p>\n<p><strong>INCI:<\/strong>\u00a0\u00a0Aqua, Steareth-21, Glycerin, PVP, Parfum, Phenoxyetanolo, Ethylhexylglicerin.<\/p>\n","protected":false},"excerpt":{"rendered":"<p><strong>BROW SO(AP) sapone per lo styling delle sopracciglia!<\/strong><\/p>\n<p>Il sapone universale e vegano per lo styling delle sopracciglia domer\u00e0 i peli ribelli, li sollever\u00e0 e ne fisser\u00e0 la forma. La formula trasparente, simile al gel, adatta a tutte le carnagioni e colori di sopracciglia, consente di ottenere un effetto moda di sopracciglia folte e le fissa per l&#8217;intera giornata senza irrigidimenti innaturali. Applicazione BROW SO(AP) semplice e conveniente! non richiede l&#8217;uso di acqua. Il sapone pu\u00f2 essere utilizzato da solo o con qualsiasi prodotto per il trucco delle sopracciglia.<\/p>\n<p>&nbsp;<\/p>\n","protected":false},"featured_media":25038,"comment_status":"closed","ping_status":"open","template":"","meta":[],"product_brand":[],"product_cat":[2319,1856,2347,2348,1509],"product_tag":[2431,2007],"class_list":{"0":"post-25037","1":"product","2":"type-product","3":"status-publish","4":"has-post-thumbnail","6":"product_cat-claresa-make-up","7":"product_cat-make-up","8":"product_cat-sopracciglia","9":"product_cat-sopracciglia-claresa-make-up","10":"product_cat-top-brand-professionali-unghie","11":"product_tag-sapone","12":"product_tag-sopracciglia","14":"first","15":"instock","16":"shipping-taxable","17":"purchasable","18":"product-type-simple"},"_links":{"self":[{"href":"https:\/\/serverdedicato.lovenailsrivenditore.com\/index.php?rest_route=\/wp\/v2\/product\/25037","targetHints":{"allow":["GET"]}}],"collection":[{"href":"https:\/\/serverdedicato.lovenailsrivenditore.com\/index.php?rest_route=\/wp\/v2\/product"}],"about":[{"href":"https:\/\/serverdedicato.lovenailsrivenditore.com\/index.php?rest_route=\/wp\/v2\/types\/product"}],"replies":[{"embeddable":true,"href":"https:\/\/serverdedicato.lovenailsrivenditore.com\/index.php?rest_route=%2Fwp%2Fv2%2Fcomments&post=25037"}],"wp:featuredmedia":[{"embeddable":true,"href":"https:\/\/serverdedicato.lovenailsrivenditore.com\/index.php?rest_route=\/wp\/v2\/media\/25038"}],"wp:attachment":[{"href":"https:\/\/serverdedicato.lovenailsrivenditore.com\/index.php?rest_route=%2Fwp%2Fv2%2Fmedia&parent=25037"}],"wp:term":[{"taxonomy":"product_brand","embeddable":true,"href":"https:\/\/serverdedicato.lovenailsrivenditore.com\/index.php?rest_route=%2Fwp%2Fv2%2Fproduct_brand&post=25037"},{"taxonomy":"product_cat","embeddable":true,"href":"https:\/\/serverdedicato.lovenailsrivenditore.com\/index.php?rest_route=%2Fwp%2Fv2%2Fproduct_cat&post=25037"},{"taxonomy":"product_tag","embeddable":true,"href":"https:\/\/serverdedicato.lovenailsrivenditore.com\/index.php?rest_route=%2Fwp%2Fv2%2Fproduct_tag&post=25037"}],"curies":[{"name":"wp","href":"https:\/\/api.w.org\/{rel}","templated":true}]}}