{"id":25040,"date":"2024-09-19T14:12:00","date_gmt":"2024-09-19T12:12:00","guid":{"rendered":"https:\/\/serverdedicato.lovenailsrivenditore.com\/?product=claresa-fondotinta-feel-so-real-02-light-34gr"},"modified":"2026-04-18T13:28:29","modified_gmt":"2026-04-18T11:28:29","slug":"claresa-fondotinta-feel-so-real-02-light-34gr","status":"publish","type":"product","link":"https:\/\/serverdedicato.lovenailsrivenditore.com\/?product=claresa-fondotinta-feel-so-real-02-light-34gr","title":{"rendered":"CLARESA &#8211; FONDOTINTA &#8211; FEEL SO REAL &#8211; 02 LIGHT 34gr"},"content":{"rendered":"<p><span>Prova il fondotinta effetto soft focus per lunghe ore! Il fondotinta FEEL SO REAL si fonde perfettamente con la pelle senza appesantirla. La consistenza delicata e impercettibile sulla pelle garantisce facilit\u00e0 di applicazione, coprenza media, graduale e un finish naturale. Lo squalano e l&#8217;acido ialuronico nutrono la pelle, la idratano e la proteggono, oltre ad eliminare la visibilit\u00e0 delle rughe e di altre irregolarit\u00e0 dell&#8217;epidermide. Non contiene alcool, microplastiche o ingredienti di origine animale.<\/span><\/p>\n<p><strong><span>CURIOSIT\u00c0:\u00a0<\/span><\/strong><br \/>\n<span>Lo squalano \u00e8 una materia prima naturale di origine vegetale, che sta guadagnando sempre pi\u00f9 popolarit\u00e0 grazie a una serie di propriet\u00e0 benefiche: la pelle vascolare apprezzer\u00e0 le sue propriet\u00e0 rinforzanti, la pelle matura apprezzer\u00e0 le sue propriet\u00e0 leviganti e la pelle acneica apprezzer\u00e0 la sua riduzione delle cicatrici . Per la pelle secca, le sue propriet\u00e0 idratanti saranno benefiche, mentre per la pelle grassa sar\u00e0 importante regolare la secrezione di sebo. Inoltre \u00e8 fisico-chimicamente compatibile con il sebo umano, quindi non ha effetti collaterali!<\/span><\/p>\n<p><strong><span>APPLICAZIONE:<\/span><\/strong><br \/>\n<span>Preparare la pelle applicando una crema selezionata per la sua tipologia e adatta al trucco e, se necessario, una base o un siero sotto il fondotinta. Stendere una piccola quantit\u00e0 di fondotinta sul dorso della mano per portarlo a temperatura corporea, cos\u00ec si fonder\u00e0 perfettamente con la pelle. Distribuisci il cosmetico sul viso in uno strato sottile con le dita o con un pennello, quindi tamponalo con una spugnetta inumidita. Puoi anche applicare il fondotinta immediatamente con una spugnetta: ricorda solo di farlo con un movimento di stampaggio, non di sfregamento. Inizia con una piccola quantit\u00e0 di prodotto e, se necessario, aggiungilo nei punti che richiedono una copertura aggiuntiva: eviterai l&#8217;effetto visibile del fondotinta sul tuo viso (e risparmierai denaro). Un effetto ottimale utilizzando la quantit\u00e0 minima di prodotto \u00e8 la chiave del successo nel caso del fondotinta!<\/span><\/p>\n<p><strong><span>TRUCCO PER IL TRUCCO\u00a0<\/span><\/strong><strong><span>:<\/span><\/strong><br \/>\n<span>@sergiusz_starski consiglia: se vuoi prolungare il pi\u00f9 possibile la durata del tuo fondotinta, al termine dell&#8217;applicazione, spruzza la spugna con un fissatore o uno spray per trucco e finisci di tamponare il cosmetico sulla pelle.<\/span><\/p>\n","protected":false},"excerpt":{"rendered":"<p>Prova il fondotinta effetto soft focus per lunghe ore! Il fondotinta FEEL SO REAL si fonde perfettamente con la pelle senza appesantirla. La consistenza delicata e impercettibile sulla pelle garantisce facilit\u00e0 di applicazione, coprenza media, graduale e un finish naturale. Lo squalano e l&#8217;acido ialuronico nutrono la pelle, la idratano e la proteggono, oltre ad eliminare la visibilit\u00e0 delle rughe e di altre irregolarit\u00e0 dell&#8217;epidermide. Non contiene alcool, microplastiche o ingredienti di origine animale.<\/p>\n","protected":false},"featured_media":25041,"comment_status":"closed","ping_status":"open","template":"","meta":[],"product_brand":[],"product_cat":[2319,1856,1509,2329,2315],"product_tag":[2432,2334,2433],"class_list":{"0":"post-25040","1":"product","2":"type-product","3":"status-publish","4":"has-post-thumbnail","6":"product_cat-claresa-make-up","7":"product_cat-make-up","8":"product_cat-top-brand-professionali-unghie","9":"product_cat-viso-claresa-make-up","10":"product_cat-viso","11":"product_tag-feel-so-real","12":"product_tag-fondotinta","13":"product_tag-fondotinta-chiaro","15":"first","16":"instock","17":"shipping-taxable","18":"purchasable","19":"product-type-simple"},"_links":{"self":[{"href":"https:\/\/serverdedicato.lovenailsrivenditore.com\/index.php?rest_route=\/wp\/v2\/product\/25040","targetHints":{"allow":["GET"]}}],"collection":[{"href":"https:\/\/serverdedicato.lovenailsrivenditore.com\/index.php?rest_route=\/wp\/v2\/product"}],"about":[{"href":"https:\/\/serverdedicato.lovenailsrivenditore.com\/index.php?rest_route=\/wp\/v2\/types\/product"}],"replies":[{"embeddable":true,"href":"https:\/\/serverdedicato.lovenailsrivenditore.com\/index.php?rest_route=%2Fwp%2Fv2%2Fcomments&post=25040"}],"wp:featuredmedia":[{"embeddable":true,"href":"https:\/\/serverdedicato.lovenailsrivenditore.com\/index.php?rest_route=\/wp\/v2\/media\/25041"}],"wp:attachment":[{"href":"https:\/\/serverdedicato.lovenailsrivenditore.com\/index.php?rest_route=%2Fwp%2Fv2%2Fmedia&parent=25040"}],"wp:term":[{"taxonomy":"product_brand","embeddable":true,"href":"https:\/\/serverdedicato.lovenailsrivenditore.com\/index.php?rest_route=%2Fwp%2Fv2%2Fproduct_brand&post=25040"},{"taxonomy":"product_cat","embeddable":true,"href":"https:\/\/serverdedicato.lovenailsrivenditore.com\/index.php?rest_route=%2Fwp%2Fv2%2Fproduct_cat&post=25040"},{"taxonomy":"product_tag","embeddable":true,"href":"https:\/\/serverdedicato.lovenailsrivenditore.com\/index.php?rest_route=%2Fwp%2Fv2%2Fproduct_tag&post=25040"}],"curies":[{"name":"wp","href":"https:\/\/api.w.org\/{rel}","templated":true}]}}