{"id":25046,"date":"2024-09-19T14:23:51","date_gmt":"2024-09-19T12:23:51","guid":{"rendered":"https:\/\/serverdedicato.lovenailsrivenditore.com\/?product=claresa-illuminante-sciolto-shine-of-mine"},"modified":"2026-04-18T13:28:33","modified_gmt":"2026-04-18T11:28:33","slug":"claresa-illuminante-sciolto-shine-of-mine","status":"publish","type":"product","link":"https:\/\/serverdedicato.lovenailsrivenditore.com\/?product=claresa-illuminante-sciolto-shine-of-mine","title":{"rendered":"CLARESA &#8211; ILLUMINANTE SCIOLTO &#8211; SHINE OF MINE &#8211; 11 CHAMPAGNE"},"content":{"rendered":"<p><strong><span>Illuminante sciolto<\/span><br \/>\n<\/strong><strong><br \/>\n<\/strong><span>Metti in risalto la tua luminosit\u00e0 con l&#8217;illuminante sciolto\u00a0<\/span><strong><span>SHINE OF MINE<\/span><\/strong><span>\u00a0! Crea una superficie bella e brillante, la cui intensit\u00e0 pu\u00f2 essere graduata, da una lucentezza sottile a un effetto luminoso sensuale. Tonalit\u00e0 uniche renderanno la pelle luminosa, fresca e riposata.<\/span><\/p>\n<p><b>CURIOSITA&#8217;<\/b><\/p>\n<p><span>La formula vegana e sciolta \u00e8 ricca di mica, che riflette la luce e quindi riduce otticamente la visibilit\u00e0 delle rughe sottili e delle irregolarit\u00e0 della pelle. I pigmenti perlati forniscono un effetto unico, brillante e sensuale.<\/span><\/p>\n<p><strong><span>APP<\/span><\/strong><\/p>\n<p><span>Applica l&#8217;illuminante con un pennello morbido sulla parte superiore degli zigomi, sull&#8217;arco di cupido, sulla punta del naso, sull&#8217;arco sotto le sopracciglia e sul d\u00e9collet\u00e9. Ripetere i passaggi fino a raggiungere l&#8217;intensit\u00e0 desiderata.<\/span><\/p>\n<p><strong><span>TRUCCO DEI TRUCCATORI<\/span><\/strong><\/p>\n<p><span>Lo strobing \u00e8 una tecnica di trucco che prevede di modellare il viso con la luce. Scegli il tuo colore Shine of Mine perfetto che far\u00e0 risaltare la luminosit\u00e0 naturale della tua pelle. Applicalo con un pennello morbido ed evidenzia l&#8217;arco sotto le sopracciglia, l&#8217;angolo interno dell&#8217;occhio, l&#8217;arco di Cupido, il ponte e la punta del naso. Evidenzia il mento e la fronte con un movimento che ricorda un triangolo rovesciato. Evidenzia la parte superiore degli zigomi, creando una forma a &#8220;C&#8221; che va verso le tempie e le arcate sopraccigliari. Stupisciti con un look fresco e radioso!<\/span><\/p>\n","protected":false},"excerpt":{"rendered":"<p><strong>Illuminante sciolto<br \/>\n<\/strong><strong><br \/>\n<\/strong>Metti in risalto la tua luminosit\u00e0 con l&#8217;illuminante sciolto\u00a0<strong>SHINE OF MINE<\/strong>\u00a0! Crea una superficie bella e brillante, la cui intensit\u00e0 pu\u00f2 essere graduata, da una lucentezza sottile a un effetto luminoso sensuale. Tonalit\u00e0 uniche renderanno la pelle luminosa, fresca e riposata.<\/p>\n","protected":false},"featured_media":25047,"comment_status":"closed","ping_status":"open","template":"","meta":[],"product_brand":[],"product_cat":[2319,1856,1509,2315,2329],"product_tag":[2357,2434,2435],"class_list":{"0":"post-25046","1":"product","2":"type-product","3":"status-publish","4":"has-post-thumbnail","6":"product_cat-claresa-make-up","7":"product_cat-make-up","8":"product_cat-top-brand-professionali-unghie","9":"product_cat-viso","10":"product_cat-viso-claresa-make-up","11":"product_tag-illuminante","12":"product_tag-illuminante-sciolto","13":"product_tag-shine-of-mine","15":"first","16":"instock","17":"shipping-taxable","18":"purchasable","19":"product-type-simple"},"_links":{"self":[{"href":"https:\/\/serverdedicato.lovenailsrivenditore.com\/index.php?rest_route=\/wp\/v2\/product\/25046","targetHints":{"allow":["GET"]}}],"collection":[{"href":"https:\/\/serverdedicato.lovenailsrivenditore.com\/index.php?rest_route=\/wp\/v2\/product"}],"about":[{"href":"https:\/\/serverdedicato.lovenailsrivenditore.com\/index.php?rest_route=\/wp\/v2\/types\/product"}],"replies":[{"embeddable":true,"href":"https:\/\/serverdedicato.lovenailsrivenditore.com\/index.php?rest_route=%2Fwp%2Fv2%2Fcomments&post=25046"}],"wp:featuredmedia":[{"embeddable":true,"href":"https:\/\/serverdedicato.lovenailsrivenditore.com\/index.php?rest_route=\/wp\/v2\/media\/25047"}],"wp:attachment":[{"href":"https:\/\/serverdedicato.lovenailsrivenditore.com\/index.php?rest_route=%2Fwp%2Fv2%2Fmedia&parent=25046"}],"wp:term":[{"taxonomy":"product_brand","embeddable":true,"href":"https:\/\/serverdedicato.lovenailsrivenditore.com\/index.php?rest_route=%2Fwp%2Fv2%2Fproduct_brand&post=25046"},{"taxonomy":"product_cat","embeddable":true,"href":"https:\/\/serverdedicato.lovenailsrivenditore.com\/index.php?rest_route=%2Fwp%2Fv2%2Fproduct_cat&post=25046"},{"taxonomy":"product_tag","embeddable":true,"href":"https:\/\/serverdedicato.lovenailsrivenditore.com\/index.php?rest_route=%2Fwp%2Fv2%2Fproduct_tag&post=25046"}],"curies":[{"name":"wp","href":"https:\/\/api.w.org\/{rel}","templated":true}]}}