{"id":25057,"date":"2024-09-19T14:36:57","date_gmt":"2024-09-19T12:36:57","guid":{"rendered":"https:\/\/serverdedicato.lovenailsrivenditore.com\/?product=claresa-blush-cheeks-tricks-01-charm"},"modified":"2026-04-18T13:28:42","modified_gmt":"2026-04-18T11:28:42","slug":"claresa-blush-cheeks-tricks-01-charm","status":"publish","type":"product","link":"https:\/\/serverdedicato.lovenailsrivenditore.com\/?product=claresa-blush-cheeks-tricks-01-charm","title":{"rendered":"CLARESA &#8211; BLUSH &#8211; CHEEKS TRICKS  &#8211; 01 CHARM"},"content":{"rendered":"<p><strong><span>BLUSH<\/span><\/strong><\/p>\n<p><span>Crea il rossore perfetto e controllato sulla tua guancia! Grazie ai\u00a0blush\u00a0<\/span><strong><span>CHEEKS TRICKS<\/span><\/strong><span> e ai trucchi che puoi realizzare con il loro aiuto, potrai deliziarti con un incarnato fresco e riposato e uno sguardo giovane e radioso.<\/span><\/p>\n<p>&nbsp;<\/p>\n<p><b>CURIOSITA&#8217;<\/b><\/p>\n<p><span>La silice contenuta nella composizione leviga otticamente e opacizza l&#8217;incarnato. La formula unica del blush \u00e8 ricca di ingredienti che condizionano la pelle e ne prevengono la disidratazione.<\/span><\/p>\n<p>&nbsp;<\/p>\n<p><strong><span>APP<\/span><\/strong><\/p>\n<p><span>Applicare il blush con pennellate verso l&#8217;alto. Sorridi ed evidenzia le parti sporgenti delle tue guance verso l&#8217;attaccatura dei capelli. Sfuma il blush per creare un trio perfetto con illuminante<\/span><br \/>\n<span>e bronzer.<\/span><\/p>\n<p>&nbsp;<\/p>\n<p><strong><span>TRUCCO DEI TRUCCATORI<\/span><\/strong><\/p>\n<p><span>Impara e prova la tecnica del trucco \u2013 DRAPING. Usa 2 colori di rosa. Applicare la tonalit\u00e0 pi\u00f9 scura sotto lo zigomo e sfumare il rosa pi\u00f9 chiaro sulla parte superiore dello zigomo, stendendolo sulla tempia, sul punto pi\u00f9 alto della fronte, sull&#8217;arco sopraccigliare, sulla mascella e sul mento.<\/span><\/p>\n<p>&nbsp;<\/p>\n<p><strong><span>FINITURA:<\/span><\/strong><span>\u00a0\u00a0Opaca\u00a0<\/span><\/p>\n","protected":false},"excerpt":{"rendered":"<p><strong>BLUSH<\/strong><\/p>\n<p>Crea il rossore perfetto e controllato sulla tua guancia! Grazie ai\u00a0blush\u00a0<strong>CHEEKS TRICKS<\/strong> e ai trucchi che puoi realizzare con il loro aiuto, potrai deliziarti con un incarnato fresco e riposato e uno sguardo giovane e radioso.<\/p>\n","protected":false},"featured_media":25058,"comment_status":"closed","ping_status":"open","template":"","meta":[],"product_brand":[],"product_cat":[2319,1856,1509,2315,2329],"product_tag":[1805,2436],"class_list":{"0":"post-25057","1":"product","2":"type-product","3":"status-publish","4":"has-post-thumbnail","6":"product_cat-claresa-make-up","7":"product_cat-make-up","8":"product_cat-top-brand-professionali-unghie","9":"product_cat-viso","10":"product_cat-viso-claresa-make-up","11":"product_tag-blush","12":"product_tag-blush-claresa","14":"first","15":"instock","16":"shipping-taxable","17":"purchasable","18":"product-type-simple"},"_links":{"self":[{"href":"https:\/\/serverdedicato.lovenailsrivenditore.com\/index.php?rest_route=\/wp\/v2\/product\/25057","targetHints":{"allow":["GET"]}}],"collection":[{"href":"https:\/\/serverdedicato.lovenailsrivenditore.com\/index.php?rest_route=\/wp\/v2\/product"}],"about":[{"href":"https:\/\/serverdedicato.lovenailsrivenditore.com\/index.php?rest_route=\/wp\/v2\/types\/product"}],"replies":[{"embeddable":true,"href":"https:\/\/serverdedicato.lovenailsrivenditore.com\/index.php?rest_route=%2Fwp%2Fv2%2Fcomments&post=25057"}],"wp:featuredmedia":[{"embeddable":true,"href":"https:\/\/serverdedicato.lovenailsrivenditore.com\/index.php?rest_route=\/wp\/v2\/media\/25058"}],"wp:attachment":[{"href":"https:\/\/serverdedicato.lovenailsrivenditore.com\/index.php?rest_route=%2Fwp%2Fv2%2Fmedia&parent=25057"}],"wp:term":[{"taxonomy":"product_brand","embeddable":true,"href":"https:\/\/serverdedicato.lovenailsrivenditore.com\/index.php?rest_route=%2Fwp%2Fv2%2Fproduct_brand&post=25057"},{"taxonomy":"product_cat","embeddable":true,"href":"https:\/\/serverdedicato.lovenailsrivenditore.com\/index.php?rest_route=%2Fwp%2Fv2%2Fproduct_cat&post=25057"},{"taxonomy":"product_tag","embeddable":true,"href":"https:\/\/serverdedicato.lovenailsrivenditore.com\/index.php?rest_route=%2Fwp%2Fv2%2Fproduct_tag&post=25057"}],"curies":[{"name":"wp","href":"https:\/\/api.w.org\/{rel}","templated":true}]}}