{"id":25070,"date":"2024-09-19T14:59:52","date_gmt":"2024-09-19T12:59:52","guid":{"rendered":"https:\/\/serverdedicato.lovenailsrivenditore.com\/?product=claresa-gel-sopracciglia-like-a-glue-01-brown"},"modified":"2026-04-18T13:28:58","modified_gmt":"2026-04-18T11:28:58","slug":"claresa-gel-sopracciglia-like-a-glue-01-brown","status":"publish","type":"product","link":"https:\/\/serverdedicato.lovenailsrivenditore.com\/?product=claresa-gel-sopracciglia-like-a-glue-01-brown","title":{"rendered":"CLARESA &#8211; GEL SOPRACCIGLIA &#8211; LIKE A GLUE &#8211; 01 BROWN2"},"content":{"rendered":"<p><strong>LIKE A GLUE gel per sopracciglia colorante super forte<\/strong><\/p>\n<p>Le tue sopracciglia sotto controllo non ti bastano ancora?\u00a0La tua attuale battaglia con le sopracciglia \u00e8 finalmente finita: WAR IS OVER!<\/p>\n<p>Abbiamo un prodotto che ti sorprender\u00e0.\u00a0<strong>Gel per sopracciglia colorante<\/strong>\u00a0super forte\u00a0che dona\u00a0<strong>un effetto di laminazione duraturo<\/strong>\u00a0e\u00a0<strong>dona volume alle sopracciglia, infoltendole otticamente<\/strong> . S\u00ec, \u00e8 possibile! La formula premurosa si asciuga rapidamente, lasciando uno strato opaco e durevole, resistente all&#8217;umidit\u00e0, al sudore e a tutte le avversit\u00e0. Tuttavia, pu\u00f2 essere facilmente lavato via quando si rimuove il trucco.<\/p>\n<p><strong>CURIOSITA&#8217;<\/strong><\/p>\n<p>La formula vegana \u00e8 stata arricchita con\u00a0<strong>estratto premuroso di aloe<\/strong>\u00a0, che ha un effetto idratante, condizionante e rigenerante. Inoltre, il prodotto contiene\u00a0<strong>pantenolo<\/strong>\u00a0, che ha forti propriet\u00e0 curative e rinforza la struttura dei capelli.<\/p>\n<p>&nbsp;<\/p>\n<p><strong>APPLICAZIONE<\/strong><\/p>\n<p>Spennella le sopracciglia con un gel del colore selezionato e dai loro la forma desiderata. Una precisa spazzola in silicone ti permetter\u00e0 di sistemare le sopracciglia nella giusta direzione. Se ti piace l&#8217;effetto dei peli &#8220;incollati&#8221;, che ricorda la laminazione, lascia che il prodotto si stabilizzi un attimo e poi premi i peli sulla pelle con la punta del dito.<\/p>\n<p><strong>\u00a0<\/strong><\/p>\n<p><strong>TRUCCO DEI TRUCCATORI<\/strong><\/p>\n<p>Vuoi ottenere un effetto colore e fissaggio pi\u00f9 forte? Pettina prima i capelli verso il basso e poi verso l&#8217;alto per ricoprirli accuratamente con il gel su entrambi i lati e goditi uno styling a lunga tenuta!<\/p>\n","protected":false},"excerpt":{"rendered":"<p><strong>LIKE A GLUE gel per sopracciglia colorante super forte<\/strong><\/p>\n<p>Le tue sopracciglia sotto controllo non ti bastano ancora?\u00a0La tua attuale battaglia con le sopracciglia \u00e8 finalmente finita: WAR IS OVER!<\/p>\n<p>Abbiamo un prodotto che ti sorprender\u00e0.\u00a0<strong>Gel per sopracciglia colorante<\/strong>\u00a0super forte\u00a0che dona\u00a0<strong>un effetto di laminazione duraturo<\/strong>\u00a0e\u00a0<strong>dona volume alle sopracciglia, infoltendole otticamente<\/strong> . S\u00ec, \u00e8 possibile! La formula premurosa si asciuga rapidamente, lasciando uno strato opaco e durevole, resistente all&#8217;umidit\u00e0, al sudore e a tutte le avversit\u00e0. Tuttavia, pu\u00f2 essere facilmente lavato via quando si rimuove il trucco.<\/p>\n","protected":false},"featured_media":25071,"comment_status":"closed","ping_status":"open","template":"","meta":[],"product_brand":[],"product_cat":[2319,1856,2348,1509],"product_tag":[2424,2439],"class_list":{"0":"post-25070","1":"product","2":"type-product","3":"status-publish","4":"has-post-thumbnail","6":"product_cat-claresa-make-up","7":"product_cat-make-up","8":"product_cat-sopracciglia-claresa-make-up","9":"product_cat-top-brand-professionali-unghie","10":"product_tag-gel-sopracciglia","11":"product_tag-like-a-glue","13":"first","14":"outofstock","15":"shipping-taxable","16":"purchasable","17":"product-type-simple"},"_links":{"self":[{"href":"https:\/\/serverdedicato.lovenailsrivenditore.com\/index.php?rest_route=\/wp\/v2\/product\/25070","targetHints":{"allow":["GET"]}}],"collection":[{"href":"https:\/\/serverdedicato.lovenailsrivenditore.com\/index.php?rest_route=\/wp\/v2\/product"}],"about":[{"href":"https:\/\/serverdedicato.lovenailsrivenditore.com\/index.php?rest_route=\/wp\/v2\/types\/product"}],"replies":[{"embeddable":true,"href":"https:\/\/serverdedicato.lovenailsrivenditore.com\/index.php?rest_route=%2Fwp%2Fv2%2Fcomments&post=25070"}],"wp:featuredmedia":[{"embeddable":true,"href":"https:\/\/serverdedicato.lovenailsrivenditore.com\/index.php?rest_route=\/wp\/v2\/media\/25071"}],"wp:attachment":[{"href":"https:\/\/serverdedicato.lovenailsrivenditore.com\/index.php?rest_route=%2Fwp%2Fv2%2Fmedia&parent=25070"}],"wp:term":[{"taxonomy":"product_brand","embeddable":true,"href":"https:\/\/serverdedicato.lovenailsrivenditore.com\/index.php?rest_route=%2Fwp%2Fv2%2Fproduct_brand&post=25070"},{"taxonomy":"product_cat","embeddable":true,"href":"https:\/\/serverdedicato.lovenailsrivenditore.com\/index.php?rest_route=%2Fwp%2Fv2%2Fproduct_cat&post=25070"},{"taxonomy":"product_tag","embeddable":true,"href":"https:\/\/serverdedicato.lovenailsrivenditore.com\/index.php?rest_route=%2Fwp%2Fv2%2Fproduct_tag&post=25070"}],"curies":[{"name":"wp","href":"https:\/\/api.w.org\/{rel}","templated":true}]}}