{"id":25074,"date":"2024-09-19T15:33:08","date_gmt":"2024-09-19T13:33:08","guid":{"rendered":"https:\/\/serverdedicato.lovenailsrivenditore.com\/?product=palu-tbilisi-11ml-01"},"modified":"2026-04-18T13:29:01","modified_gmt":"2026-04-18T11:29:01","slug":"palu-tbilisi-11ml-01","status":"publish","type":"product","link":"https:\/\/serverdedicato.lovenailsrivenditore.com\/?product=palu-tbilisi-11ml-01","title":{"rendered":"PALU &#8211; TBILISI 11ml &#8211; TB1"},"content":{"rendered":"<p>Nel cuore di Tbilisi, quando la sera cade sulla citt\u00e0, il cielo si colora di una tonalit\u00e0 viola profonda e intensa. TB1 \u00e8 un colore che ti porta a passeggiare per strade affascinanti, dove l&#8217;aroma dei vini georgiani riempie l&#8217;aria e le ombre delle montagne avvolgono la citt\u00e0.<\/p>\n<p>Nella collezione troverai marroni, beige, rosa e viola che si armonizzano con gli stili direttamente dalla capitale georgiana.<\/p>\n<p><strong>Il prodotto \u00e8 destinato all&#8217;uso professionale.<\/strong><\/p>\n<ul>\n<li>copertura dopo 1-2 strati<\/li>\n<li>facile applicazione<\/li>\n<li>lucentezza intensa<\/li>\n<li>consistenza: mediamente densa<\/li>\n<li>durata fino a 3 settimane<\/li>\n<li>capacit\u00e0: 11 gr<\/li>\n<\/ul>\n<p><strong>\u00a0<\/strong><\/p>\n<p><em>Ti informiamo che facciamo ogni sforzo per garantire che la grafica presentata sul sito rispecchi al meglio i colori reali dei nostri prodotti. Fattori fuori dal nostro controllo, come, tra gli altri: l&#8217;illuminazione utilizzata durante la visualizzazione della grafica, il tipo di apparecchiatura elettronica utilizzata, le impostazioni dello schermo o le schede grafiche &#8211; influenzano la ricezione\/interpretazione della grafica visualizzata<\/em><\/p>\n","protected":false},"excerpt":{"rendered":"<p>Nel cuore di Tbilisi, quando la sera cade sulla citt\u00e0, il cielo si colora di una tonalit\u00e0 viola profonda e intensa. TB1 \u00e8 un colore che ti porta a passeggiare per strade affascinanti, dove l&#8217;aroma dei vini georgiani riempie l&#8217;aria e le ombre delle montagne avvolgono la citt\u00e0.<\/p>\n<p>Nella collezione troverai marroni, beige, rosa e viola che si armonizzano con gli stili direttamente dalla capitale georgiana.<\/p>\n","protected":false},"featured_media":25075,"comment_status":"closed","ping_status":"open","template":"","meta":[],"product_brand":[],"product_cat":[1682,1644,1509],"product_tag":[1646,2440,182],"class_list":{"0":"post-25074","1":"product","2":"type-product","3":"status-publish","4":"has-post-thumbnail","6":"product_cat-colori-semipermanente-palu","7":"product_cat-palu","8":"product_cat-top-brand-professionali-unghie","9":"product_tag-palu","10":"product_tag-tbilisi","11":"product_tag-viola","13":"first","14":"instock","15":"shipping-taxable","16":"purchasable","17":"product-type-simple"},"_links":{"self":[{"href":"https:\/\/serverdedicato.lovenailsrivenditore.com\/index.php?rest_route=\/wp\/v2\/product\/25074","targetHints":{"allow":["GET"]}}],"collection":[{"href":"https:\/\/serverdedicato.lovenailsrivenditore.com\/index.php?rest_route=\/wp\/v2\/product"}],"about":[{"href":"https:\/\/serverdedicato.lovenailsrivenditore.com\/index.php?rest_route=\/wp\/v2\/types\/product"}],"replies":[{"embeddable":true,"href":"https:\/\/serverdedicato.lovenailsrivenditore.com\/index.php?rest_route=%2Fwp%2Fv2%2Fcomments&post=25074"}],"wp:featuredmedia":[{"embeddable":true,"href":"https:\/\/serverdedicato.lovenailsrivenditore.com\/index.php?rest_route=\/wp\/v2\/media\/25075"}],"wp:attachment":[{"href":"https:\/\/serverdedicato.lovenailsrivenditore.com\/index.php?rest_route=%2Fwp%2Fv2%2Fmedia&parent=25074"}],"wp:term":[{"taxonomy":"product_brand","embeddable":true,"href":"https:\/\/serverdedicato.lovenailsrivenditore.com\/index.php?rest_route=%2Fwp%2Fv2%2Fproduct_brand&post=25074"},{"taxonomy":"product_cat","embeddable":true,"href":"https:\/\/serverdedicato.lovenailsrivenditore.com\/index.php?rest_route=%2Fwp%2Fv2%2Fproduct_cat&post=25074"},{"taxonomy":"product_tag","embeddable":true,"href":"https:\/\/serverdedicato.lovenailsrivenditore.com\/index.php?rest_route=%2Fwp%2Fv2%2Fproduct_tag&post=25074"}],"curies":[{"name":"wp","href":"https:\/\/api.w.org\/{rel}","templated":true}]}}