{"id":25095,"date":"2024-09-19T15:45:58","date_gmt":"2024-09-19T13:45:58","guid":{"rendered":"https:\/\/serverdedicato.lovenailsrivenditore.com\/?product=palu-tbilisi-11ml-tb5"},"modified":"2026-04-18T13:29:19","modified_gmt":"2026-04-18T11:29:19","slug":"palu-tbilisi-11ml-tb5","status":"publish","type":"product","link":"https:\/\/serverdedicato.lovenailsrivenditore.com\/?product=palu-tbilisi-11ml-tb5","title":{"rendered":"PALU &#8211; TBILISI 11ml &#8211; TB5"},"content":{"rendered":"<p>A Tbilisi la primavera si rivela in tutto il suo splendore quando la citt\u00e0 sboccia di fiori rosa sugli alberi. TB5 \u00e8 un rosa delicato e cipria che ricorda quei primi giorni caldi in cui la natura prende vita e Tbilisi \u00e8 immersa in un&#8217;aura romantica.<\/p>\n<p>Nella collezione troverai marroni, beige, rosa e viola che si armonizzano con gli stili direttamente dalla capitale georgiana.<\/p>\n<p><strong>Il prodotto \u00e8 destinato all&#8217;uso professionale.<\/strong><\/p>\n<ul>\n<li>copertura dopo 1-2 strati<\/li>\n<li>facile applicazione<\/li>\n<li>lucentezza intensa<\/li>\n<li>consistenza: mediamente densa<\/li>\n<li>durata fino a 3 settimane<\/li>\n<li>capacit\u00e0: 11 gr<\/li>\n<\/ul>\n<p><strong>\u00a0<\/strong><\/p>\n<p><em>Ti informiamo che facciamo ogni sforzo per garantire che la grafica presentata sul sito rispecchi al meglio i colori reali dei nostri prodotti. Fattori fuori dal nostro controllo, come, tra gli altri: l&#8217;illuminazione utilizzata durante la visualizzazione della grafica, il tipo di apparecchiatura elettronica utilizzata, le impostazioni dello schermo o le schede grafiche &#8211; influenzano la ricezione\/interpretazione della grafica visualizzata<\/em><\/p>\n","protected":false},"excerpt":{"rendered":"<p>A Tbilisi la primavera si rivela in tutto il suo splendore quando la citt\u00e0 sboccia di fiori rosa sugli alberi. TB5 \u00e8 un rosa delicato e cipria che ricorda quei primi giorni caldi in cui la natura prende vita e Tbilisi \u00e8 immersa in un&#8217;aura romantica.<\/p>\n<p>Nella collezione troverai marroni, beige, rosa e viola che si armonizzano con gli stili direttamente dalla capitale georgiana.<\/p>\n","protected":false},"featured_media":25096,"comment_status":"closed","ping_status":"open","template":"","meta":[],"product_brand":[],"product_cat":[1682,1644,1509],"product_tag":[1646,275,2441,2440],"class_list":{"0":"post-25095","1":"product","2":"type-product","3":"status-publish","4":"has-post-thumbnail","6":"product_cat-colori-semipermanente-palu","7":"product_cat-palu","8":"product_cat-top-brand-professionali-unghie","9":"product_tag-palu","10":"product_tag-rosa","11":"product_tag-rosa-caldo","12":"product_tag-tbilisi","14":"first","15":"instock","16":"shipping-taxable","17":"purchasable","18":"product-type-simple"},"_links":{"self":[{"href":"https:\/\/serverdedicato.lovenailsrivenditore.com\/index.php?rest_route=\/wp\/v2\/product\/25095","targetHints":{"allow":["GET"]}}],"collection":[{"href":"https:\/\/serverdedicato.lovenailsrivenditore.com\/index.php?rest_route=\/wp\/v2\/product"}],"about":[{"href":"https:\/\/serverdedicato.lovenailsrivenditore.com\/index.php?rest_route=\/wp\/v2\/types\/product"}],"replies":[{"embeddable":true,"href":"https:\/\/serverdedicato.lovenailsrivenditore.com\/index.php?rest_route=%2Fwp%2Fv2%2Fcomments&post=25095"}],"wp:featuredmedia":[{"embeddable":true,"href":"https:\/\/serverdedicato.lovenailsrivenditore.com\/index.php?rest_route=\/wp\/v2\/media\/25096"}],"wp:attachment":[{"href":"https:\/\/serverdedicato.lovenailsrivenditore.com\/index.php?rest_route=%2Fwp%2Fv2%2Fmedia&parent=25095"}],"wp:term":[{"taxonomy":"product_brand","embeddable":true,"href":"https:\/\/serverdedicato.lovenailsrivenditore.com\/index.php?rest_route=%2Fwp%2Fv2%2Fproduct_brand&post=25095"},{"taxonomy":"product_cat","embeddable":true,"href":"https:\/\/serverdedicato.lovenailsrivenditore.com\/index.php?rest_route=%2Fwp%2Fv2%2Fproduct_cat&post=25095"},{"taxonomy":"product_tag","embeddable":true,"href":"https:\/\/serverdedicato.lovenailsrivenditore.com\/index.php?rest_route=%2Fwp%2Fv2%2Fproduct_tag&post=25095"}],"curies":[{"name":"wp","href":"https:\/\/api.w.org\/{rel}","templated":true}]}}