{"id":25194,"date":"2024-09-25T11:32:46","date_gmt":"2024-09-25T09:32:46","guid":{"rendered":"https:\/\/serverdedicato.lovenailsrivenditore.com\/?product=molly-lac-liquid-violet-5ml-n-528"},"modified":"2026-04-18T13:30:35","modified_gmt":"2026-04-18T11:30:35","slug":"molly-lac-liquid-violet-5ml-n-528","status":"publish","type":"product","link":"https:\/\/serverdedicato.lovenailsrivenditore.com\/?product=molly-lac-liquid-violet-5ml-n-528","title":{"rendered":"Molly Lac &#8211; Liquid Violet 5ml &#8211; n.528"},"content":{"rendered":"<div id=\"product-description-short-38349\" class=\"short-desc\">\n<p>528. Liquid Violet: brilla come un diamante! Questa tonalit\u00e0 unica di viola con una luce delicata \u00e8 sicuramente la preferita di ogni donna sicura di s\u00e9. Metti in risalto la tua personalit\u00e0 con il colore e sorprendi gli altri con una manicure straordinaria.<\/p>\n<\/div>\n<div class=\"product-actions\">\n<form id=\"add-to-cart-or-refresh\" action=\"https:\/\/b2b.gnb-lab.com\/pl\/koszyk\" method=\"post\">\n<div class=\"productButtons flex-container align-items-center\">\n<div class=\"wrap_alert relative dib\"><\/div>\n<\/div>\n<\/form>\n<\/div>\n","protected":false},"excerpt":{"rendered":"<p>528. Liquid Violet: brilla come un diamante! Questa tonalit\u00e0 unica di viola con una luce delicata \u00e8 sicuramente la preferita di ogni donna sicura di s\u00e9. Metti in risalto la tua personalit\u00e0 con il colore e sorprendi gli altri con una manicure straordinaria.<\/p>\n","protected":false},"featured_media":25195,"comment_status":"closed","ping_status":"open","template":"","meta":[],"product_brand":[],"product_cat":[24,82,81,83],"product_tag":[182,73],"class_list":{"0":"post-25194","1":"product","2":"type-product","3":"status-publish","4":"has-post-thumbnail","6":"product_cat-colori","7":"product_cat-colori-semipermanente","8":"product_cat-molly-lac","9":"product_cat-semipermanenti","10":"product_tag-viola","11":"product_tag-violet","13":"first","14":"instock","15":"shipping-taxable","16":"purchasable","17":"product-type-simple"},"_links":{"self":[{"href":"https:\/\/serverdedicato.lovenailsrivenditore.com\/index.php?rest_route=\/wp\/v2\/product\/25194","targetHints":{"allow":["GET"]}}],"collection":[{"href":"https:\/\/serverdedicato.lovenailsrivenditore.com\/index.php?rest_route=\/wp\/v2\/product"}],"about":[{"href":"https:\/\/serverdedicato.lovenailsrivenditore.com\/index.php?rest_route=\/wp\/v2\/types\/product"}],"replies":[{"embeddable":true,"href":"https:\/\/serverdedicato.lovenailsrivenditore.com\/index.php?rest_route=%2Fwp%2Fv2%2Fcomments&post=25194"}],"wp:featuredmedia":[{"embeddable":true,"href":"https:\/\/serverdedicato.lovenailsrivenditore.com\/index.php?rest_route=\/wp\/v2\/media\/25195"}],"wp:attachment":[{"href":"https:\/\/serverdedicato.lovenailsrivenditore.com\/index.php?rest_route=%2Fwp%2Fv2%2Fmedia&parent=25194"}],"wp:term":[{"taxonomy":"product_brand","embeddable":true,"href":"https:\/\/serverdedicato.lovenailsrivenditore.com\/index.php?rest_route=%2Fwp%2Fv2%2Fproduct_brand&post=25194"},{"taxonomy":"product_cat","embeddable":true,"href":"https:\/\/serverdedicato.lovenailsrivenditore.com\/index.php?rest_route=%2Fwp%2Fv2%2Fproduct_cat&post=25194"},{"taxonomy":"product_tag","embeddable":true,"href":"https:\/\/serverdedicato.lovenailsrivenditore.com\/index.php?rest_route=%2Fwp%2Fv2%2Fproduct_tag&post=25194"}],"curies":[{"name":"wp","href":"https:\/\/api.w.org\/{rel}","templated":true}]}}