{"id":25261,"date":"2024-09-26T10:49:49","date_gmt":"2024-09-26T08:49:49","guid":{"rendered":"https:\/\/serverdedicato.lovenailsrivenditore.com\/?product=allepaznokcie-rose-gold-mirror"},"modified":"2026-04-18T13:31:23","modified_gmt":"2026-04-18T11:31:23","slug":"allepaznokcie-rose-gold-mirror","status":"publish","type":"product","link":"https:\/\/serverdedicato.lovenailsrivenditore.com\/?product=allepaznokcie-rose-gold-mirror","title":{"rendered":"Allepaznokcie &#8211; Rose Gold Mirror"},"content":{"rendered":"<p><strong><span>Rose Gold Mirror<\/span><\/strong><span> \u00a0\u00e8 una magica polvere ultrafine che cambier\u00e0 in modo unico ogni tua manicure! La straordinaria superficie far\u00e0 risaltare ulteriormente la brillantezza delle tue unghie.<\/span><\/p>\n","protected":false},"excerpt":{"rendered":"<p><strong>Rose Gold Mirror<\/strong> \u00a0\u00e8 una magica polvere ultrafine che cambier\u00e0 in modo unico ogni tua manicure! La straordinaria superficie far\u00e0 risaltare ulteriormente la brillantezza delle tue unghie.<\/p>\n","protected":false},"featured_media":25262,"comment_status":"closed","ping_status":"open","template":"","meta":[],"product_brand":[],"product_cat":[35],"product_tag":[1383,334,1102],"class_list":{"0":"post-25261","1":"product","2":"type-product","3":"status-publish","4":"has-post-thumbnail","6":"product_cat-decorazioni","7":"product_tag-effetto-specchio","8":"product_tag-oro-rosa","9":"product_tag-rose-gold","11":"first","12":"instock","13":"shipping-taxable","14":"purchasable","15":"product-type-simple"},"_links":{"self":[{"href":"https:\/\/serverdedicato.lovenailsrivenditore.com\/index.php?rest_route=\/wp\/v2\/product\/25261","targetHints":{"allow":["GET"]}}],"collection":[{"href":"https:\/\/serverdedicato.lovenailsrivenditore.com\/index.php?rest_route=\/wp\/v2\/product"}],"about":[{"href":"https:\/\/serverdedicato.lovenailsrivenditore.com\/index.php?rest_route=\/wp\/v2\/types\/product"}],"replies":[{"embeddable":true,"href":"https:\/\/serverdedicato.lovenailsrivenditore.com\/index.php?rest_route=%2Fwp%2Fv2%2Fcomments&post=25261"}],"wp:featuredmedia":[{"embeddable":true,"href":"https:\/\/serverdedicato.lovenailsrivenditore.com\/index.php?rest_route=\/wp\/v2\/media\/25262"}],"wp:attachment":[{"href":"https:\/\/serverdedicato.lovenailsrivenditore.com\/index.php?rest_route=%2Fwp%2Fv2%2Fmedia&parent=25261"}],"wp:term":[{"taxonomy":"product_brand","embeddable":true,"href":"https:\/\/serverdedicato.lovenailsrivenditore.com\/index.php?rest_route=%2Fwp%2Fv2%2Fproduct_brand&post=25261"},{"taxonomy":"product_cat","embeddable":true,"href":"https:\/\/serverdedicato.lovenailsrivenditore.com\/index.php?rest_route=%2Fwp%2Fv2%2Fproduct_cat&post=25261"},{"taxonomy":"product_tag","embeddable":true,"href":"https:\/\/serverdedicato.lovenailsrivenditore.com\/index.php?rest_route=%2Fwp%2Fv2%2Fproduct_tag&post=25261"}],"curies":[{"name":"wp","href":"https:\/\/api.w.org\/{rel}","templated":true}]}}