{"id":25266,"date":"2024-09-26T10:58:50","date_gmt":"2024-09-26T08:58:50","guid":{"rendered":"https:\/\/serverdedicato.lovenailsrivenditore.com\/?product=leva-comedoni-unny"},"modified":"2026-04-18T13:31:27","modified_gmt":"2026-04-18T11:31:27","slug":"leva-comedoni-unny","status":"publish","type":"product","link":"https:\/\/serverdedicato.lovenailsrivenditore.com\/?product=leva-comedoni-unny","title":{"rendered":"Leva Comedoni &#8211; Unny"},"content":{"rendered":"<p><span>Un dispositivo professionale che permette di rimuovere in tutta sicurezza punti neri e punti neri!<\/span><\/p>\n<p><strong><span>Il cucchiaio<\/span><\/strong><span>\u00a0\u00e8 realizzato in acciaio inossidabile, quindi pu\u00f2 essere disinfettato. \u00c8 completamente sicuro e non provoca infiammazioni alla pelle, come nel caso della spremitura manuale dei punti neri. Ha due estremit\u00e0 sotto forma di anelli: dritta e piegata.<\/span><\/p>\n<p><span>Indispensabile in ogni salone di bellezza domestico e professionale!<\/span><\/p>\n<p>&nbsp;<\/p>\n","protected":false},"excerpt":{"rendered":"<p>Un dispositivo professionale che permette di rimuovere in tutta sicurezza punti neri e punti neri!<\/p>\n<p><strong>Il cucchiaio<\/strong>\u00a0\u00e8 realizzato in acciaio inossidabile, quindi pu\u00f2 essere disinfettato. \u00c8 completamente sicuro e non provoca infiammazioni alla pelle, come nel caso della spremitura manuale dei punti neri. Ha due estremit\u00e0 sotto forma di anelli: dritta e piegata.<\/p>\n<p>Indispensabile in ogni salone di bellezza domestico e professionale!<\/p>\n","protected":false},"featured_media":25267,"comment_status":"closed","ping_status":"open","template":"","meta":[],"product_brand":[],"product_cat":[177],"product_tag":[1066,2450],"class_list":{"0":"post-25266","1":"product","2":"type-product","3":"status-publish","4":"has-post-thumbnail","6":"product_cat-accessori","7":"product_tag-levacomedoni","8":"product_tag-punti-neri","10":"first","11":"instock","12":"shipping-taxable","13":"purchasable","14":"product-type-simple"},"_links":{"self":[{"href":"https:\/\/serverdedicato.lovenailsrivenditore.com\/index.php?rest_route=\/wp\/v2\/product\/25266","targetHints":{"allow":["GET"]}}],"collection":[{"href":"https:\/\/serverdedicato.lovenailsrivenditore.com\/index.php?rest_route=\/wp\/v2\/product"}],"about":[{"href":"https:\/\/serverdedicato.lovenailsrivenditore.com\/index.php?rest_route=\/wp\/v2\/types\/product"}],"replies":[{"embeddable":true,"href":"https:\/\/serverdedicato.lovenailsrivenditore.com\/index.php?rest_route=%2Fwp%2Fv2%2Fcomments&post=25266"}],"wp:featuredmedia":[{"embeddable":true,"href":"https:\/\/serverdedicato.lovenailsrivenditore.com\/index.php?rest_route=\/wp\/v2\/media\/25267"}],"wp:attachment":[{"href":"https:\/\/serverdedicato.lovenailsrivenditore.com\/index.php?rest_route=%2Fwp%2Fv2%2Fmedia&parent=25266"}],"wp:term":[{"taxonomy":"product_brand","embeddable":true,"href":"https:\/\/serverdedicato.lovenailsrivenditore.com\/index.php?rest_route=%2Fwp%2Fv2%2Fproduct_brand&post=25266"},{"taxonomy":"product_cat","embeddable":true,"href":"https:\/\/serverdedicato.lovenailsrivenditore.com\/index.php?rest_route=%2Fwp%2Fv2%2Fproduct_cat&post=25266"},{"taxonomy":"product_tag","embeddable":true,"href":"https:\/\/serverdedicato.lovenailsrivenditore.com\/index.php?rest_route=%2Fwp%2Fv2%2Fproduct_tag&post=25266"}],"curies":[{"name":"wp","href":"https:\/\/api.w.org\/{rel}","templated":true}]}}