{"id":25839,"date":"2024-11-15T17:14:56","date_gmt":"2024-11-15T16:14:56","guid":{"rendered":"https:\/\/serverdedicato.lovenailsrivenditore.com\/?product=perfect-french-natural-allepaznokcie-15gr"},"modified":"2026-04-18T13:41:35","modified_gmt":"2026-04-18T11:41:35","slug":"perfect-french-natural-allepaznokcie-15gr","status":"publish","type":"product","link":"https:\/\/serverdedicato.lovenailsrivenditore.com\/?product=perfect-french-natural-allepaznokcie-15gr","title":{"rendered":"Perfect French Natural Allepaznokcie 15gr"},"content":{"rendered":"<p>Perfect French Natural \u00e8 un gel costruttore monofasico, ad alta densit\u00e0, autolivellante. \u00c9 adatto a tutte le stagioni, ideato per allungamenti, refill, coperture in gel e per la French inversa. Colore Nude , 30gr<\/p>\n<p>CARATTERISTICHE:<\/p>\n<ul>\n<li>alta densit\u00e0<\/li>\n<li>autolivellante<\/li>\n<li>monofasico<\/li>\n<li>privo di acidi<\/li>\n<li>brucia solo nei casi in cui \u00e8 dosato eccessivamente<\/li>\n<li>non cola<\/li>\n<li>rigido<\/li>\n<\/ul>\n<p>TEMPO DI CATALIZZAZIONE:<\/p>\n<p>Lampada UV 120 sec.<br \/>\nLampada DIODI 60 sec.<\/p>\n","protected":false},"excerpt":{"rendered":"<p>Perfect French Natural \u00e8 un gel costruttore monofasico, ad alta densit\u00e0, autolivellante. \u00c9 adatto a tutte le stagioni, ideato per allungamenti, refill, coperture in gel e per la French inversa. Colore Nude , 30gr<\/p>\n","protected":false},"featured_media":25840,"comment_status":"closed","ping_status":"open","template":"","meta":[],"product_brand":[],"product_cat":[224,225,223,81],"product_tag":[227,75,229,723],"class_list":{"0":"post-25839","1":"product","2":"type-product","3":"status-publish","4":"has-post-thumbnail","6":"product_cat-costruttori","7":"product_cat-costruttori-molly-lac","8":"product_cat-gel-uv","9":"product_cat-molly-lac","10":"product_tag-costruttore","11":"product_tag-gel","12":"product_tag-monofasico","13":"product_tag-uv","15":"first","16":"instock","17":"shipping-taxable","18":"purchasable","19":"product-type-simple"},"_links":{"self":[{"href":"https:\/\/serverdedicato.lovenailsrivenditore.com\/index.php?rest_route=\/wp\/v2\/product\/25839","targetHints":{"allow":["GET"]}}],"collection":[{"href":"https:\/\/serverdedicato.lovenailsrivenditore.com\/index.php?rest_route=\/wp\/v2\/product"}],"about":[{"href":"https:\/\/serverdedicato.lovenailsrivenditore.com\/index.php?rest_route=\/wp\/v2\/types\/product"}],"replies":[{"embeddable":true,"href":"https:\/\/serverdedicato.lovenailsrivenditore.com\/index.php?rest_route=%2Fwp%2Fv2%2Fcomments&post=25839"}],"wp:featuredmedia":[{"embeddable":true,"href":"https:\/\/serverdedicato.lovenailsrivenditore.com\/index.php?rest_route=\/wp\/v2\/media\/25840"}],"wp:attachment":[{"href":"https:\/\/serverdedicato.lovenailsrivenditore.com\/index.php?rest_route=%2Fwp%2Fv2%2Fmedia&parent=25839"}],"wp:term":[{"taxonomy":"product_brand","embeddable":true,"href":"https:\/\/serverdedicato.lovenailsrivenditore.com\/index.php?rest_route=%2Fwp%2Fv2%2Fproduct_brand&post=25839"},{"taxonomy":"product_cat","embeddable":true,"href":"https:\/\/serverdedicato.lovenailsrivenditore.com\/index.php?rest_route=%2Fwp%2Fv2%2Fproduct_cat&post=25839"},{"taxonomy":"product_tag","embeddable":true,"href":"https:\/\/serverdedicato.lovenailsrivenditore.com\/index.php?rest_route=%2Fwp%2Fv2%2Fproduct_tag&post=25839"}],"curies":[{"name":"wp","href":"https:\/\/api.w.org\/{rel}","templated":true}]}}