{"id":25957,"date":"2024-11-23T23:26:22","date_gmt":"2024-11-23T22:26:22","guid":{"rendered":"https:\/\/serverdedicato.lovenailsrivenditore.com\/?product=spider-gel-blu-3ml-molly-lac"},"modified":"2026-04-18T13:42:56","modified_gmt":"2026-04-18T11:42:56","slug":"spider-gel-blu-3ml-molly-lac","status":"publish","type":"product","link":"https:\/\/serverdedicato.lovenailsrivenditore.com\/?product=spider-gel-blu-3ml-molly-lac","title":{"rendered":"Spider Gel- BLU &#8211; 3ml Molly Lac"},"content":{"rendered":"<p>Linee precise e intricate? Oh si! Con il nuovo SPIDER GEL!<\/p>\n<p>Scopri l\u2019esclusivo gel per decorare, che intreccer\u00e0 anche lo stile pi\u00f9 fantasioso come una tela di ragno<\/p>\n<p>Il gel gommoso e tirante dalla consistenza densa \u00e8 un prodotto eccellente, grazie al quale puoi creare rapidamente e facilmente linee sottili e dritte.<\/p>\n<p>L\u2019utilizzo del prodotto \u00e8 molto semplice \u2013 le decorazioni si fanno praticamente da sole<\/p>\n","protected":false},"excerpt":{"rendered":"<p>Linee precise e intricate? Oh si! Con il nuovo SPIDER GEL! Scopri l\u2019esclusivo gel per decorare, che intreccer\u00e0 anche lo stile pi\u00f9 fantasioso come una tela di ragno Il gel gommoso e tirante dalla consistenza densa \u00e8 un prodotto eccellente, grazie al quale puoi creare rapidamente e facilmente linee sottili e dritte. L\u2019utilizzo del prodotto [&hellip;]<\/p>\n","protected":false},"featured_media":25958,"comment_status":"closed","ping_status":"open","template":"","meta":[],"product_brand":[],"product_cat":[24,82,81],"product_tag":[192,84,1008,1009],"class_list":{"0":"post-25957","1":"product","2":"type-product","3":"status-publish","4":"has-post-thumbnail","6":"product_cat-colori","7":"product_cat-colori-semipermanente","8":"product_cat-molly-lac","9":"product_tag-blu","10":"product_tag-molly-lac","11":"product_tag-spider","12":"product_tag-spider-gel","14":"first","15":"instock","16":"sold-individually","17":"shipping-taxable","18":"purchasable","19":"product-type-simple"},"_links":{"self":[{"href":"https:\/\/serverdedicato.lovenailsrivenditore.com\/index.php?rest_route=\/wp\/v2\/product\/25957","targetHints":{"allow":["GET"]}}],"collection":[{"href":"https:\/\/serverdedicato.lovenailsrivenditore.com\/index.php?rest_route=\/wp\/v2\/product"}],"about":[{"href":"https:\/\/serverdedicato.lovenailsrivenditore.com\/index.php?rest_route=\/wp\/v2\/types\/product"}],"replies":[{"embeddable":true,"href":"https:\/\/serverdedicato.lovenailsrivenditore.com\/index.php?rest_route=%2Fwp%2Fv2%2Fcomments&post=25957"}],"wp:featuredmedia":[{"embeddable":true,"href":"https:\/\/serverdedicato.lovenailsrivenditore.com\/index.php?rest_route=\/wp\/v2\/media\/25958"}],"wp:attachment":[{"href":"https:\/\/serverdedicato.lovenailsrivenditore.com\/index.php?rest_route=%2Fwp%2Fv2%2Fmedia&parent=25957"}],"wp:term":[{"taxonomy":"product_brand","embeddable":true,"href":"https:\/\/serverdedicato.lovenailsrivenditore.com\/index.php?rest_route=%2Fwp%2Fv2%2Fproduct_brand&post=25957"},{"taxonomy":"product_cat","embeddable":true,"href":"https:\/\/serverdedicato.lovenailsrivenditore.com\/index.php?rest_route=%2Fwp%2Fv2%2Fproduct_cat&post=25957"},{"taxonomy":"product_tag","embeddable":true,"href":"https:\/\/serverdedicato.lovenailsrivenditore.com\/index.php?rest_route=%2Fwp%2Fv2%2Fproduct_tag&post=25957"}],"curies":[{"name":"wp","href":"https:\/\/api.w.org\/{rel}","templated":true}]}}