{"id":26251,"date":"2024-11-24T21:04:09","date_gmt":"2024-11-24T20:04:09","guid":{"rendered":"https:\/\/serverdedicato.lovenailsrivenditore.com\/?product=453-peach-of-cake-5ml-molly-lac"},"modified":"2026-04-18T13:46:23","modified_gmt":"2026-04-18T11:46:23","slug":"453-peach-of-cake-5ml-molly-lac","status":"publish","type":"product","link":"https:\/\/serverdedicato.lovenailsrivenditore.com\/?product=453-peach-of-cake-5ml-molly-lac","title":{"rendered":"453 Peach Of Cake 5ml Molly Lac"},"content":{"rendered":"<p>Scegli la qualit\u00e0 eccezionale degli smalti ibridi Molly Lac \u2665<\/p>\n<p>\u2665 1 strato di copertura<\/p>\n<p>\u2665 consistenza perfetta<\/p>\n<p>\u2665 pigmentazione perfetta<\/p>\n<p>\u2665 durata fino a 4 settimane<\/p>\n<p>\u2665 Senza formaldeide, DBP e Toluene<\/p>\n<p>\u2665 solubile in liquidi a base di acetone (sistema soak off)<br \/>\n453. una fantastica sfumatura di rosa pescato, semitrasparente, grazie ai riflessi dorati al suo interno doner\u00e0 profndit\u00e0 e paticolarit\u00e0 alla tua nail art.<\/p>\n","protected":false},"excerpt":{"rendered":"<p>Scegli la qualit\u00e0 eccezionale degli smalti ibridi Molly Lac \u2665 \u2665 1 strato di copertura \u2665 consistenza perfetta \u2665 pigmentazione perfetta \u2665 durata fino a 4 settimane \u2665 Senza formaldeide, DBP e Toluene \u2665 solubile in liquidi a base di acetone (sistema soak off) 453. una fantastica sfumatura di rosa pescato, semitrasparente, grazie ai riflessi [&hellip;]<\/p>\n","protected":false},"featured_media":26252,"comment_status":"closed","ping_status":"open","template":"","meta":[],"product_brand":[],"product_cat":[24,82,81,1776,83],"product_tag":[26,248,1136,1068,2481,275,86],"class_list":{"0":"post-26251","1":"product","2":"type-product","3":"status-publish","4":"has-post-thumbnail","6":"product_cat-colori","7":"product_cat-colori-semipermanente","8":"product_cat-molly-lac","9":"product_cat-saldi-gennaio","10":"product_cat-semipermanenti","11":"product_tag-colore","12":"product_tag-glitterato","13":"product_tag-lac","14":"product_tag-molly","15":"product_tag-molyl-lac","16":"product_tag-rosa","17":"product_tag-semipermanente","19":"first","20":"instock","21":"shipping-taxable","22":"purchasable","23":"product-type-simple"},"_links":{"self":[{"href":"https:\/\/serverdedicato.lovenailsrivenditore.com\/index.php?rest_route=\/wp\/v2\/product\/26251","targetHints":{"allow":["GET"]}}],"collection":[{"href":"https:\/\/serverdedicato.lovenailsrivenditore.com\/index.php?rest_route=\/wp\/v2\/product"}],"about":[{"href":"https:\/\/serverdedicato.lovenailsrivenditore.com\/index.php?rest_route=\/wp\/v2\/types\/product"}],"replies":[{"embeddable":true,"href":"https:\/\/serverdedicato.lovenailsrivenditore.com\/index.php?rest_route=%2Fwp%2Fv2%2Fcomments&post=26251"}],"wp:featuredmedia":[{"embeddable":true,"href":"https:\/\/serverdedicato.lovenailsrivenditore.com\/index.php?rest_route=\/wp\/v2\/media\/26252"}],"wp:attachment":[{"href":"https:\/\/serverdedicato.lovenailsrivenditore.com\/index.php?rest_route=%2Fwp%2Fv2%2Fmedia&parent=26251"}],"wp:term":[{"taxonomy":"product_brand","embeddable":true,"href":"https:\/\/serverdedicato.lovenailsrivenditore.com\/index.php?rest_route=%2Fwp%2Fv2%2Fproduct_brand&post=26251"},{"taxonomy":"product_cat","embeddable":true,"href":"https:\/\/serverdedicato.lovenailsrivenditore.com\/index.php?rest_route=%2Fwp%2Fv2%2Fproduct_cat&post=26251"},{"taxonomy":"product_tag","embeddable":true,"href":"https:\/\/serverdedicato.lovenailsrivenditore.com\/index.php?rest_route=%2Fwp%2Fv2%2Fproduct_tag&post=26251"}],"curies":[{"name":"wp","href":"https:\/\/api.w.org\/{rel}","templated":true}]}}