{"id":26261,"date":"2024-11-24T21:22:36","date_gmt":"2024-11-24T20:22:36","guid":{"rendered":"https:\/\/serverdedicato.lovenailsrivenditore.com\/?product=473-linea-macarons-pink-sugar-5-ml-molly-lac-2"},"modified":"2026-04-18T13:46:31","modified_gmt":"2026-04-18T11:46:31","slug":"473-linea-macarons-pink-sugar-5-ml-molly-lac-2","status":"publish","type":"product","link":"https:\/\/serverdedicato.lovenailsrivenditore.com\/?product=473-linea-macarons-pink-sugar-5-ml-molly-lac-2","title":{"rendered":"473 Linea Macarons-Pink Sugar 5 ml Molly Lac"},"content":{"rendered":"<p>Collezione Macarons:<\/p>\n<p>Una collezione dolce e misteriosa composta da colori interessanti che ti porter\u00e0 in un mondo sorprendente e ricco di nuance dai colori pastello adatti soprattutto per dare un tocco di luce alle vostre nailart.<\/p>\n<p>Avvolgiti in colori unici che esprimeranno te e il tuo stile carismatico.\u00a0Ciascuno dei colori ha particelle delicate che renderanno unica la tua manicure.<\/p>\n<p>Sottolinea chi sei e lasciati andare alla passione!<\/p>\n<p>I colori ipnotizzanti e non travolgenti ti faranno sicuramente girare la testa. Particelle penetranti che danzano in rose, rossi spezzati e grigi nostalgici. Quale di loro sar\u00e0 nelle tue mani?<\/p>\n<p>473.\u00a0\u00a0Pink Sugar \u00e8 una calda tonalit\u00e0 di rosa chiaro con un fiocco di menta dorata sullo sfondo. Una fresca brezza nella tua manicure \u00e8 una ricetta per rinfrescarti e per una felicit\u00e0 completa. Ci proverai?<\/p>\n<p>CARATTERISTICHE:<\/p>\n<ul>\n<li>&#8211; media viscosit\u00e0\u2665<\/li>\n<li>&#8211; coprenza in una o 2 passate\u2665<\/li>\n<li>&#8211; privo di acidi\u2665<\/li>\n<li>&#8211;\u00a0solubili in acetone\u2665<\/li>\n<li>&#8211; non contengono formaldeide, DBP e toluene\u2665<\/li>\n<li>&#8211; made in Polonia CE\u2665<\/li>\n<\/ul>\n","protected":false},"excerpt":{"rendered":"<p>Collezione Macarons:<\/p>\n<p>Una collezione dolce e misteriosa composta da colori interessanti che ti porter\u00e0 in un mondo sorprendente e ricco di nuance dai colori pastello adatti soprattutto per dare un tocco di luce alle vostre nailart\u2665<\/p>\n<p>473.\u00a0\u00a0Pink Sugar \u00e8 una calda tonalit\u00e0 di rosa chiaro con un fiocco di menta dorata sullo sfondo.\u00a0Una fresca brezza nella tua manicure \u00e8 una ricetta per rinfrescarti e per una felicit\u00e0 completa.\u00a0ci proverai?<\/p>\n<p>&nbsp;<\/p>\n","protected":false},"featured_media":26262,"comment_status":"closed","ping_status":"open","template":"","meta":[],"product_brand":[],"product_cat":[24,82,81,83],"product_tag":[33,84,61,2351],"class_list":{"0":"post-26261","1":"product","2":"type-product","3":"status-publish","4":"has-post-thumbnail","6":"product_cat-colori","7":"product_cat-colori-semipermanente","8":"product_cat-molly-lac","9":"product_cat-semipermanenti","10":"product_tag-color","11":"product_tag-molly-lac","12":"product_tag-pink","13":"product_tag-sugar","15":"first","16":"instock","17":"shipping-taxable","18":"purchasable","19":"product-type-simple"},"_links":{"self":[{"href":"https:\/\/serverdedicato.lovenailsrivenditore.com\/index.php?rest_route=\/wp\/v2\/product\/26261","targetHints":{"allow":["GET"]}}],"collection":[{"href":"https:\/\/serverdedicato.lovenailsrivenditore.com\/index.php?rest_route=\/wp\/v2\/product"}],"about":[{"href":"https:\/\/serverdedicato.lovenailsrivenditore.com\/index.php?rest_route=\/wp\/v2\/types\/product"}],"replies":[{"embeddable":true,"href":"https:\/\/serverdedicato.lovenailsrivenditore.com\/index.php?rest_route=%2Fwp%2Fv2%2Fcomments&post=26261"}],"wp:featuredmedia":[{"embeddable":true,"href":"https:\/\/serverdedicato.lovenailsrivenditore.com\/index.php?rest_route=\/wp\/v2\/media\/26262"}],"wp:attachment":[{"href":"https:\/\/serverdedicato.lovenailsrivenditore.com\/index.php?rest_route=%2Fwp%2Fv2%2Fmedia&parent=26261"}],"wp:term":[{"taxonomy":"product_brand","embeddable":true,"href":"https:\/\/serverdedicato.lovenailsrivenditore.com\/index.php?rest_route=%2Fwp%2Fv2%2Fproduct_brand&post=26261"},{"taxonomy":"product_cat","embeddable":true,"href":"https:\/\/serverdedicato.lovenailsrivenditore.com\/index.php?rest_route=%2Fwp%2Fv2%2Fproduct_cat&post=26261"},{"taxonomy":"product_tag","embeddable":true,"href":"https:\/\/serverdedicato.lovenailsrivenditore.com\/index.php?rest_route=%2Fwp%2Fv2%2Fproduct_tag&post=26261"}],"curies":[{"name":"wp","href":"https:\/\/api.w.org\/{rel}","templated":true}]}}