{"id":26506,"date":"2024-12-18T10:58:54","date_gmt":"2024-12-18T09:58:54","guid":{"rendered":"https:\/\/serverdedicato.lovenailsrivenditore.com\/?product=palu-pro-extreme-clear-12gr"},"modified":"2026-04-18T13:50:15","modified_gmt":"2026-04-18T11:50:15","slug":"palu-pro-extreme-clear-12gr","status":"publish","type":"product","link":"https:\/\/serverdedicato.lovenailsrivenditore.com\/?product=palu-pro-extreme-clear-12gr","title":{"rendered":"PALU &#8211; PRO EXTREME CLEAR &#8211; 12gr"},"content":{"rendered":"<p><strong><span>Pro Extreme Constructor Gel \u00e8 un prodotto creato per garantire che i tuoi clienti tornino da te con uno stile e una durata senza rivali!<\/span><\/strong><span>\u00a0La formula \u00e8 stata creata sulla base della pratica del salone e della conoscenza tecnologica maturata nel corso di molti anni. Progettato per abbinare perfettamente consistenza, densit\u00e0, viscosit\u00e0 e facilit\u00e0 di applicazione del prodotto all&#8217;uso previsto.<\/span><\/p>\n<p><strong><span>Pro Extreme Constructor Gel<\/span><\/strong><span>\u00a0\u00e8\u00a0<\/span><strong><span>il gel da costruzione pi\u00f9 duro della Palu,<\/span><\/strong><span>\u00a0creato per\u00a0<\/span><strong><span>unghie lunghe, resistenti e dure<\/span><\/strong><span>\u00a0. Il gel \u00e8 particolarmente indicato per costruire\u00a0<\/span><strong><span>uno scheletro perfetto di unghie lunghe<\/span><\/strong><span> e per allungare le unghie su nail form e dual form. Perfetto per creare uno scheletro sottile per ampliamenti strutturali.\u00a0 Il gel rimane stabile nella forma anche in condizioni difficili ed \u00e8 resistente ai danni e ai fattori esterni.<\/span><\/p>\n<p><span>Pro Extreme Contructor Gel \u00e8 un gel trasparente, privo di acidi, arricchito con propriet\u00e0 tixotropiche che facilitano la perfetta distribuzione della massa sull&#8217;unghia senza colare sulle cuticole. La sua consistenza densa &#8220;gelatina&#8221; con leggere propriet\u00e0 autolivellanti consente il pieno controllo del prodotto durante l&#8217;applicazione del gel. Si lavora facilmente con un pennello, si stende uniformemente e velocemente. Questo prodotto \u00e8 adatto a stilisti a vari livelli di avanzamento.<\/span><\/p>\n<p><strong><span>La ridotta temperatura di polimerizzazione<\/span><\/strong><span> riduce al minimo l&#8217;effetto di calore nella lampada, il che far\u00e0 piacere ancora di pi\u00f9 ai tuoi clienti. Il gel non ingiallisce dopo l&#8217;indurimento e, nonostante la sua durezza, \u00e8 molto comodo da limare e non oppone molta resistenza alla lima o al taglierino. Pro Extreme Constructor Gel \u00e8 un gel trifase, il che significa che richiede l&#8217;uso di una base sotto il gel e di una parte superiore per completare lo styling.<\/span><\/p>\n<p><span>Questo prodotto funziona perfettamente con tutti gli altri gel Palu, permettendoti di costruire unghie con tutte le serie di gel Palu disponibili.<\/span><\/p>\n<p><span>I prodotti a marchio Palu sono fabbricati in Polonia. Ci assicuriamo che l&#8217;intero processo, dall&#8217;idea attraverso i test fino allo sviluppo finale della formula, sia svolto con i pi\u00f9 alti standard e qualit\u00e0.<\/span><\/p>\n<p><span>Caratteristiche principali:<\/span><\/p>\n<ul>\n<li><span>Propriet\u00e0 autolivellanti minime;<\/span><\/li>\n<li><span>Trasparente;<\/span><\/li>\n<li><span>Consistenza densa &#8220;gelatina&#8221;;<\/span><\/li>\n<li><span>Duro dopo la polimerizzazione;<\/span><\/li>\n<li><span>Con tissotropia;<\/span><\/li>\n<li><span>Trifase \u2013 prevede l&#8217;utilizzo di una base e di un top;<\/span><\/li>\n<li><span>Senza acidi;<\/span><\/li>\n<li><span>Curva C dopo 5-8 secondi. in una lampada UV LED;<\/span><\/li>\n<li><strong><span>Applicazione<\/span><\/strong><span> : costruzione dello scheletro, allungamento delle unghie su nail form e dual form, rafforzamento e livellamento della lamina ungueale naturale;<\/span><\/li>\n<li><strong><span>Polimerizzazione<\/span><\/strong><span>\u00a0: lampada UV LED anni &#8217;60;<\/span><\/li>\n<li><span>Disponibile in 3 capacit\u00e0: 12g, 45g, 90g.<\/span><\/li>\n<\/ul>\n","protected":false},"excerpt":{"rendered":"<p><strong>Pro Extreme Constructor Gel \u00e8 un prodotto creato per garantire che i tuoi clienti tornino da te con uno stile e una durata senza rivali!<\/strong>\u00a0La formula \u00e8 stata creata sulla base della pratica del salone e della conoscenza tecnologica maturata nel corso di molti anni. Progettato per abbinare perfettamente consistenza, densit\u00e0, viscosit\u00e0 e facilit\u00e0 di applicazione del prodotto all&#8217;uso previsto.<\/p>\n<p><strong>Pro Extreme Constructor Gel<\/strong>\u00a0\u00e8\u00a0<strong>il gel da costruzione pi\u00f9 duro della Palu,<\/strong>\u00a0creato per\u00a0<strong>unghie lunghe, resistenti e dure<\/strong>\u00a0. Il gel \u00e8 particolarmente indicato per costruire\u00a0<strong>uno scheletro perfetto di unghie lunghe<\/strong> e per allungare le unghie su nail form e dual form. Perfetto per creare uno scheletro sottile per ampliamenti strutturali.\u00a0 Il gel rimane stabile nella forma anche in condizioni difficili ed \u00e8 resistente ai danni e ai fattori esterni.<\/p>\n","protected":false},"featured_media":26507,"comment_status":"closed","ping_status":"open","template":"","meta":[],"product_brand":[],"product_cat":[1647,1644,1509],"product_tag":[227,2483,1646],"class_list":{"0":"post-26506","1":"product","2":"type-product","3":"status-publish","4":"has-post-thumbnail","6":"product_cat-costruttori-palu","7":"product_cat-palu","8":"product_cat-top-brand-professionali-unghie","9":"product_tag-costruttore","10":"product_tag-extreme","11":"product_tag-palu","13":"first","14":"instock","15":"shipping-taxable","16":"purchasable","17":"product-type-simple"},"_links":{"self":[{"href":"https:\/\/serverdedicato.lovenailsrivenditore.com\/index.php?rest_route=\/wp\/v2\/product\/26506","targetHints":{"allow":["GET"]}}],"collection":[{"href":"https:\/\/serverdedicato.lovenailsrivenditore.com\/index.php?rest_route=\/wp\/v2\/product"}],"about":[{"href":"https:\/\/serverdedicato.lovenailsrivenditore.com\/index.php?rest_route=\/wp\/v2\/types\/product"}],"replies":[{"embeddable":true,"href":"https:\/\/serverdedicato.lovenailsrivenditore.com\/index.php?rest_route=%2Fwp%2Fv2%2Fcomments&post=26506"}],"wp:featuredmedia":[{"embeddable":true,"href":"https:\/\/serverdedicato.lovenailsrivenditore.com\/index.php?rest_route=\/wp\/v2\/media\/26507"}],"wp:attachment":[{"href":"https:\/\/serverdedicato.lovenailsrivenditore.com\/index.php?rest_route=%2Fwp%2Fv2%2Fmedia&parent=26506"}],"wp:term":[{"taxonomy":"product_brand","embeddable":true,"href":"https:\/\/serverdedicato.lovenailsrivenditore.com\/index.php?rest_route=%2Fwp%2Fv2%2Fproduct_brand&post=26506"},{"taxonomy":"product_cat","embeddable":true,"href":"https:\/\/serverdedicato.lovenailsrivenditore.com\/index.php?rest_route=%2Fwp%2Fv2%2Fproduct_cat&post=26506"},{"taxonomy":"product_tag","embeddable":true,"href":"https:\/\/serverdedicato.lovenailsrivenditore.com\/index.php?rest_route=%2Fwp%2Fv2%2Fproduct_tag&post=26506"}],"curies":[{"name":"wp","href":"https:\/\/api.w.org\/{rel}","templated":true}]}}