{"id":26516,"date":"2024-12-18T11:17:36","date_gmt":"2024-12-18T10:17:36","guid":{"rendered":"https:\/\/serverdedicato.lovenailsrivenditore.com\/?product=molly-nails-cat-eye-n-166-8ml"},"modified":"2026-04-18T13:50:28","modified_gmt":"2026-04-18T11:50:28","slug":"molly-nails-cat-eye-n-166-8ml","status":"publish","type":"product","link":"https:\/\/serverdedicato.lovenailsrivenditore.com\/?product=molly-nails-cat-eye-n-166-8ml","title":{"rendered":"Molly Nails &#8211; Cat Eye n.166 &#8211; 8ml"},"content":{"rendered":"<p>La\u00a0\u00a0<strong>consistenza perfettamente cremosa<\/strong>\u00a0\u00a0e\u00a0\u00a0<strong>la formula innovativa<\/strong> \u00a0garantiscono una facile applicazione.<\/p>\n<p><b>164<\/b>\u00a0Pink Rose Crystal Water Cat Eye \u00e8 una proposta ideale per le persone che desiderano aggiungere fascino sottile e lucentezza unica alle proprie unghie. Questa tonalit\u00e0 abbina il rosa delicato all&#8217;effetto cat eye, creando una manicure estremamente sensuale e femminile.<\/p>\n<ul>\n<li>Base rossa: la tonalit\u00e0 profonda e succosa del rosso lampone \u00e8 allo stesso tempo espressiva ed elegante. Aggiunge un carattere unico alle tue unghie e attirer\u00e0 molta attenzione.<\/li>\n<li><b>Effetto occhi di gatto:<\/b> speciali particelle magnetiche contenute nella semipermanente creano un fenomenale effetto occhi di gatto, che cambia a seconda dell&#8217;angolo di incidenza della luce.<\/li>\n<li><b>Lucentezza di cristallo:<\/b> il semipermanente \u00e8 decorato con un delicato effetto scintillante che aggiunge eleganza e classe<\/li>\n<\/ul>\n","protected":false},"excerpt":{"rendered":"<p>La\u00a0\u00a0<strong>consistenza perfettamente cremosa<\/strong>\u00a0\u00a0e\u00a0\u00a0<strong>la formula innovativa<\/strong> \u00a0garantiscono una facile applicazione.<\/p>\n<p><b>164<\/b>\u00a0Pink Rose Crystal Water Cat Eye \u00e8 una proposta ideale per le persone che desiderano aggiungere fascino sottile e lucentezza unica alle proprie unghie. Questa tonalit\u00e0 abbina il rosa delicato all&#8217;effetto cat eye, creando una manicure estremamente sensuale e femminile.<\/p>\n<ul>\n<li><b><span><span>Base rossa:<\/span><\/span><\/b><span><span>\u00a0la tonalit\u00e0 profonda e succosa del rosso lampone \u00e8 allo stesso tempo espressiva ed elegante. Aggiunge un carattere unico alle tue unghie e attirer\u00e0 molta attenzione.<\/span><\/span><\/li>\n<li><b>Effetto occhi di gatto:<\/b> speciali particelle magnetiche contenute nella semipermanente creano un fenomenale effetto occhi di gatto, che cambia a seconda dell&#8217;angolo di incidenza della luce.<\/li>\n<li><b>Lucentezza di cristallo:<\/b> il semipermanente \u00e8 decorato con un delicato effetto scintillante che aggiunge eleganza e classe<\/li>\n<\/ul>\n","protected":false},"featured_media":26517,"comment_status":"closed","ping_status":"open","template":"","meta":[],"product_brand":[],"product_cat":[24,82,81,83],"product_tag":[927,103,2470],"class_list":{"0":"post-26516","1":"product","2":"type-product","3":"status-publish","4":"has-post-thumbnail","6":"product_cat-colori","7":"product_cat-colori-semipermanente","8":"product_cat-molly-lac","9":"product_cat-semipermanenti","10":"product_tag-cat-eye","11":"product_tag-cat-eyes","12":"product_tag-crystal-water","14":"first","15":"instock","16":"shipping-taxable","17":"purchasable","18":"product-type-simple"},"_links":{"self":[{"href":"https:\/\/serverdedicato.lovenailsrivenditore.com\/index.php?rest_route=\/wp\/v2\/product\/26516","targetHints":{"allow":["GET"]}}],"collection":[{"href":"https:\/\/serverdedicato.lovenailsrivenditore.com\/index.php?rest_route=\/wp\/v2\/product"}],"about":[{"href":"https:\/\/serverdedicato.lovenailsrivenditore.com\/index.php?rest_route=\/wp\/v2\/types\/product"}],"replies":[{"embeddable":true,"href":"https:\/\/serverdedicato.lovenailsrivenditore.com\/index.php?rest_route=%2Fwp%2Fv2%2Fcomments&post=26516"}],"wp:featuredmedia":[{"embeddable":true,"href":"https:\/\/serverdedicato.lovenailsrivenditore.com\/index.php?rest_route=\/wp\/v2\/media\/26517"}],"wp:attachment":[{"href":"https:\/\/serverdedicato.lovenailsrivenditore.com\/index.php?rest_route=%2Fwp%2Fv2%2Fmedia&parent=26516"}],"wp:term":[{"taxonomy":"product_brand","embeddable":true,"href":"https:\/\/serverdedicato.lovenailsrivenditore.com\/index.php?rest_route=%2Fwp%2Fv2%2Fproduct_brand&post=26516"},{"taxonomy":"product_cat","embeddable":true,"href":"https:\/\/serverdedicato.lovenailsrivenditore.com\/index.php?rest_route=%2Fwp%2Fv2%2Fproduct_cat&post=26516"},{"taxonomy":"product_tag","embeddable":true,"href":"https:\/\/serverdedicato.lovenailsrivenditore.com\/index.php?rest_route=%2Fwp%2Fv2%2Fproduct_tag&post=26516"}],"curies":[{"name":"wp","href":"https:\/\/api.w.org\/{rel}","templated":true}]}}