{"id":26631,"date":"2024-12-20T15:28:29","date_gmt":"2024-12-20T14:28:29","guid":{"rendered":"https:\/\/serverdedicato.lovenailsrivenditore.com\/?product=claresa-eyeliner-festival-vibes-01-greyglow"},"modified":"2026-04-18T13:52:23","modified_gmt":"2026-04-18T11:52:23","slug":"claresa-eyeliner-festival-vibes-01-greyglow","status":"publish","type":"product","link":"https:\/\/serverdedicato.lovenailsrivenditore.com\/?product=claresa-eyeliner-festival-vibes-01-greyglow","title":{"rendered":"CLARESA &#8211; Eyeliner Festival Vibes 01 &#8211; Greyglow"},"content":{"rendered":"<p>Distinguiti dalla massa con gli eyeliner Festival Vibes! La loro formula contiene particelle lucenti che non solo aggiungeranno profondit\u00e0 al tuo look, ma attireranno anche l&#8217;attenzione di tutti coloro che ti circondano. Goditi un tratto brillante e a lunga tenuta che non sbava n\u00e9 cade, garantendo un look fresco e attraente per tutto il giorno!<\/p>\n<p>APPLICAZIONE<br \/>\nUtilizzando un applicatore preciso \u00e8 possibile creare sia linee delicate che look stravaganti e lucenti. Per potenziare l&#8217;effetto fine, applicare un secondo strato di eyeliner.<\/p>\n<p>FATTO INTERESSANTE<br \/>\nGli eyeliner Festival Vibes non sono solo particelle lucenti, ma anche una base colorata opaca che conferisce all&#8217;eyeliner un&#8217;eccezionale versatilit\u00e0 ed espressivit\u00e0 del colore! Grazie ad esso, il tratto \u00e8 pi\u00f9 resistente all&#8217;abrasione e i colori sono pi\u00f9 profondi ed espressivi, aggiungendo non solo lucentezza ma anche intensit\u00e0 al trucco.<\/p>\n","protected":false},"excerpt":{"rendered":"<p>Distinguiti dalla massa con gli eyeliner Festival Vibes! La loro formula contiene particelle lucenti che non solo aggiungeranno profondit\u00e0 al tuo look, ma attireranno anche l&#8217;attenzione di tutti coloro che ti circondano. Goditi un tratto brillante e a lunga tenuta che non sbava n\u00e9 cade, garantendo un look fresco e attraente per tutto il giorno!<\/p>\n<p>APPLICAZIONE<br \/>\nUtilizzando un applicatore preciso \u00e8 possibile creare sia linee delicate che look stravaganti e lucenti. Per potenziare l&#8217;effetto fine, applicare un secondo strato di eyeliner.<\/p>\n","protected":false},"featured_media":26632,"comment_status":"closed","ping_status":"open","template":"","meta":[],"product_brand":[],"product_cat":[2319,1856,2318,2320,1509],"product_tag":[2323,1618,350],"class_list":{"0":"post-26631","1":"product","2":"type-product","3":"status-publish","4":"has-post-thumbnail","6":"product_cat-claresa-make-up","7":"product_cat-make-up","8":"product_cat-occhi","9":"product_cat-occhi-claresa-make-up","10":"product_cat-top-brand-professionali-unghie","11":"product_tag-eyeliner","12":"product_tag-festival-vibes","13":"product_tag-glitter","15":"first","16":"instock","17":"shipping-taxable","18":"purchasable","19":"product-type-simple"},"_links":{"self":[{"href":"https:\/\/serverdedicato.lovenailsrivenditore.com\/index.php?rest_route=\/wp\/v2\/product\/26631","targetHints":{"allow":["GET"]}}],"collection":[{"href":"https:\/\/serverdedicato.lovenailsrivenditore.com\/index.php?rest_route=\/wp\/v2\/product"}],"about":[{"href":"https:\/\/serverdedicato.lovenailsrivenditore.com\/index.php?rest_route=\/wp\/v2\/types\/product"}],"replies":[{"embeddable":true,"href":"https:\/\/serverdedicato.lovenailsrivenditore.com\/index.php?rest_route=%2Fwp%2Fv2%2Fcomments&post=26631"}],"wp:featuredmedia":[{"embeddable":true,"href":"https:\/\/serverdedicato.lovenailsrivenditore.com\/index.php?rest_route=\/wp\/v2\/media\/26632"}],"wp:attachment":[{"href":"https:\/\/serverdedicato.lovenailsrivenditore.com\/index.php?rest_route=%2Fwp%2Fv2%2Fmedia&parent=26631"}],"wp:term":[{"taxonomy":"product_brand","embeddable":true,"href":"https:\/\/serverdedicato.lovenailsrivenditore.com\/index.php?rest_route=%2Fwp%2Fv2%2Fproduct_brand&post=26631"},{"taxonomy":"product_cat","embeddable":true,"href":"https:\/\/serverdedicato.lovenailsrivenditore.com\/index.php?rest_route=%2Fwp%2Fv2%2Fproduct_cat&post=26631"},{"taxonomy":"product_tag","embeddable":true,"href":"https:\/\/serverdedicato.lovenailsrivenditore.com\/index.php?rest_route=%2Fwp%2Fv2%2Fproduct_tag&post=26631"}],"curies":[{"name":"wp","href":"https:\/\/api.w.org\/{rel}","templated":true}]}}