{"id":26644,"date":"2024-12-20T16:07:24","date_gmt":"2024-12-20T15:07:24","guid":{"rendered":"https:\/\/serverdedicato.lovenailsrivenditore.com\/?product=claresa-olio-labbra-cremoso-lala-love-03"},"modified":"2026-04-18T13:52:41","modified_gmt":"2026-04-18T11:52:41","slug":"claresa-olio-labbra-cremoso-lala-love-03","status":"publish","type":"product","link":"https:\/\/serverdedicato.lovenailsrivenditore.com\/?product=claresa-olio-labbra-cremoso-lala-love-03","title":{"rendered":"CLARESA &#8211; OLIO LABBRA CREMOSO &#8211; LALA LOVE 03"},"content":{"rendered":"<p>Un lucidalabbra che ammorbidisca le tue labbra allo stesso tempo?<\/p>\n<p>Un olio labbra dalla consistenza cremosa che non cola?<\/p>\n<p>Un balsamo che dona colore naturale, coprente e lucentezza brillante?<\/p>\n<p>O forse una formula 3 in 1 che unisce tutte queste propriet\u00e0?!<\/p>\n<p>S\u00cc! La la love ti dar\u00e0 tutto ci\u00f2 di cui le tue labbra hanno bisogno!<\/p>\n<p>&nbsp;<\/p>\n<p>Immagina la sensazione di labbra morbide, ricoperte di colore brillante e irradianti di una bellezza naturale. Questo \u00e8 l&#8217;effetto che la la love doner\u00e0 alle vostre labbra! Dopo la prima applicazione, ti innamorerai di come la texture leggera e cremosa ricopre le tue labbra, rendendole non solo morbidissime, ma anche eccezionalmente lisce e lucenti. Grazie alla coprenza uniforme e ai colori naturali adatti ad ogni tipo di bellezza, otterrai un effetto discreto ma delizioso.<\/p>\n<p>CURIOSITA&#8217;:<\/p>\n<p>La formula dell&#8217;olio si basa su tre ingredienti insostituibili: olio di mandorle dolci, olio di semi di lampone e vitamina E.<\/p>\n<p>L&#8217;olio di mandorle dolci nutre e idrata le labbra, lasciandole morbide e vellutate. L&#8217;olio di semi di lampone dona loro una lucentezza sana e una cura intensiva, rendendoli irresistibilmente lisci. Inoltre, la vitamina E agisce come un potente antiossidante, proteggendo la delicata pelle delle labbra dagli effetti dannosi dei radicali liberi.<\/p>\n<p>Questa combinazione unica di ingredienti fa s\u00ec che la la love non sia solo un normale lucidalabbra o olio per labbra: \u00e8 un vero piacere per le tue labbra che le far\u00e0 apparire e sentire bellissime ogni giorno!<\/p>\n<p>APP<\/p>\n<p>Basta una sola passata per sentire la gioia della cura quotidiana e concederti una morbidezza duratura delle tue labbra! Non devi preoccuparti di sbavature accidentali o di copertura irregolare: grazie al comodo applicatore e alla consistenza cremosa, la la love garantisce una distribuzione uniforme del prodotto su tutta la superficie delle labbra. \u00c8 il tocco delicato di levigatezza e morbidezza di cui hai bisogno.<\/p>\n<p>TRUCCO DEI TRUCCATORI<\/p>\n<p>Puoi usare l&#8217;olio cremoso la la love sulle labbra o applicarlo sul tuo rossetto preferito! Grazie alla sua consistenza non grassa e leggera non devi preoccuparti che si sciolga o coli. Aggiungi lucentezza e idratazione al tuo trucco preferito!<\/p>\n","protected":false},"excerpt":{"rendered":"<p>Un lucidalabbra che ammorbidisca le tue labbra allo stesso tempo?<\/p>\n<p>Un olio labbra dalla consistenza cremosa che non cola?<\/p>\n<p>Un balsamo che dona colore naturale, coprente e lucentezza brillante?<\/p>\n<p>O forse una formula 3 in 1 che unisce tutte queste propriet\u00e0?!<\/p>\n<p>S\u00cc! La la love ti dar\u00e0 tutto ci\u00f2 di cui le tue labbra hanno bisogno!<\/p>\n","protected":false},"featured_media":26645,"comment_status":"closed","ping_status":"open","template":"","meta":[],"product_brand":[],"product_cat":[2319,1857,2328,1856,1509],"product_tag":[1128,2485,2486],"class_list":{"0":"post-26644","1":"product","2":"type-product","3":"status-publish","4":"has-post-thumbnail","6":"product_cat-claresa-make-up","7":"product_cat-labbra","8":"product_cat-labbra-claresa-make-up","9":"product_cat-make-up","10":"product_cat-top-brand-professionali-unghie","11":"product_tag-olio","12":"product_tag-olio-labbra","13":"product_tag-rossetto","15":"first","16":"instock","17":"shipping-taxable","18":"purchasable","19":"product-type-simple"},"_links":{"self":[{"href":"https:\/\/serverdedicato.lovenailsrivenditore.com\/index.php?rest_route=\/wp\/v2\/product\/26644","targetHints":{"allow":["GET"]}}],"collection":[{"href":"https:\/\/serverdedicato.lovenailsrivenditore.com\/index.php?rest_route=\/wp\/v2\/product"}],"about":[{"href":"https:\/\/serverdedicato.lovenailsrivenditore.com\/index.php?rest_route=\/wp\/v2\/types\/product"}],"replies":[{"embeddable":true,"href":"https:\/\/serverdedicato.lovenailsrivenditore.com\/index.php?rest_route=%2Fwp%2Fv2%2Fcomments&post=26644"}],"wp:featuredmedia":[{"embeddable":true,"href":"https:\/\/serverdedicato.lovenailsrivenditore.com\/index.php?rest_route=\/wp\/v2\/media\/26645"}],"wp:attachment":[{"href":"https:\/\/serverdedicato.lovenailsrivenditore.com\/index.php?rest_route=%2Fwp%2Fv2%2Fmedia&parent=26644"}],"wp:term":[{"taxonomy":"product_brand","embeddable":true,"href":"https:\/\/serverdedicato.lovenailsrivenditore.com\/index.php?rest_route=%2Fwp%2Fv2%2Fproduct_brand&post=26644"},{"taxonomy":"product_cat","embeddable":true,"href":"https:\/\/serverdedicato.lovenailsrivenditore.com\/index.php?rest_route=%2Fwp%2Fv2%2Fproduct_cat&post=26644"},{"taxonomy":"product_tag","embeddable":true,"href":"https:\/\/serverdedicato.lovenailsrivenditore.com\/index.php?rest_route=%2Fwp%2Fv2%2Fproduct_tag&post=26644"}],"curies":[{"name":"wp","href":"https:\/\/api.w.org\/{rel}","templated":true}]}}