{"id":26648,"date":"2024-12-21T09:48:05","date_gmt":"2024-12-21T08:48:05","guid":{"rendered":"https:\/\/serverdedicato.lovenailsrivenditore.com\/?product=claresa-mascara-flygirl-sexy-combcurl"},"modified":"2026-04-18T13:52:45","modified_gmt":"2026-04-18T11:52:45","slug":"claresa-mascara-flygirl-sexy-combcurl","status":"publish","type":"product","link":"https:\/\/serverdedicato.lovenailsrivenditore.com\/?product=claresa-mascara-flygirl-sexy-combcurl","title":{"rendered":"CLARESA &#8211; MASCARA FLYGIRL SEXY COMB&#038;CURL"},"content":{"rendered":"<p><span>Mascara\u00a0<\/span><strong><span>FLYGIRL COMB&amp;CURL<\/span><\/strong><span> per un&#8217;incurvatura ultra seducente! Grazie alla sua consistenza cremosa, il mascara si stende perfettamente sulle ciglia, garantendo un look civettuolo a lunga durata senza sbavature, riflessi o sgretolamenti. Lo scovolino asimmetrico in silicone presenta da un lato brevi protuberanze, che permettono di raggiungere con precisione la base delle ciglia per sollevarle visibilmente, e dall&#8217;altro lato, protuberanze dritte e lunghe (come un pettine) che consentono una pettinatura precisa. Il risultato sono ciglia liftate, lunghe, infoltite e perfettamente pettinate.<\/span><\/p>\n<p><strong><span>CURIOSIT\u00c0<\/span><\/strong><br \/>\n<span>La cera d&#8217;api sintetica crea un film nutriente sulla superficie delle ciglia, che impedisce all&#8217;umidit\u00e0 di evaporare. \u00c8 un sostituto ideale della cera d&#8217;api naturale per le persone allergiche ad essa.<\/span><\/p>\n<p><strong><span>APPLICAZIONE<\/span><\/strong><br \/>\n<span>Applicare il mascara dalle radici delle ciglia fino alle punte. Puoi graduare l&#8217;effetto ispessente e allungante aggiungendo strati successivi.<\/span><\/p>\n<p><strong><span>TRUCCO DEI MAKEUP ARTISTS<\/span><\/strong><br \/>\n<span>@marietta_makeup consiglia: Per prima cosa, concentrati sulla base delle ciglia, pettinando il mascara nel punto in cui crescono i peli con un movimento lento a zigzag. Prova a tirare lentamente le ciglia verso l&#8217;alto il pi\u00f9 possibile, accelerando solo sulla punta. In questo modo le ciglia verranno sollevate fin dalla radice (simile alla mousse per capelli: per sollevarle utilizziamo la mousse principalmente sulla sommit\u00e0 della testa e non sulle punte dei capelli). La dinamica dei movimenti \u00e8 molto importante: pettinare alle radici ed estrarre dovrebbe essere il pi\u00f9 lento possibile, mentre accelerare alle punte far\u00e0 s\u00ec che non rimanga troppo mascara su di esse. Le ciglia dipinte in questo modo risulteranno sollevate e visibilmente infoltite su tutta la loro lunghezza, e alle estremit\u00e0 si restringeranno piacevolmente e naturalmente.<\/span><\/p>\n","protected":false},"excerpt":{"rendered":"<p>Mascara\u00a0<strong>FLYGIRL COMB&amp;CURL<\/strong> per un&#8217;incurvatura ultra seducente! Grazie alla sua consistenza cremosa, il mascara si stende perfettamente sulle ciglia, garantendo un look civettuolo a lunga durata senza sbavature, riflessi o sgretolamenti. Lo scovolino asimmetrico in silicone presenta da un lato brevi protuberanze, che permettono di raggiungere con precisione la base delle ciglia per sollevarle visibilmente, e dall&#8217;altro lato, protuberanze dritte e lunghe (come un pettine) che consentono una pettinatura precisa. Il risultato sono ciglia liftate, lunghe, infoltite e perfettamente pettinate.<\/p>\n","protected":false},"featured_media":26649,"comment_status":"closed","ping_status":"open","template":"","meta":[],"product_brand":[],"product_cat":[2319,1856,2320,2318,1509],"product_tag":[2487,2362,1867],"class_list":{"0":"post-26648","1":"product","2":"type-product","3":"status-publish","4":"has-post-thumbnail","6":"product_cat-claresa-make-up","7":"product_cat-make-up","8":"product_cat-occhi-claresa-make-up","9":"product_cat-occhi","10":"product_cat-top-brand-professionali-unghie","11":"product_tag-claresa-makeup","12":"product_tag-curl","13":"product_tag-mascara","15":"first","16":"instock","17":"shipping-taxable","18":"purchasable","19":"product-type-simple"},"_links":{"self":[{"href":"https:\/\/serverdedicato.lovenailsrivenditore.com\/index.php?rest_route=\/wp\/v2\/product\/26648","targetHints":{"allow":["GET"]}}],"collection":[{"href":"https:\/\/serverdedicato.lovenailsrivenditore.com\/index.php?rest_route=\/wp\/v2\/product"}],"about":[{"href":"https:\/\/serverdedicato.lovenailsrivenditore.com\/index.php?rest_route=\/wp\/v2\/types\/product"}],"replies":[{"embeddable":true,"href":"https:\/\/serverdedicato.lovenailsrivenditore.com\/index.php?rest_route=%2Fwp%2Fv2%2Fcomments&post=26648"}],"wp:featuredmedia":[{"embeddable":true,"href":"https:\/\/serverdedicato.lovenailsrivenditore.com\/index.php?rest_route=\/wp\/v2\/media\/26649"}],"wp:attachment":[{"href":"https:\/\/serverdedicato.lovenailsrivenditore.com\/index.php?rest_route=%2Fwp%2Fv2%2Fmedia&parent=26648"}],"wp:term":[{"taxonomy":"product_brand","embeddable":true,"href":"https:\/\/serverdedicato.lovenailsrivenditore.com\/index.php?rest_route=%2Fwp%2Fv2%2Fproduct_brand&post=26648"},{"taxonomy":"product_cat","embeddable":true,"href":"https:\/\/serverdedicato.lovenailsrivenditore.com\/index.php?rest_route=%2Fwp%2Fv2%2Fproduct_cat&post=26648"},{"taxonomy":"product_tag","embeddable":true,"href":"https:\/\/serverdedicato.lovenailsrivenditore.com\/index.php?rest_route=%2Fwp%2Fv2%2Fproduct_tag&post=26648"}],"curies":[{"name":"wp","href":"https:\/\/api.w.org\/{rel}","templated":true}]}}