{"id":26692,"date":"2024-12-21T11:38:09","date_gmt":"2024-12-21T10:38:09","guid":{"rendered":"https:\/\/serverdedicato.lovenailsrivenditore.com\/?product=luna-top-secret-05-13ml"},"modified":"2026-04-18T13:53:22","modified_gmt":"2026-04-18T11:53:22","slug":"luna-top-secret-05-13ml","status":"publish","type":"product","link":"https:\/\/serverdedicato.lovenailsrivenditore.com\/?product=luna-top-secret-05-13ml","title":{"rendered":"LUNA &#8211; TOP SECRET 05 &#8211; 13ml"},"content":{"rendered":"<p><strong>Top Secret<\/strong>\u00a0\u00e8 un top coat no-wipe che aggiunge un tocco di eleganza a qualsiasi manicure. La tua manicure non ha pi\u00f9 bisogno di parole o descrizioni, perch\u00e9 Top Secret parla da s\u00e9, evidenziando il carattere e l&#8217;individualit\u00e0 delle tue clienti.<br \/>\nTop Secret \u00e8 la scelta perfetta per le ragazze audaci!<\/p>\n<p><strong>Caratteristiche:<\/strong><\/p>\n<ul>\n<li>La consistenza \u00e8 media, consentendo di lavorare comodamente con il top coat senza difficolt\u00e0. Non cola sulle cuticole e copre bene la lamina ungueale.<\/li>\n<li>Evita il riscaldamento eccessivo della lamina ungueale durante la polimerizzazione, evitando cos\u00ec bruciature nella lampada.<\/li>\n<li>Garantisce resistenza all&#8217;usura senza scheggiature per 3-4 settimane.<\/li>\n<li>Ha un odore neutro.<\/li>\n<\/ul>\n<p><strong>Metodo di applicazione:<\/strong><\/p>\n<ol>\n<li>Lasciare agire per almeno 60 secondi.<\/li>\n<li>Per mantenere la lucentezza, non pulire lo strato di finitura dopo l&#8217;asciugatura.<\/li>\n<\/ol>\n<p>(Le immagini dei prodotti sul sito web potrebbero differire dal prodotto reale)<\/p>\n","protected":false},"excerpt":{"rendered":"<p><strong>Top Secret<\/strong>\u00a0\u00e8 un top coat no-wipe che aggiunge un tocco di eleganza a qualsiasi manicure. La tua manicure non ha pi\u00f9 bisogno di parole o descrizioni, perch\u00e9 Top Secret parla da s\u00e9, evidenziando il carattere e l&#8217;individualit\u00e0 delle tue clienti.<br \/>\nTop Secret \u00e8 la scelta perfetta per le ragazze audaci!<\/p>\n","protected":false},"featured_media":26693,"comment_status":"closed","ping_status":"open","template":"","meta":[],"product_brand":[],"product_cat":[202,2488,89,2489],"product_tag":[2490,1607,2493],"class_list":{"0":"post-26692","1":"product","2":"type-product","3":"status-publish","4":"has-post-thumbnail","6":"product_cat-finish","7":"product_cat-luna","8":"product_cat-super-saldi-di-gennaio","9":"product_cat-top","10":"product_tag-luna","11":"product_tag-top-no-wipe","12":"product_tag-top-secret","14":"first","15":"outofstock","16":"shipping-taxable","17":"purchasable","18":"product-type-simple"},"_links":{"self":[{"href":"https:\/\/serverdedicato.lovenailsrivenditore.com\/index.php?rest_route=\/wp\/v2\/product\/26692","targetHints":{"allow":["GET"]}}],"collection":[{"href":"https:\/\/serverdedicato.lovenailsrivenditore.com\/index.php?rest_route=\/wp\/v2\/product"}],"about":[{"href":"https:\/\/serverdedicato.lovenailsrivenditore.com\/index.php?rest_route=\/wp\/v2\/types\/product"}],"replies":[{"embeddable":true,"href":"https:\/\/serverdedicato.lovenailsrivenditore.com\/index.php?rest_route=%2Fwp%2Fv2%2Fcomments&post=26692"}],"wp:featuredmedia":[{"embeddable":true,"href":"https:\/\/serverdedicato.lovenailsrivenditore.com\/index.php?rest_route=\/wp\/v2\/media\/26693"}],"wp:attachment":[{"href":"https:\/\/serverdedicato.lovenailsrivenditore.com\/index.php?rest_route=%2Fwp%2Fv2%2Fmedia&parent=26692"}],"wp:term":[{"taxonomy":"product_brand","embeddable":true,"href":"https:\/\/serverdedicato.lovenailsrivenditore.com\/index.php?rest_route=%2Fwp%2Fv2%2Fproduct_brand&post=26692"},{"taxonomy":"product_cat","embeddable":true,"href":"https:\/\/serverdedicato.lovenailsrivenditore.com\/index.php?rest_route=%2Fwp%2Fv2%2Fproduct_cat&post=26692"},{"taxonomy":"product_tag","embeddable":true,"href":"https:\/\/serverdedicato.lovenailsrivenditore.com\/index.php?rest_route=%2Fwp%2Fv2%2Fproduct_tag&post=26692"}],"curies":[{"name":"wp","href":"https:\/\/api.w.org\/{rel}","templated":true}]}}