{"id":27080,"date":"2024-12-23T13:36:30","date_gmt":"2024-12-23T12:36:30","guid":{"rendered":"https:\/\/serverdedicato.lovenailsrivenditore.com\/?product=luna-strong-base-13ml"},"modified":"2026-04-18T13:59:42","modified_gmt":"2026-04-18T11:59:42","slug":"luna-strong-base-13ml","status":"publish","type":"product","link":"https:\/\/serverdedicato.lovenailsrivenditore.com\/?product=luna-strong-base-13ml","title":{"rendered":"LUNA &#8211; STRONG BASE &#8211; 13ml"},"content":{"rendered":"<p><strong><span>BASE FORTE<\/span><\/strong><span>\u00a0&#8211; \u00e8 una base solida con propriet\u00e0 simili a quelle del gel.<\/span><\/p>\n<p><span>Caratteristiche:<\/span><\/p>\n<ul>\n<li><span>Rende le unghie dure e forti.<\/span><\/li>\n<li><span>Autolivellamento molto rapido.<\/span><\/li>\n<li><span>La consistenza \u00e8 medio-liquida, il che consente di effettuare di autolivellarsi in pochi secondi.<\/span><\/li>\n<li><span>Debolmente acido, pH 5-6.<\/span><\/li>\n<li><span>Ipoallergenico.<\/span><\/li>\n<li><span>Pu\u00f2 causare calore su unghie danneggiate e molto sottili. Non si avverte calore invece su unghie sane.<\/span><\/li>\n<li><span>Facile da rimuovere<\/span><\/li>\n<li><span>Se si elimina la dispersione, non \u00e8 necessario applicare un top coat, poich\u00e9 ha gi\u00e0 una buona lucentezza.<\/span><\/li>\n<li><span>La regola di base dell&#8217;allineamento \u00e8 che lo spessore del bordo libero deve essere di 0,5 mm.<\/span><\/li>\n<li>Polimerizza in 90s<\/li>\n<\/ul>\n","protected":false},"excerpt":{"rendered":"<p><strong>BASE FORTE<\/strong>\u00a0&#8211; \u00e8 una base solida con propriet\u00e0 simili a quelle del gel.<\/p>\n","protected":false},"featured_media":27081,"comment_status":"closed","ping_status":"open","template":"","meta":[],"product_brand":[],"product_cat":[2515,240,2488,239],"product_tag":[258,2518,2519],"class_list":{"0":"post-27080","1":"product","2":"type-product","3":"status-publish","4":"has-post-thumbnail","6":"product_cat-base-luna","7":"product_cat-base","8":"product_cat-luna","9":"product_cat-semipermanente","10":"product_tag-base","11":"product_tag-base-aggrappante","12":"product_tag-base-strong","14":"first","15":"instock","16":"shipping-taxable","17":"purchasable","18":"product-type-simple"},"_links":{"self":[{"href":"https:\/\/serverdedicato.lovenailsrivenditore.com\/index.php?rest_route=\/wp\/v2\/product\/27080","targetHints":{"allow":["GET"]}}],"collection":[{"href":"https:\/\/serverdedicato.lovenailsrivenditore.com\/index.php?rest_route=\/wp\/v2\/product"}],"about":[{"href":"https:\/\/serverdedicato.lovenailsrivenditore.com\/index.php?rest_route=\/wp\/v2\/types\/product"}],"replies":[{"embeddable":true,"href":"https:\/\/serverdedicato.lovenailsrivenditore.com\/index.php?rest_route=%2Fwp%2Fv2%2Fcomments&post=27080"}],"wp:featuredmedia":[{"embeddable":true,"href":"https:\/\/serverdedicato.lovenailsrivenditore.com\/index.php?rest_route=\/wp\/v2\/media\/27081"}],"wp:attachment":[{"href":"https:\/\/serverdedicato.lovenailsrivenditore.com\/index.php?rest_route=%2Fwp%2Fv2%2Fmedia&parent=27080"}],"wp:term":[{"taxonomy":"product_brand","embeddable":true,"href":"https:\/\/serverdedicato.lovenailsrivenditore.com\/index.php?rest_route=%2Fwp%2Fv2%2Fproduct_brand&post=27080"},{"taxonomy":"product_cat","embeddable":true,"href":"https:\/\/serverdedicato.lovenailsrivenditore.com\/index.php?rest_route=%2Fwp%2Fv2%2Fproduct_cat&post=27080"},{"taxonomy":"product_tag","embeddable":true,"href":"https:\/\/serverdedicato.lovenailsrivenditore.com\/index.php?rest_route=%2Fwp%2Fv2%2Fproduct_tag&post=27080"}],"curies":[{"name":"wp","href":"https:\/\/api.w.org\/{rel}","templated":true}]}}