{"id":27083,"date":"2024-12-23T13:54:24","date_gmt":"2024-12-23T12:54:24","guid":{"rendered":"https:\/\/serverdedicato.lovenailsrivenditore.com\/?product=luna-metallic-gel-n-01-5ml"},"modified":"2026-04-18T13:59:44","modified_gmt":"2026-04-18T11:59:44","slug":"luna-metallic-gel-n-01-5ml","status":"publish","type":"product","link":"https:\/\/serverdedicato.lovenailsrivenditore.com\/?product=luna-metallic-gel-n-01-5ml","title":{"rendered":"LUNA &#8211; METALLIC GEL n.01 &#8211; 5ml"},"content":{"rendered":"<p><strong><span>METALLIC GEL<\/span><\/strong><span> sono dei gel metallizzati per nail art. Sono piuttosto liquidi, il che le rende perfetti per creare composizioni.<\/span><\/p>\n<p><strong><span>Metodo di applicazione:<\/span><\/strong><\/p>\n<ol>\n<li><span>Prima dell&#8217;applicazione, rimuovere lo strato di dispersione.<\/span><\/li>\n<li><span>Queste gel non sono adatti per la french manicure, sono pensati esclusivamente per nail art. Non usarli per coprire l&#8217;intera unghia.<\/span><\/li>\n<li><span>Non possono essere utilizzati per creare disegni volumetrici n\u00e9 applicati in strati spessi.<\/span><\/li>\n<li><span>Dopo la polimerizzazione, non rimuovere lo strato appiccicoso e non toccarlo con le dita, con pennelli o altri strumenti.<\/span><\/li>\n<li><span>Polimerizzare per 120 secondi con una lampada da 48 W.<\/span><\/li>\n<li><span>Quando si applica uno strato di finitura, evitare di premere troppo con il pennello, poich\u00e9 ci\u00f2 potrebbe macchiare la cromatura.<\/span><\/li>\n<li><span>Dopo aver applicato il top coat, \u00e8 possibile che si verifichi una perdita di brillantezza del 10-20% perch\u00e9 il top assorbe parte del cromo dalla vernice. \u00c8 meglio usare il\u00a0<\/span><a href=\"https:\/\/lunamoon.in.ua\/en\/search?search=non%20wipe\"><span>Non-wipe Top<\/span><\/a><span>\u00a0Coat di LUNAmoon.<\/span><\/li>\n<li><span>Applica il top coat. Lascia asciugare per 120 secondi.<\/span><\/li>\n<\/ol>\n<p><span>Importante! Prima dell&#8217;uso, mescolare accuratamente la vernice per garantire una distribuzione uniforme del pigmento. Applicare uno strato molto sottile.<\/span><\/p>\n<p><span>(Le immagini dei prodotti sul sito web potrebbero differire dal prodotto reale)<\/span><\/p>\n","protected":false},"excerpt":{"rendered":"<p><strong>METALLIC GEL<\/strong> sono dei gel metallizzati per nail art. Sono piuttosto liquidi, il che le rende perfetti per creare composizioni.<\/p>\n","protected":false},"featured_media":27084,"comment_status":"closed","ping_status":"open","template":"","meta":[],"product_brand":[],"product_cat":[2520,2488],"product_tag":[2105,2521,2522],"class_list":{"0":"post-27083","1":"product","2":"type-product","3":"status-publish","4":"has-post-thumbnail","6":"product_cat-color-gel","7":"product_cat-luna","8":"product_tag-color-gel","9":"product_tag-gel-metallico","10":"product_tag-metallic","12":"first","13":"instock","14":"shipping-taxable","15":"purchasable","16":"product-type-simple"},"_links":{"self":[{"href":"https:\/\/serverdedicato.lovenailsrivenditore.com\/index.php?rest_route=\/wp\/v2\/product\/27083","targetHints":{"allow":["GET"]}}],"collection":[{"href":"https:\/\/serverdedicato.lovenailsrivenditore.com\/index.php?rest_route=\/wp\/v2\/product"}],"about":[{"href":"https:\/\/serverdedicato.lovenailsrivenditore.com\/index.php?rest_route=\/wp\/v2\/types\/product"}],"replies":[{"embeddable":true,"href":"https:\/\/serverdedicato.lovenailsrivenditore.com\/index.php?rest_route=%2Fwp%2Fv2%2Fcomments&post=27083"}],"wp:featuredmedia":[{"embeddable":true,"href":"https:\/\/serverdedicato.lovenailsrivenditore.com\/index.php?rest_route=\/wp\/v2\/media\/27084"}],"wp:attachment":[{"href":"https:\/\/serverdedicato.lovenailsrivenditore.com\/index.php?rest_route=%2Fwp%2Fv2%2Fmedia&parent=27083"}],"wp:term":[{"taxonomy":"product_brand","embeddable":true,"href":"https:\/\/serverdedicato.lovenailsrivenditore.com\/index.php?rest_route=%2Fwp%2Fv2%2Fproduct_brand&post=27083"},{"taxonomy":"product_cat","embeddable":true,"href":"https:\/\/serverdedicato.lovenailsrivenditore.com\/index.php?rest_route=%2Fwp%2Fv2%2Fproduct_cat&post=27083"},{"taxonomy":"product_tag","embeddable":true,"href":"https:\/\/serverdedicato.lovenailsrivenditore.com\/index.php?rest_route=%2Fwp%2Fv2%2Fproduct_tag&post=27083"}],"curies":[{"name":"wp","href":"https:\/\/api.w.org\/{rel}","templated":true}]}}