{"id":27251,"date":"2024-12-24T10:17:41","date_gmt":"2024-12-24T09:17:41","guid":{"rendered":"https:\/\/serverdedicato.lovenailsrivenditore.com\/?product=claresa-mascara-flygirl-10gr"},"modified":"2026-04-20T08:47:17","modified_gmt":"2026-04-20T06:47:17","slug":"claresa-mascara-flygirl-10gr","status":"publish","type":"product","link":"https:\/\/serverdedicato.lovenailsrivenditore.com\/?product=claresa-mascara-flygirl-10gr","title":{"rendered":"CLARESA &#8211; MASCARA FLYGIRL &#8211; 10gr"},"content":{"rendered":"<p><span>Basta uno strato di mascara\u00a0<\/span><strong><span>FLYGIRL<\/span><\/strong><span>\u00a0per sollevare, ispessire e allungare istantaneamente le tue ciglia! La sua formula cremosa assicura una facile applicazione e crea un film uniforme sulle ciglia garantendo un colore intenso e profondo. Lo scovolino asimmetrico in silicone consente il sollevamento delle ciglia garantendo la possibilit\u00e0 di applicare la quantit\u00e0 adeguata di mascara durante una singola applicazione. Il prodotto rimane in posizione tutto il giorno, senza rimbalzare o sbriciolarsi!<\/span><\/p>\n<p><strong><span>CURIOSIT\u00c0<\/span><\/strong><br \/>\n<span>La carnauba e le cere di riso creano un film nutriente sulla superficie delle ciglia e la gomma arabica, che ha propriet\u00e0 lenitive e antinfiammatorie, previene l&#8217;irritazione degli occhi.<\/span><\/p>\n<p><strong><span>APPLICAZIONE<\/span><\/strong><br \/>\n<span>Applicare il mascara dalle radici delle ciglia fino alle punte. Puoi graduare l&#8217;effetto ispessente e allungante aggiungendo strati successivi.<\/span><\/p>\n<p><strong><span>TRUCCO DEI MAKEUP ARTISTS<\/span><\/strong><br \/>\n<span>@marietta_makeup consiglia: Per prima cosa, concentrati sulla base delle ciglia, pettinando il mascara nel punto in cui crescono i peli con un movimento lento a zigzag. Prova a tirare lentamente le ciglia verso l&#8217;alto il pi\u00f9 possibile, accelerando solo sulla punta. In questo modo le ciglia verranno sollevate fin dalla radice (simile alla mousse per capelli: per sollevarle utilizziamo la mousse principalmente sulla sommit\u00e0 della testa e non sulle punte dei capelli). La dinamica dei movimenti \u00e8 molto importante: pettinare alle radici e strappare dovrebbe essere il pi\u00f9 lento possibile, mentre accelerare alle punte far\u00e0 s\u00ec che non rimanga troppo mascara su di esse. Le ciglia dipinte in questo modo risulteranno sollevate e visibilmente infoltite su tutta la loro lunghezza, e si restringeranno piacevolmente e naturalmente alle estremit\u00e0.<\/span><\/p>\n","protected":false},"excerpt":{"rendered":"<p>Basta uno strato di mascara FLYGIRL per sollevare, ispessire e allungare istantaneamente le tue ciglia! La sua formula cremosa assicura una facile applicazione e crea un film uniforme sulle ciglia garantendo un colore intenso e profondo. Lo scovolino asimmetrico in silicone consente il sollevamento delle ciglia garantendo la possibilit\u00e0 di applicare la quantit\u00e0 adeguata di mascara durante una singola applicazione. Il prodotto rimane in posizione tutto il giorno, senza rimbalzare o sbriciolarsi!<\/p>\n<p>CURIOSIT\u00c0<br \/>\nLa carnauba e le cere di riso creano un film nutriente sulla superficie dei capelli e la gomma arabica, che ha propriet\u00e0 lenitive e antinfiammatorie, previene l&#8217;irritazione degli occhi.<\/p>\n","protected":false},"featured_media":27252,"comment_status":"closed","ping_status":"open","template":"","meta":[],"product_brand":[],"product_cat":[1507,2319,1856,2318,2320,1509],"product_tag":[2529,1867],"class_list":{"0":"post-27251","1":"product","2":"type-product","3":"status-publish","4":"has-post-thumbnail","6":"product_cat-claresa","7":"product_cat-claresa-make-up","8":"product_cat-make-up","9":"product_cat-occhi","10":"product_cat-occhi-claresa-make-up","11":"product_cat-top-brand-professionali-unghie","12":"product_tag-flygirl","13":"product_tag-mascara","15":"first","16":"outofstock","17":"shipping-taxable","18":"purchasable","19":"product-type-simple"},"_links":{"self":[{"href":"https:\/\/serverdedicato.lovenailsrivenditore.com\/index.php?rest_route=\/wp\/v2\/product\/27251","targetHints":{"allow":["GET"]}}],"collection":[{"href":"https:\/\/serverdedicato.lovenailsrivenditore.com\/index.php?rest_route=\/wp\/v2\/product"}],"about":[{"href":"https:\/\/serverdedicato.lovenailsrivenditore.com\/index.php?rest_route=\/wp\/v2\/types\/product"}],"replies":[{"embeddable":true,"href":"https:\/\/serverdedicato.lovenailsrivenditore.com\/index.php?rest_route=%2Fwp%2Fv2%2Fcomments&post=27251"}],"wp:featuredmedia":[{"embeddable":true,"href":"https:\/\/serverdedicato.lovenailsrivenditore.com\/index.php?rest_route=\/wp\/v2\/media\/27252"}],"wp:attachment":[{"href":"https:\/\/serverdedicato.lovenailsrivenditore.com\/index.php?rest_route=%2Fwp%2Fv2%2Fmedia&parent=27251"}],"wp:term":[{"taxonomy":"product_brand","embeddable":true,"href":"https:\/\/serverdedicato.lovenailsrivenditore.com\/index.php?rest_route=%2Fwp%2Fv2%2Fproduct_brand&post=27251"},{"taxonomy":"product_cat","embeddable":true,"href":"https:\/\/serverdedicato.lovenailsrivenditore.com\/index.php?rest_route=%2Fwp%2Fv2%2Fproduct_cat&post=27251"},{"taxonomy":"product_tag","embeddable":true,"href":"https:\/\/serverdedicato.lovenailsrivenditore.com\/index.php?rest_route=%2Fwp%2Fv2%2Fproduct_tag&post=27251"}],"curies":[{"name":"wp","href":"https:\/\/api.w.org\/{rel}","templated":true}]}}