{"id":27290,"date":"2024-12-24T11:58:04","date_gmt":"2024-12-24T10:58:04","guid":{"rendered":"https:\/\/serverdedicato.lovenailsrivenditore.com\/?product=claresa-palette-illuminanti"},"modified":"2026-04-20T08:48:02","modified_gmt":"2026-04-20T06:48:02","slug":"claresa-palette-illuminanti","status":"publish","type":"product","link":"https:\/\/serverdedicato.lovenailsrivenditore.com\/?product=claresa-palette-illuminanti","title":{"rendered":"CLARESA &#8211; PALETTE ILLUMINANTI"},"content":{"rendered":"<p><strong><span>Un set di tre tonalit\u00e0 di illuminanti.<\/span><\/strong><\/p>\n<p><span style=\"font-size: 14.4px;\">I prodotti possono essere combinati liberamente o applicati separatamente su viso e corpo per illuminarli con una luminosit\u00e0 radiosa. Permette di costruire gradualmente l&#8217;effetto, da delicato e naturale a brillantezza intensa. I set sono disponibili in due versioni di colore: per tonalit\u00e0 della pelle pi\u00f9 calde e pi\u00f9 fredde.<\/span><\/p>\n<p><strong><span>CURIOSIT\u00c0:<\/span><\/strong><br \/>\n<span>La formula vegana, setosa e leggera \u00e8 ricca di cera carnauba, che protegge la pelle dalla perdita d&#8217;acqua e crea su di essa una pellicola nutriente e levigante. La mica contenuta nella composizione riflette la luce, riducendo otticamente la visibilit\u00e0 delle rughe sottili e delle irregolarit\u00e0 della pelle.<\/span><\/p>\n<p><strong><span>APPLICAZIONE:<\/span><\/strong><br \/>\n<span>Applicare l&#8217;illuminante con un pennello morbido sulla parte superiore degli zigomi, sull&#8217;arco di Cupido, sul ponte del naso e sul d\u00e9collet\u00e9. Mescola liberamente le tonalit\u00e0 per ottenere un colore unico, perfettamente adatto al tono della tua pelle e alle tue preferenze.<\/span><\/p>\n<p><strong><span>TRUCCO DEI MAKEUP ARTISTS:<\/span><\/strong><br \/>\n<span>Per massimizzare la luminosit\u00e0, spruzza l&#8217;area illuminata con l&#8217;illuminante con spray viso o acqua termale<\/span><\/p>\n","protected":false},"excerpt":{"rendered":"<p><strong>Un set di tre tonalit\u00e0 di illuminanti.<\/strong><\/p>\n<p><span style=\"font-size: 14.4px;\">I prodotti possono essere combinati liberamente o applicati separatamente su viso e corpo per illuminarli con una luminosit\u00e0 radiosa. Permette di costruire gradualmente l&#8217;effetto, da delicato e naturale a brillantezza intensa. I set sono disponibili in due versioni di colore: per tonalit\u00e0 della pelle pi\u00f9 calde e pi\u00f9 fredde<\/span><\/p>\n","protected":false},"featured_media":27291,"comment_status":"closed","ping_status":"open","template":"","meta":[],"product_brand":[],"product_cat":[2319,1856,1509,2315,2329],"product_tag":[2357,801],"class_list":{"0":"post-27290","1":"product","2":"type-product","3":"status-publish","4":"has-post-thumbnail","6":"product_cat-claresa-make-up","7":"product_cat-make-up","8":"product_cat-top-brand-professionali-unghie","9":"product_cat-viso","10":"product_cat-viso-claresa-make-up","11":"product_tag-illuminante","12":"product_tag-palette","14":"first","15":"instock","16":"shipping-taxable","17":"purchasable","18":"product-type-simple"},"_links":{"self":[{"href":"https:\/\/serverdedicato.lovenailsrivenditore.com\/index.php?rest_route=\/wp\/v2\/product\/27290","targetHints":{"allow":["GET"]}}],"collection":[{"href":"https:\/\/serverdedicato.lovenailsrivenditore.com\/index.php?rest_route=\/wp\/v2\/product"}],"about":[{"href":"https:\/\/serverdedicato.lovenailsrivenditore.com\/index.php?rest_route=\/wp\/v2\/types\/product"}],"replies":[{"embeddable":true,"href":"https:\/\/serverdedicato.lovenailsrivenditore.com\/index.php?rest_route=%2Fwp%2Fv2%2Fcomments&post=27290"}],"wp:featuredmedia":[{"embeddable":true,"href":"https:\/\/serverdedicato.lovenailsrivenditore.com\/index.php?rest_route=\/wp\/v2\/media\/27291"}],"wp:attachment":[{"href":"https:\/\/serverdedicato.lovenailsrivenditore.com\/index.php?rest_route=%2Fwp%2Fv2%2Fmedia&parent=27290"}],"wp:term":[{"taxonomy":"product_brand","embeddable":true,"href":"https:\/\/serverdedicato.lovenailsrivenditore.com\/index.php?rest_route=%2Fwp%2Fv2%2Fproduct_brand&post=27290"},{"taxonomy":"product_cat","embeddable":true,"href":"https:\/\/serverdedicato.lovenailsrivenditore.com\/index.php?rest_route=%2Fwp%2Fv2%2Fproduct_cat&post=27290"},{"taxonomy":"product_tag","embeddable":true,"href":"https:\/\/serverdedicato.lovenailsrivenditore.com\/index.php?rest_route=%2Fwp%2Fv2%2Fproduct_tag&post=27290"}],"curies":[{"name":"wp","href":"https:\/\/api.w.org\/{rel}","templated":true}]}}