{"id":27297,"date":"2024-12-30T11:00:14","date_gmt":"2024-12-30T10:00:14","guid":{"rendered":"https:\/\/serverdedicato.lovenailsrivenditore.com\/?product=claresa-cipria-blur-super-powder-12gr"},"modified":"2026-04-20T08:48:08","modified_gmt":"2026-04-20T06:48:08","slug":"claresa-cipria-blur-super-powder-12gr","status":"publish","type":"product","link":"https:\/\/serverdedicato.lovenailsrivenditore.com\/?product=claresa-cipria-blur-super-powder-12gr","title":{"rendered":"CLARESA &#8211; CIPRIA BLUR SUPER POW(D)ER &#8211; 12gr"},"content":{"rendered":"<p><span>Sogni un effetto &#8220;sfocato&#8221; alla moda sul tuo viso? <\/span><\/p>\n<p><span style=\"font-size: 14.4px;\">La cipria in polvere fisser\u00e0 il tuo trucco e ti permetter\u00e0 di godere di un aspetto radioso e fresco per tutto il giorno. Grazie alla sua consistenza ultraleggera \u00e8 perfetto anche come cipria per gli occhi e per correggere il trucco durante la giornata.<\/span><\/p>\n<p>&nbsp;<\/p>\n<p><b>CURIOSITA&#8217;<\/b><\/p>\n<p><span>La silice contenuta nella composizione leviga otticamente la pelle e la tapioca la idrata intensamente. La formula \u00e8 ricca di antiossidanti che aiutano a proteggere la pelle dal fotoinvecchiamento, cos\u00ec come olio di marula e olio di rosa, che hanno un effetto rigenerante e nutriente.<\/span><\/p>\n<p>&nbsp;<\/p>\n<p><strong><span>TRUCCO DEI TRUCCATORI<\/span><\/strong><\/p>\n<p><span>Scopri l&#8217;effetto &#8220;blur&#8221; sulla tua pelle! La formula che diffonde la luce \u00e8 perfetta come polvere per gli occhi, levigando otticamente le rughe. Quando incipria il viso, inizia dal centro, dalla fronte al mento. Quindi applicare con un pennello morbido o un puff sul resto del viso.<\/span><\/p>\n","protected":false},"excerpt":{"rendered":"<p>Sogni un effetto &#8220;sfocato&#8221; alla moda sul tuo viso?<\/p>\n<p><span style=\"font-size: 14.4px;\">La cipria in polvere fisser\u00e0 il tuo trucco e ti permetter\u00e0 di godere di un aspetto radioso e fresco per tutto il giorno. Grazie alla sua consistenza ultraleggera \u00e8 perfetto anche come cipria per gli occhi e per correggere il trucco durante la giornata.<\/span><\/p>\n","protected":false},"featured_media":27298,"comment_status":"closed","ping_status":"open","template":"","meta":[],"product_brand":[],"product_cat":[2319,1856,1509,2329,2315],"product_tag":[2359,2534],"class_list":{"0":"post-27297","1":"product","2":"type-product","3":"status-publish","4":"has-post-thumbnail","6":"product_cat-claresa-make-up","7":"product_cat-make-up","8":"product_cat-top-brand-professionali-unghie","9":"product_cat-viso-claresa-make-up","10":"product_cat-viso","11":"product_tag-cipria","12":"product_tag-cipria-in-polvere","14":"first","15":"instock","16":"shipping-taxable","17":"purchasable","18":"product-type-simple"},"_links":{"self":[{"href":"https:\/\/serverdedicato.lovenailsrivenditore.com\/index.php?rest_route=\/wp\/v2\/product\/27297","targetHints":{"allow":["GET"]}}],"collection":[{"href":"https:\/\/serverdedicato.lovenailsrivenditore.com\/index.php?rest_route=\/wp\/v2\/product"}],"about":[{"href":"https:\/\/serverdedicato.lovenailsrivenditore.com\/index.php?rest_route=\/wp\/v2\/types\/product"}],"replies":[{"embeddable":true,"href":"https:\/\/serverdedicato.lovenailsrivenditore.com\/index.php?rest_route=%2Fwp%2Fv2%2Fcomments&post=27297"}],"wp:featuredmedia":[{"embeddable":true,"href":"https:\/\/serverdedicato.lovenailsrivenditore.com\/index.php?rest_route=\/wp\/v2\/media\/27298"}],"wp:attachment":[{"href":"https:\/\/serverdedicato.lovenailsrivenditore.com\/index.php?rest_route=%2Fwp%2Fv2%2Fmedia&parent=27297"}],"wp:term":[{"taxonomy":"product_brand","embeddable":true,"href":"https:\/\/serverdedicato.lovenailsrivenditore.com\/index.php?rest_route=%2Fwp%2Fv2%2Fproduct_brand&post=27297"},{"taxonomy":"product_cat","embeddable":true,"href":"https:\/\/serverdedicato.lovenailsrivenditore.com\/index.php?rest_route=%2Fwp%2Fv2%2Fproduct_cat&post=27297"},{"taxonomy":"product_tag","embeddable":true,"href":"https:\/\/serverdedicato.lovenailsrivenditore.com\/index.php?rest_route=%2Fwp%2Fv2%2Fproduct_tag&post=27297"}],"curies":[{"name":"wp","href":"https:\/\/api.w.org\/{rel}","templated":true}]}}