{"id":27304,"date":"2024-12-30T11:34:47","date_gmt":"2024-12-30T10:34:47","guid":{"rendered":"https:\/\/serverdedicato.lovenailsrivenditore.com\/?product=claresa-correttore-so-matchy-35-contour-3gr"},"modified":"2026-04-20T08:48:16","modified_gmt":"2026-04-20T06:48:16","slug":"claresa-correttore-so-matchy-35-contour-3gr","status":"publish","type":"product","link":"https:\/\/serverdedicato.lovenailsrivenditore.com\/?product=claresa-correttore-so-matchy-35-contour-3gr","title":{"rendered":"CLARESA &#8211; CORRETTORE SO MATCHY &#8211; 3,5 CONTOUR &#8211; 3gr"},"content":{"rendered":"<p><strong><span>STICK CONTOURING CREMOSO con OLIO DI RICINO! 3.5<\/span><\/strong><\/p>\n<p><span>Il cremoso stick per il contouring umido \u00e8 un modo pratico per modellare rapidamente i lineamenti del viso. La formula a base di cere naturali (carnauba e cera d&#8217;api) resiste all&#8217;umidit\u00e0, non sbava e non crea aloni. La consistenza leggera e altamente pigmentata garantisce una miscelazione estremamente facile e un effetto colore a lunga durata.<\/span><\/p>\n<p>&nbsp;<\/p>\n<p><strong><span>CURIOSITA&#8217;<\/span><\/strong><\/p>\n<p><span>La cera d&#8217;api contenuta nel cosmetico ha propriet\u00e0 nutrienti e accelera la rigenerazione della pelle, mentre l&#8217;olio di ricino \u00e8 noto per le sue propriet\u00e0 antinfiammatorie, antibatteriche e idratanti.<\/span><\/p>\n<p>&nbsp;<\/p>\n<p><strong><span>APPLICAZIONE<\/span><\/strong><\/p>\n<p><span>Applicare sulla pelle pulita o dopo aver applicato il fondotinta, sfumare delicatamente con una spugnetta. \u00c8 meglio applicare appena sotto gli zigomi e lungo la linea del naso. Puoi anche utilizzare lo stick di crema per delineare altre parti del viso, come la fronte o il mento.<\/span><\/p>\n","protected":false},"excerpt":{"rendered":"<p><strong>STICK CONTOURING CREMOSO con OLIO DI RICINO! 3.5<\/strong><\/p>\n<p>Il cremoso stick per il contouring umido \u00e8 un modo pratico per modellare rapidamente i lineamenti del viso. La formula a base di cere naturali (carnauba e cera d&#8217;api) resiste all&#8217;umidit\u00e0, non sbava e non crea aloni. La consistenza leggera e altamente pigmentata garantisce una miscelazione estremamente facile e un effetto colore a lunga durata.<\/p>\n","protected":false},"featured_media":27305,"comment_status":"closed","ping_status":"open","template":"","meta":[],"product_brand":[],"product_cat":[2319,1856,2320,1509,2315],"product_tag":[2346,2330,2430],"class_list":{"0":"post-27304","1":"product","2":"type-product","3":"status-publish","4":"has-post-thumbnail","6":"product_cat-claresa-make-up","7":"product_cat-make-up","8":"product_cat-occhi-claresa-make-up","9":"product_cat-top-brand-professionali-unghie","10":"product_cat-viso","11":"product_tag-contouring","12":"product_tag-correttore","13":"product_tag-so-matchy","15":"first","16":"instock","17":"shipping-taxable","18":"purchasable","19":"product-type-simple"},"_links":{"self":[{"href":"https:\/\/serverdedicato.lovenailsrivenditore.com\/index.php?rest_route=\/wp\/v2\/product\/27304","targetHints":{"allow":["GET"]}}],"collection":[{"href":"https:\/\/serverdedicato.lovenailsrivenditore.com\/index.php?rest_route=\/wp\/v2\/product"}],"about":[{"href":"https:\/\/serverdedicato.lovenailsrivenditore.com\/index.php?rest_route=\/wp\/v2\/types\/product"}],"replies":[{"embeddable":true,"href":"https:\/\/serverdedicato.lovenailsrivenditore.com\/index.php?rest_route=%2Fwp%2Fv2%2Fcomments&post=27304"}],"wp:featuredmedia":[{"embeddable":true,"href":"https:\/\/serverdedicato.lovenailsrivenditore.com\/index.php?rest_route=\/wp\/v2\/media\/27305"}],"wp:attachment":[{"href":"https:\/\/serverdedicato.lovenailsrivenditore.com\/index.php?rest_route=%2Fwp%2Fv2%2Fmedia&parent=27304"}],"wp:term":[{"taxonomy":"product_brand","embeddable":true,"href":"https:\/\/serverdedicato.lovenailsrivenditore.com\/index.php?rest_route=%2Fwp%2Fv2%2Fproduct_brand&post=27304"},{"taxonomy":"product_cat","embeddable":true,"href":"https:\/\/serverdedicato.lovenailsrivenditore.com\/index.php?rest_route=%2Fwp%2Fv2%2Fproduct_cat&post=27304"},{"taxonomy":"product_tag","embeddable":true,"href":"https:\/\/serverdedicato.lovenailsrivenditore.com\/index.php?rest_route=%2Fwp%2Fv2%2Fproduct_tag&post=27304"}],"curies":[{"name":"wp","href":"https:\/\/api.w.org\/{rel}","templated":true}]}}