{"id":27581,"date":"2025-01-27T12:30:41","date_gmt":"2025-01-27T11:30:41","guid":{"rendered":"https:\/\/serverdedicato.lovenailsrivenditore.com\/?product=base-rubber-2in1-camouflage-nectarine-nude-10ml-molly-lac-2"},"modified":"2026-04-20T08:52:17","modified_gmt":"2026-04-20T06:52:17","slug":"base-rubber-2in1-camouflage-nectarine-nude-10ml-molly-lac-2","status":"publish","type":"product","link":"https:\/\/serverdedicato.lovenailsrivenditore.com\/?product=base-rubber-2in1-camouflage-nectarine-nude-10ml-molly-lac-2","title":{"rendered":"Base Rubber 2in1 CAMOUFLAGE Nectarine Nude 10ml Molly Lac"},"content":{"rendered":"<p>Sogni unghie lunghe e ben curate? Con l&#8217;ultima base in gomma\u00a0<strong>MollyLac<\/strong>, crescerai unghie sane e belle senza alcun problema!<\/p>\n<p>Una base autolivellante e densa.<\/p>\n<p>Dura e resistente, ma estremamente flessibile!<\/p>\n<p><strong>La base in gomma MollyLac<\/strong>\u00a0\u00e8 un prodotto per compiti speciali. Sceglilo quando hai bisogno di un look unico e di un controllo estremo sulla tua manicure.<\/p>\n<p><strong>Che cosa guadagnerai?<\/strong><\/p>\n<ul>\n<li>Lamina ungueale perfetta, ben curata, impeccabile in colori unici! (copertura fino al 95%)<\/li>\n<li>Arco di sovrastruttura modellato (curva C)<\/li>\n<li>Eccellente protezione contro i danni meccanici<\/li>\n<li>Rafforzare ed estendere l&#8217;unghia fino a 1 cm<\/li>\n<li>rigenerazione di unghie sottili e fragili anche con irregolarit\u00e0 e scalfitture<\/li>\n<li>Protezione<\/li>\n<li>Eccezionale comfort di applicazione<\/li>\n<li>non c&#8217;\u00e8 sollevamento e dura fino a 4 settimane<\/li>\n<li>La scelta migliore per l&#8217;uso prima di semipermanente, gel, acrygel<\/li>\n<li>facile da rimuovere manualmente con una lima\/fresatrice<\/li>\n<\/ul>\n<p><strong>Modo d&#8217;uso:<\/strong><\/p>\n<p>Applicare uno strato sottile di base sulla lamina ungueale accuratamente preparata. Quindi costruisci una curva e un apice con pi\u00f9 quantit\u00e0. Dopo la polimerizzazione, \u00e8 possibile applicare immediatamente il top coat o rimuovere la dispersione con un detergente e uniformare eventuali irregolarit\u00e0 con una lima.<\/p>\n<p><strong>Tempo di polimerizzazione:<\/strong><\/p>\n<ul>\n<li>UV\/LED 48 W \u2013 30 sec.<\/li>\n<li>UV\/LED 24 W \u2013 60 sec.<\/li>\n<li>UV\/LED 36 W \u2013 60 sec.<\/li>\n<\/ul>\n<p><strong>Composizione\/INCI:<\/strong><\/p>\n<p>Poliurea Crosspolymer-6, Bumetrisolo, CI 77891, CI 77491, Mica, CI 77492<\/p>\n","protected":false},"excerpt":{"rendered":"<p>Sogni unghie lunghe e ben curate? Con l&#8217;ultima base in gomma\u00a0<strong>MollyLac<\/strong>, crescerai unghie sane e belle senza alcun problema!<\/p>\n<p>Una base autolivellante e densa.<\/p>\n<p>Dura e resistente, ma estremamente flessibile!<\/p>\n<p><strong>La base in gomma MollyLac<\/strong>\u00a0\u00e8 un prodotto per compiti speciali. Sceglilo quando hai bisogno di un look unico e di un controllo estremo sulla tua manicure.<\/p>\n","protected":false},"featured_media":27582,"comment_status":"closed","ping_status":"open","template":"","meta":[],"product_brand":[],"product_cat":[240,241,81,1776,239],"product_tag":[1374,1738,84,2557],"class_list":{"0":"post-27581","1":"product","2":"type-product","3":"status-publish","4":"has-post-thumbnail","6":"product_cat-base","7":"product_cat-base-molly-lac","8":"product_cat-molly-lac","9":"product_cat-saldi-gennaio","10":"product_cat-semipermanente","11":"product_tag-base-2in1","12":"product_tag-camouflage","13":"product_tag-molly-lac","14":"product_tag-nectarine-nude","16":"first","17":"instock","18":"shipping-taxable","19":"purchasable","20":"product-type-simple"},"_links":{"self":[{"href":"https:\/\/serverdedicato.lovenailsrivenditore.com\/index.php?rest_route=\/wp\/v2\/product\/27581","targetHints":{"allow":["GET"]}}],"collection":[{"href":"https:\/\/serverdedicato.lovenailsrivenditore.com\/index.php?rest_route=\/wp\/v2\/product"}],"about":[{"href":"https:\/\/serverdedicato.lovenailsrivenditore.com\/index.php?rest_route=\/wp\/v2\/types\/product"}],"replies":[{"embeddable":true,"href":"https:\/\/serverdedicato.lovenailsrivenditore.com\/index.php?rest_route=%2Fwp%2Fv2%2Fcomments&post=27581"}],"wp:featuredmedia":[{"embeddable":true,"href":"https:\/\/serverdedicato.lovenailsrivenditore.com\/index.php?rest_route=\/wp\/v2\/media\/27582"}],"wp:attachment":[{"href":"https:\/\/serverdedicato.lovenailsrivenditore.com\/index.php?rest_route=%2Fwp%2Fv2%2Fmedia&parent=27581"}],"wp:term":[{"taxonomy":"product_brand","embeddable":true,"href":"https:\/\/serverdedicato.lovenailsrivenditore.com\/index.php?rest_route=%2Fwp%2Fv2%2Fproduct_brand&post=27581"},{"taxonomy":"product_cat","embeddable":true,"href":"https:\/\/serverdedicato.lovenailsrivenditore.com\/index.php?rest_route=%2Fwp%2Fv2%2Fproduct_cat&post=27581"},{"taxonomy":"product_tag","embeddable":true,"href":"https:\/\/serverdedicato.lovenailsrivenditore.com\/index.php?rest_route=%2Fwp%2Fv2%2Fproduct_tag&post=27581"}],"curies":[{"name":"wp","href":"https:\/\/api.w.org\/{rel}","templated":true}]}}