{"id":27607,"date":"2025-01-27T13:05:15","date_gmt":"2025-01-27T12:05:15","guid":{"rendered":"https:\/\/serverdedicato.lovenailsrivenditore.com\/?product=base-rubber-2in1-upcolour-skin-colour-molly-lac-10ml-2"},"modified":"2026-04-20T08:52:40","modified_gmt":"2026-04-20T06:52:40","slug":"base-rubber-2in1-upcolour-skin-colour-molly-lac-10ml-2","status":"publish","type":"product","link":"https:\/\/serverdedicato.lovenailsrivenditore.com\/?product=base-rubber-2in1-upcolour-skin-colour-molly-lac-10ml-2","title":{"rendered":"Base Rubber 2in1 UP&#038;COLOUR- Skin Colour Molly Lac 10ml"},"content":{"rendered":"<p>Scopri le nuove basi Camouflage Molly Lac <strong>2in1<\/strong>\u00a0, ovvero le\u00a0<strong>basi<\/strong> rubber nella gamma delle tonalit\u00e0 pi\u00f9 alla moda del nude e dell&#8217;intramontabile rosa. Le sue propriet\u00e0 autolivellanti aiutano a riempire le irregolarit\u00e0 delle unghie problematiche e facilitano la creazione della bombatura senza dover effettuare limatura.<\/p>\n<p><strong>Velocizza il tuo lavoro:<\/strong>\u00a0L\u2019innovativa composizione assicura una densit\u00e0 perfetta, per non inondare le cuticole!<\/p>\n<p><strong>Formula flessibile:\u00a0<\/strong>la\u00a0\u00a0base lavora con l\u2019unghia, il che ne consente l\u2019utilizzo anche con unghie estremamente sottili e ricurve, sulle quali non si aggrappa nient\u2019altro!<\/p>\n<p>Una rivoluzione nello styling delle unghie!<\/p>\n<p>Sogni unghie lunghe e ben curate?\u00a0Con l\u2019ultima base rubber\u00a0\u00a0<strong>MollyLac farai<\/strong>\u00a0\u00a0crescere unghie sane e belle senza alcun problema!<\/p>\n<p>Una base autolivellante e densa con una formula in gomma unica per gel e ibrido in un colore trasparente, ti piacer\u00e0 sicuramente e diventer\u00e0 il tuo numero 1!<\/p>\n<p>Duro e durevole, e allo stesso tempo estremamente flessibile!<\/p>\n<p>La struttura estremamente plastica serve ad avvolgere l\u2019unghia in modo che possa crescere sana e forte senza ostacoli.\u00a0<strong>La base rubber<\/strong>\u00a0\u00a0<strong>MollyLac<\/strong>\u00a0\u00a0\u00e8 un prodotto per compiti speciali.\u00a0Raggiungilo quando hai bisogno di un look unico e di un controllo estremo sulla tua manicure.<\/p>\n<p><strong>Cosa guadagnerai?<\/strong><\/p>\n<ul>\n<li>lamina ungueale perfetta, ben curata, impeccabile in colori unici!\u00a0(copertura fino all\u201980%)<\/li>\n<li>arco modellato, sovrastruttura (curva c)<\/li>\n<li>eccellente protezione contro le lesioni meccaniche<\/li>\n<li>rafforzamento ed allungamento dell\u2019unghia fino a 1 cm<\/li>\n<li>rigenerazione di unghie sottili e fragili, anche con irregolarit\u00e0 e scheggiature<\/li>\n<li>protezione contro la scissione<\/li>\n<li>eccezionale comfort di applicazione senza l\u2019effetto di cuticole allagate<\/li>\n<li>nessuna bolla d\u2019aria e pu\u00f2 durare fino a 4 settimane<\/li>\n<li>la scelta migliore per l\u2019uso prima di semipermanente, gel, acrylgel<\/li>\n<li>facile da rimuovere manualmente con una lima\/fresatrice<\/li>\n<\/ul>\n<p>&nbsp;<\/p>\n<p>TEMPO DI CATALIZZAZIONE:<\/p>\n<p>Lampada UV: 120 sec<\/p>\n<p>Lampada DIODI UV\/LED 30\/60 sec<\/p>\n","protected":false},"excerpt":{"rendered":"<p>Scopri le nuove basi Camouflage Molly Lac <strong>2in1<\/strong>\u00a0, ovvero le\u00a0<strong>basi<\/strong> rubber nella gamma delle tonalit\u00e0 pi\u00f9 alla moda del nude e dell&#8217;intramontabile rosa. Le sue propriet\u00e0 autolivellanti aiutano a riempire le irregolarit\u00e0 delle unghie problematiche e facilitano la creazione della bombatura senza dover effettuare limatura.<\/p>\n<p><strong>Velocizza il tuo lavoro:<\/strong>\u00a0L\u2019innovativa composizione assicura una densit\u00e0 perfetta, per non inondare le cuticole!<\/p>\n<p><strong>Formula flessibile:\u00a0<\/strong>la\u00a0\u00a0base lavora con l\u2019unghia, il che ne consente l\u2019utilizzo anche con unghie estremamente sottili e ricurve, sulle quali non si aggrappa nient\u2019altro!<\/p>\n","protected":false},"featured_media":27608,"comment_status":"closed","ping_status":"open","template":"","meta":[],"product_brand":[],"product_cat":[240,241,81,1776,239,89],"product_tag":[258,84,86],"class_list":{"0":"post-27607","1":"product","2":"type-product","3":"status-publish","4":"has-post-thumbnail","6":"product_cat-base","7":"product_cat-base-molly-lac","8":"product_cat-molly-lac","9":"product_cat-saldi-gennaio","10":"product_cat-semipermanente","11":"product_cat-super-saldi-di-gennaio","12":"product_tag-base","13":"product_tag-molly-lac","14":"product_tag-semipermanente","16":"first","17":"instock","18":"shipping-taxable","19":"purchasable","20":"product-type-simple"},"_links":{"self":[{"href":"https:\/\/serverdedicato.lovenailsrivenditore.com\/index.php?rest_route=\/wp\/v2\/product\/27607","targetHints":{"allow":["GET"]}}],"collection":[{"href":"https:\/\/serverdedicato.lovenailsrivenditore.com\/index.php?rest_route=\/wp\/v2\/product"}],"about":[{"href":"https:\/\/serverdedicato.lovenailsrivenditore.com\/index.php?rest_route=\/wp\/v2\/types\/product"}],"replies":[{"embeddable":true,"href":"https:\/\/serverdedicato.lovenailsrivenditore.com\/index.php?rest_route=%2Fwp%2Fv2%2Fcomments&post=27607"}],"wp:featuredmedia":[{"embeddable":true,"href":"https:\/\/serverdedicato.lovenailsrivenditore.com\/index.php?rest_route=\/wp\/v2\/media\/27608"}],"wp:attachment":[{"href":"https:\/\/serverdedicato.lovenailsrivenditore.com\/index.php?rest_route=%2Fwp%2Fv2%2Fmedia&parent=27607"}],"wp:term":[{"taxonomy":"product_brand","embeddable":true,"href":"https:\/\/serverdedicato.lovenailsrivenditore.com\/index.php?rest_route=%2Fwp%2Fv2%2Fproduct_brand&post=27607"},{"taxonomy":"product_cat","embeddable":true,"href":"https:\/\/serverdedicato.lovenailsrivenditore.com\/index.php?rest_route=%2Fwp%2Fv2%2Fproduct_cat&post=27607"},{"taxonomy":"product_tag","embeddable":true,"href":"https:\/\/serverdedicato.lovenailsrivenditore.com\/index.php?rest_route=%2Fwp%2Fv2%2Fproduct_tag&post=27607"}],"curies":[{"name":"wp","href":"https:\/\/api.w.org\/{rel}","templated":true}]}}