{"id":28052,"date":"2025-02-22T09:04:37","date_gmt":"2025-02-22T08:04:37","guid":{"rendered":"https:\/\/serverdedicato.lovenailsrivenditore.com\/?product=molly-lac-my-happy-day-10ml-n-23"},"modified":"2026-04-20T08:58:04","modified_gmt":"2026-04-20T06:58:04","slug":"molly-lac-my-happy-day-10ml-n-23","status":"publish","type":"product","link":"https:\/\/serverdedicato.lovenailsrivenditore.com\/?product=molly-lac-my-happy-day-10ml-n-23","title":{"rendered":"Molly Lac &#8211; My Happy Day 10ml &#8211; n.23"},"content":{"rendered":"<p>23. Transparent glitter pink &#8211; un colore leggermente rosato e trasparente con l&#8217;aggiunta di delicate particelle luccicanti nei toni del blu. La tonalit\u00e0 aggiunger\u00e0 finezza e fascino a qualsiasi styling. Grazie alla sua delicatezza e trasparenza, il colore \u00e8 perfetto per lo styling della french manicure.<\/p>\n","protected":false},"excerpt":{"rendered":"<p>23. Transparent glitter pink &#8211; un colore leggermente rosato e trasparente con l&#8217;aggiunta di delicate particelle luccicanti nei toni del blu. La tonalit\u00e0 aggiunger\u00e0 finezza e fascino a qualsiasi styling. Grazie alla sua delicatezza e trasparenza, il colore \u00e8 perfetto per lo styling della french manicure.<\/p>\n","protected":false},"featured_media":26270,"comment_status":"closed","ping_status":"open","template":"","meta":[],"product_brand":[],"product_cat":[24,82,81,83],"product_tag":[1122,234,275,121],"class_list":{"0":"post-28052","1":"product","2":"type-product","3":"status-publish","4":"has-post-thumbnail","6":"product_cat-colori","7":"product_cat-colori-semipermanente","8":"product_cat-molly-lac","9":"product_cat-semipermanenti","10":"product_tag-beige","11":"product_tag-nude","12":"product_tag-rosa","13":"product_tag-soft","15":"first","16":"instock","17":"shipping-taxable","18":"purchasable","19":"product-type-simple"},"_links":{"self":[{"href":"https:\/\/serverdedicato.lovenailsrivenditore.com\/index.php?rest_route=\/wp\/v2\/product\/28052","targetHints":{"allow":["GET"]}}],"collection":[{"href":"https:\/\/serverdedicato.lovenailsrivenditore.com\/index.php?rest_route=\/wp\/v2\/product"}],"about":[{"href":"https:\/\/serverdedicato.lovenailsrivenditore.com\/index.php?rest_route=\/wp\/v2\/types\/product"}],"replies":[{"embeddable":true,"href":"https:\/\/serverdedicato.lovenailsrivenditore.com\/index.php?rest_route=%2Fwp%2Fv2%2Fcomments&post=28052"}],"wp:featuredmedia":[{"embeddable":true,"href":"https:\/\/serverdedicato.lovenailsrivenditore.com\/index.php?rest_route=\/wp\/v2\/media\/26270"}],"wp:attachment":[{"href":"https:\/\/serverdedicato.lovenailsrivenditore.com\/index.php?rest_route=%2Fwp%2Fv2%2Fmedia&parent=28052"}],"wp:term":[{"taxonomy":"product_brand","embeddable":true,"href":"https:\/\/serverdedicato.lovenailsrivenditore.com\/index.php?rest_route=%2Fwp%2Fv2%2Fproduct_brand&post=28052"},{"taxonomy":"product_cat","embeddable":true,"href":"https:\/\/serverdedicato.lovenailsrivenditore.com\/index.php?rest_route=%2Fwp%2Fv2%2Fproduct_cat&post=28052"},{"taxonomy":"product_tag","embeddable":true,"href":"https:\/\/serverdedicato.lovenailsrivenditore.com\/index.php?rest_route=%2Fwp%2Fv2%2Fproduct_tag&post=28052"}],"curies":[{"name":"wp","href":"https:\/\/api.w.org\/{rel}","templated":true}]}}