{"id":28056,"date":"2025-02-22T09:47:57","date_gmt":"2025-02-22T08:47:57","guid":{"rendered":"https:\/\/serverdedicato.lovenailsrivenditore.com\/?product=molly-nails-nutty-nut-pro-salon-15gr"},"modified":"2026-04-20T08:58:07","modified_gmt":"2026-04-20T06:58:07","slug":"molly-nails-nutty-nut-pro-salon-15gr","status":"publish","type":"product","link":"https:\/\/serverdedicato.lovenailsrivenditore.com\/?product=molly-nails-nutty-nut-pro-salon-15gr","title":{"rendered":"Molly Nails &#8211; Nutty Nut Pro Salon 15gr"},"content":{"rendered":"<h2><span>Gel in bottiglia con pennello Molly Nails Pro Salon Nutty Nut HEMA\/Di-HEMA Free 15g<\/span><\/h2>\n<p><strong><span>Gel per unghie monofasico autolivellante<\/span><\/strong><span>\u00a0in un comodo flacone con pennellino.<\/span><\/p>\n<p><span>Puoi utilizzarlo per allungare, ma anche per rinforzare e correggere le unghie naturali. <\/span><\/p>\n<p><span>Comodit\u00e0 d&#8217;uso e una formula pi\u00f9 flessibile rispetto a un normale gel sono la ricetta del successo!<\/span><\/p>\n<p><strong><span>Un prodotto, tante possibilit\u00e0!<\/span><\/strong><span> Questo gel ti sar\u00e0 utile se hai bisogno di: allungare, rinforzare e correggere<\/span><\/p>\n<p><strong><span>Riduci al minimo il tuo tempo di lavoro!<\/span><\/strong><span> Un comodo pennellino velocizzer\u00e0 notevolmente la procedura di manicure, consentendoti di massimizzare i profitti del tuo salone! L&#8217;applicazione \u00e8 semplicissima: preleva il prodotto direttamente dal flacone con un pennello e applicalo secondo necessit\u00e0.<\/span><\/p>\n<p><span>La formula in gel monofasico agisce sulla lamina ungueale naturale, creando uno stile senza l&#8217;antiestetica tinta gialla.<\/span><\/p>\n<p><span>La consistenza densa consente la creazione di un apice e di una curva a C. Protegge dai danni meccanici e dai fattori esterni.<\/span><\/p>\n<p><span>Resistenti da indossare, comodi da tagliare! Non si sbriciola n\u00e9 si rompe. Resistente alle alte temperature: non si ammorbidisce durante l&#8217;uso.<\/span><\/p>\n<p><span>Formula\u00a0<\/span><strong><span>priva di HEMA\/Di-HEMA .<\/span><\/strong><\/p>\n<p><strong><span>Vantaggi:<\/span><\/strong><\/p>\n<ul>\n<li><span>Il tempo pi\u00f9 breve possibile per lo styling delle unghie<\/span><\/li>\n<li><span>Aspetto ultra naturale<\/span><\/li>\n<li><span>Applicazione comoda grazie al pennello appositamente dedicato<\/span><\/li>\n<li><span>Formula monofase densa, autolivellante, con strato di dispersione<\/span><\/li>\n<li><span>Perfetta aderenza alla lamina ungueale naturale<\/span><\/li>\n<li><span>Copertura intorno all&#8217;80%<\/span><\/li>\n<\/ul>\n<p><strong><span>Applicazione:<\/span><\/strong><\/p>\n<ul>\n<li><span>per la riparazione e l&#8217;allungamento delle unghie (fino a 5 mm)<\/span><\/li>\n<li><span>per livellare, rinforzare e ricostruire le unghie in modo leggero<\/span><\/li>\n<li><span>per babyboomer e french<\/span><\/li>\n<li><span>per la tecnica no file<\/span><\/li>\n<li><span>per persone con diversi livelli di avanzamento<\/span><\/li>\n<\/ul>\n<p><strong><span>Tempo di polimerizzazione:<\/span><\/strong><\/p>\n<ul>\n<li><span>Lampada LED\/UV 48W &#8211; 60s<\/span><\/li>\n<\/ul>\n","protected":false},"excerpt":{"rendered":"<p><strong>Gel per unghie monofasico autolivellante<\/strong>\u00a0in un comodo flacone con pennellino.<\/p>\n<p>Puoi utilizzarlo per allungare, ma anche per rinforzare e correggere le unghie naturali.<\/p>\n<p>Comodit\u00e0 d&#8217;uso e una formula pi\u00f9 flessibile rispetto a un normale gel sono la ricetta del successo!<\/p>\n<p><strong>Un prodotto, tante possibilit\u00e0!<\/strong> Questo gel ti sar\u00e0 utile se hai bisogno di: allungare, rinforzare e correggere<\/p>\n<p><strong>Riduci al minimo il tuo tempo di lavoro!<\/strong><\/p>\n","protected":false},"featured_media":28057,"comment_status":"closed","ping_status":"open","template":"","meta":[],"product_brand":[],"product_cat":[225,81],"product_tag":[725,2575],"class_list":{"0":"post-28056","1":"product","2":"type-product","3":"status-publish","4":"has-post-thumbnail","6":"product_cat-costruttori-molly-lac","7":"product_cat-molly-lac","8":"product_tag-gel-in-bottle","9":"product_tag-nutty-nut","11":"first","12":"instock","13":"shipping-taxable","14":"purchasable","15":"product-type-simple"},"_links":{"self":[{"href":"https:\/\/serverdedicato.lovenailsrivenditore.com\/index.php?rest_route=\/wp\/v2\/product\/28056","targetHints":{"allow":["GET"]}}],"collection":[{"href":"https:\/\/serverdedicato.lovenailsrivenditore.com\/index.php?rest_route=\/wp\/v2\/product"}],"about":[{"href":"https:\/\/serverdedicato.lovenailsrivenditore.com\/index.php?rest_route=\/wp\/v2\/types\/product"}],"replies":[{"embeddable":true,"href":"https:\/\/serverdedicato.lovenailsrivenditore.com\/index.php?rest_route=%2Fwp%2Fv2%2Fcomments&post=28056"}],"wp:featuredmedia":[{"embeddable":true,"href":"https:\/\/serverdedicato.lovenailsrivenditore.com\/index.php?rest_route=\/wp\/v2\/media\/28057"}],"wp:attachment":[{"href":"https:\/\/serverdedicato.lovenailsrivenditore.com\/index.php?rest_route=%2Fwp%2Fv2%2Fmedia&parent=28056"}],"wp:term":[{"taxonomy":"product_brand","embeddable":true,"href":"https:\/\/serverdedicato.lovenailsrivenditore.com\/index.php?rest_route=%2Fwp%2Fv2%2Fproduct_brand&post=28056"},{"taxonomy":"product_cat","embeddable":true,"href":"https:\/\/serverdedicato.lovenailsrivenditore.com\/index.php?rest_route=%2Fwp%2Fv2%2Fproduct_cat&post=28056"},{"taxonomy":"product_tag","embeddable":true,"href":"https:\/\/serverdedicato.lovenailsrivenditore.com\/index.php?rest_route=%2Fwp%2Fv2%2Fproduct_tag&post=28056"}],"curies":[{"name":"wp","href":"https:\/\/api.w.org\/{rel}","templated":true}]}}