{"id":28063,"date":"2025-02-22T09:54:01","date_gmt":"2025-02-22T08:54:01","guid":{"rendered":"https:\/\/serverdedicato.lovenailsrivenditore.com\/?product=721-orange-velvet-molly-lac-10ml"},"modified":"2026-04-20T08:58:12","modified_gmt":"2026-04-20T06:58:12","slug":"721-orange-velvet-molly-lac-10ml","status":"publish","type":"product","link":"https:\/\/serverdedicato.lovenailsrivenditore.com\/?product=721-orange-velvet-molly-lac-10ml","title":{"rendered":"721 Orange Velvet &#8211; Molly lac 10ml"},"content":{"rendered":"<p><strong>721 &#8211; Orange Velvet<\/strong>\u00a0: un arancione intenso che dice molto sul coraggio, la passione e l&#8217;originalit\u00e0. Questa \u00e8 una scelta eccellente per chi apprezza l&#8217;unicit\u00e0 e ama distinguersi dalla massa. Scatena il tuo coraggio, apriti a nuove possibilit\u00e0 e lascia che questa fantastica tonalit\u00e0 esalti al meglio la tua personalit\u00e0 unica.<\/p>\n<p>Grazie alla loro semplice applicazione e alla consistenza cremosa ideale, gli smalti ibridi MollyLac consentono di realizzare una manicure precisa e veloce.<\/p>\n","protected":false},"excerpt":{"rendered":"<p><strong>721 &#8211; Orange Velvet<\/strong>\u00a0: un arancione intenso che dice molto sul coraggio, la passione e l&#8217;originalit\u00e0. Questa \u00e8 una scelta eccellente per chi apprezza l&#8217;unicit\u00e0 e ama distinguersi dalla massa. Scatena il tuo coraggio, apriti a nuove possibilit\u00e0 e lascia che questa fantastica tonalit\u00e0 esalti al meglio la tua personalit\u00e0 unica.<\/p>\n<p>Grazie alla loro semplice applicazione e alla consistenza cremosa ideale, gli smalti ibridi MollyLac consentono di realizzare una manicure precisa e veloce.<\/p>\n","protected":false},"featured_media":28064,"comment_status":"closed","ping_status":"open","template":"","meta":[],"product_brand":[],"product_cat":[82,81],"product_tag":[675,2071],"class_list":{"0":"post-28063","1":"product","2":"type-product","3":"status-publish","4":"has-post-thumbnail","6":"product_cat-colori-semipermanente","7":"product_cat-molly-lac","8":"product_tag-corallo","9":"product_tag-orange","11":"first","12":"instock","13":"shipping-taxable","14":"purchasable","15":"product-type-simple"},"_links":{"self":[{"href":"https:\/\/serverdedicato.lovenailsrivenditore.com\/index.php?rest_route=\/wp\/v2\/product\/28063","targetHints":{"allow":["GET"]}}],"collection":[{"href":"https:\/\/serverdedicato.lovenailsrivenditore.com\/index.php?rest_route=\/wp\/v2\/product"}],"about":[{"href":"https:\/\/serverdedicato.lovenailsrivenditore.com\/index.php?rest_route=\/wp\/v2\/types\/product"}],"replies":[{"embeddable":true,"href":"https:\/\/serverdedicato.lovenailsrivenditore.com\/index.php?rest_route=%2Fwp%2Fv2%2Fcomments&post=28063"}],"wp:featuredmedia":[{"embeddable":true,"href":"https:\/\/serverdedicato.lovenailsrivenditore.com\/index.php?rest_route=\/wp\/v2\/media\/28064"}],"wp:attachment":[{"href":"https:\/\/serverdedicato.lovenailsrivenditore.com\/index.php?rest_route=%2Fwp%2Fv2%2Fmedia&parent=28063"}],"wp:term":[{"taxonomy":"product_brand","embeddable":true,"href":"https:\/\/serverdedicato.lovenailsrivenditore.com\/index.php?rest_route=%2Fwp%2Fv2%2Fproduct_brand&post=28063"},{"taxonomy":"product_cat","embeddable":true,"href":"https:\/\/serverdedicato.lovenailsrivenditore.com\/index.php?rest_route=%2Fwp%2Fv2%2Fproduct_cat&post=28063"},{"taxonomy":"product_tag","embeddable":true,"href":"https:\/\/serverdedicato.lovenailsrivenditore.com\/index.php?rest_route=%2Fwp%2Fv2%2Fproduct_tag&post=28063"}],"curies":[{"name":"wp","href":"https:\/\/api.w.org\/{rel}","templated":true}]}}