{"id":28170,"date":"2025-02-22T12:14:27","date_gmt":"2025-02-22T11:14:27","guid":{"rendered":"https:\/\/serverdedicato.lovenailsrivenditore.com\/?product=524-crystal-rose-molly-lac-10ml"},"modified":"2026-04-20T08:59:20","modified_gmt":"2026-04-20T06:59:20","slug":"524-crystal-rose-molly-lac-10ml","status":"publish","type":"product","link":"https:\/\/serverdedicato.lovenailsrivenditore.com\/?product=524-crystal-rose-molly-lac-10ml","title":{"rendered":"524 Crystal Rose &#8211; Molly Lac 10ml"},"content":{"rendered":"<p><strong>524. Crystal Rose<\/strong>\u00a0&#8211; rosa e basta! Una tonalit\u00e0 unica con glitter viola e rosa aggiunger\u00e0 un tocco di allegria alla tua vita. Non annoiarti e divertiti con lo styling! Sobrio ed elegante, ma a uno sguardo pi\u00f9 attento risulta eccezionalmente sfacciato.<\/p>\n","protected":false},"excerpt":{"rendered":"<p><strong>524. Crystal Rose<\/strong>\u00a0&#8211; rosa e basta! Una tonalit\u00e0 unica con glitter viola e rosa aggiunger\u00e0 un tocco di allegria alla tua vita. Non annoiarti e divertiti con lo styling! Sobrio ed elegante, ma a uno sguardo pi\u00f9 attento risulta eccezionalmente sfacciato.<\/p>\n","protected":false},"featured_media":28171,"comment_status":"closed","ping_status":"open","template":"","meta":[],"product_brand":[],"product_cat":[82,81],"product_tag":[],"class_list":{"0":"post-28170","1":"product","2":"type-product","3":"status-publish","4":"has-post-thumbnail","6":"product_cat-colori-semipermanente","7":"product_cat-molly-lac","9":"first","10":"instock","11":"shipping-taxable","12":"purchasable","13":"product-type-simple"},"_links":{"self":[{"href":"https:\/\/serverdedicato.lovenailsrivenditore.com\/index.php?rest_route=\/wp\/v2\/product\/28170","targetHints":{"allow":["GET"]}}],"collection":[{"href":"https:\/\/serverdedicato.lovenailsrivenditore.com\/index.php?rest_route=\/wp\/v2\/product"}],"about":[{"href":"https:\/\/serverdedicato.lovenailsrivenditore.com\/index.php?rest_route=\/wp\/v2\/types\/product"}],"replies":[{"embeddable":true,"href":"https:\/\/serverdedicato.lovenailsrivenditore.com\/index.php?rest_route=%2Fwp%2Fv2%2Fcomments&post=28170"}],"wp:featuredmedia":[{"embeddable":true,"href":"https:\/\/serverdedicato.lovenailsrivenditore.com\/index.php?rest_route=\/wp\/v2\/media\/28171"}],"wp:attachment":[{"href":"https:\/\/serverdedicato.lovenailsrivenditore.com\/index.php?rest_route=%2Fwp%2Fv2%2Fmedia&parent=28170"}],"wp:term":[{"taxonomy":"product_brand","embeddable":true,"href":"https:\/\/serverdedicato.lovenailsrivenditore.com\/index.php?rest_route=%2Fwp%2Fv2%2Fproduct_brand&post=28170"},{"taxonomy":"product_cat","embeddable":true,"href":"https:\/\/serverdedicato.lovenailsrivenditore.com\/index.php?rest_route=%2Fwp%2Fv2%2Fproduct_cat&post=28170"},{"taxonomy":"product_tag","embeddable":true,"href":"https:\/\/serverdedicato.lovenailsrivenditore.com\/index.php?rest_route=%2Fwp%2Fv2%2Fproduct_tag&post=28170"}],"curies":[{"name":"wp","href":"https:\/\/api.w.org\/{rel}","templated":true}]}}