{"id":28337,"date":"2025-02-24T13:34:32","date_gmt":"2025-02-24T12:34:32","guid":{"rendered":"https:\/\/serverdedicato.lovenailsrivenditore.com\/?product=staleks-punta-fresa-per-mancini-expert"},"modified":"2026-04-20T09:01:13","modified_gmt":"2026-04-20T07:01:13","slug":"staleks-punta-fresa-per-mancini-expert","status":"publish","type":"product","link":"https:\/\/serverdedicato.lovenailsrivenditore.com\/?product=staleks-punta-fresa-per-mancini-expert","title":{"rendered":"STALEKS &#8211; Punta Fresa per Mancini EXPERT"},"content":{"rendered":"<ul>\n<li><span>Ugello in carburo per manicure\/pedicure hardware per mancini.<\/span><\/li>\n<li><span>I bordi taglienti sono orientati in senso antiorario (inverso).<\/span><\/li>\n<li><span>Intaglio blu di media durezza.<\/span><\/li>\n<li><span>Forma \u201ca corno\u201d per la correzione delle unghie artificiali, la rimozione dello smalto in gel e dei rivestimenti duri.<\/span><\/li>\n<li><span>\u00c8 essenziale rispettare i requisiti di RPM consigliati; l&#8217;uso a RPM pi\u00f9 elevati pu\u00f2 causare lesioni al cliente.<\/span><\/li>\n<\/ul>\n<p><span>Nella manicure:<\/span><\/p>\n<ul>\n<li><span>Correzione delle unghie allungate.<\/span><\/li>\n<li><span>Preparazione per l&#8217;estensione delle unghie artificiali.<\/span><\/li>\n<li><span>Correzione della lamina ungueale.<\/span><\/li>\n<li><span>Taglia nettamente il materiale e lascia una superficie piana.<\/span><\/li>\n<li><span>Durante il processo di lavorazione, il materiale viene rimosso sotto forma di piccoli trucioli e non di polvere.<\/span><\/li>\n<\/ul>\n<p><span>In pedicure\/podologia:<\/span><\/p>\n<ul>\n<li><span>Trattamento delle aree cutanee cheratinizzate.<\/span><\/li>\n<li><span>Lavorazione di calli e duroni.<\/span><\/li>\n<li><span>Metallo di alta qualit\u00e0.<\/span><\/li>\n<li><span>Pu\u00f2 essere sottoposto a tutti i tipi di sterilizzazione e disinfezione.<\/span><\/li>\n<li><span>Resistente alla corrosione<\/span><\/li>\n<\/ul>\n","protected":false},"excerpt":{"rendered":"<ul>\n<li><span>Ugello in carburo per manicure\/pedicure hardware per mancini.<\/span><\/li>\n<li><span>I bordi taglienti sono orientati in senso antiorario (inverso).<\/span><\/li>\n<li><span>Intaglio blu di media durezza.<\/span><\/li>\n<li><span>Forma \u201ca corno\u201d per la correzione delle unghie artificiali, la rimozione dello smalto in gel e dei rivestimenti duri.<\/span><\/li>\n<li><span>\u00c8 essenziale rispettare i requisiti di RPM consigliati; l&#8217;uso a RPM pi\u00f9 elevati pu\u00f2 causare lesioni al cliente<\/span><\/li>\n<\/ul>\n","protected":false},"featured_media":28338,"comment_status":"closed","ping_status":"open","template":"","meta":[],"product_brand":[],"product_cat":[1464,1310],"product_tag":[2308],"class_list":{"0":"post-28337","1":"product","2":"type-product","3":"status-publish","4":"has-post-thumbnail","6":"product_cat-punte-fresa-professionali","7":"product_cat-staleks","8":"product_tag-punta-carbide","10":"first","11":"instock","12":"shipping-taxable","13":"purchasable","14":"product-type-simple"},"_links":{"self":[{"href":"https:\/\/serverdedicato.lovenailsrivenditore.com\/index.php?rest_route=\/wp\/v2\/product\/28337","targetHints":{"allow":["GET"]}}],"collection":[{"href":"https:\/\/serverdedicato.lovenailsrivenditore.com\/index.php?rest_route=\/wp\/v2\/product"}],"about":[{"href":"https:\/\/serverdedicato.lovenailsrivenditore.com\/index.php?rest_route=\/wp\/v2\/types\/product"}],"replies":[{"embeddable":true,"href":"https:\/\/serverdedicato.lovenailsrivenditore.com\/index.php?rest_route=%2Fwp%2Fv2%2Fcomments&post=28337"}],"wp:featuredmedia":[{"embeddable":true,"href":"https:\/\/serverdedicato.lovenailsrivenditore.com\/index.php?rest_route=\/wp\/v2\/media\/28338"}],"wp:attachment":[{"href":"https:\/\/serverdedicato.lovenailsrivenditore.com\/index.php?rest_route=%2Fwp%2Fv2%2Fmedia&parent=28337"}],"wp:term":[{"taxonomy":"product_brand","embeddable":true,"href":"https:\/\/serverdedicato.lovenailsrivenditore.com\/index.php?rest_route=%2Fwp%2Fv2%2Fproduct_brand&post=28337"},{"taxonomy":"product_cat","embeddable":true,"href":"https:\/\/serverdedicato.lovenailsrivenditore.com\/index.php?rest_route=%2Fwp%2Fv2%2Fproduct_cat&post=28337"},{"taxonomy":"product_tag","embeddable":true,"href":"https:\/\/serverdedicato.lovenailsrivenditore.com\/index.php?rest_route=%2Fwp%2Fv2%2Fproduct_tag&post=28337"}],"curies":[{"name":"wp","href":"https:\/\/api.w.org\/{rel}","templated":true}]}}