{"id":28550,"date":"2025-03-07T10:52:33","date_gmt":"2025-03-07T09:52:33","guid":{"rendered":"https:\/\/serverdedicato.lovenailsrivenditore.com\/?product=molly-lac-fairy-cake-n-477-10ml"},"modified":"2026-04-20T09:03:51","modified_gmt":"2026-04-20T07:03:51","slug":"molly-lac-fairy-cake-n-477-10ml","status":"publish","type":"product","link":"https:\/\/serverdedicato.lovenailsrivenditore.com\/?product=molly-lac-fairy-cake-n-477-10ml","title":{"rendered":"Molly Lac &#8211; Fairy Cake n.477 &#8211; 10ml"},"content":{"rendered":"<p><b><span>477. Fairy Cake \u00e8<\/span><\/b><span> un colore davvero fiabesco perch\u00e9 non pu\u00f2 essere paragonato a niente o definito. \u00c8 una nebbia corallo-pesca che seduce con il delicato bagliore di microgliter dorati e un aspetto di styling ultra-delicato.<\/span><\/p>\n","protected":false},"excerpt":{"rendered":"<p><b>477. Fairy Cake \u00e8<\/b> un colore davvero fiabesco perch\u00e9 non pu\u00f2 essere paragonato a niente o definito. \u00c8 una nebbia corallo-pesca che seduce con il delicato bagliore di microgliter dorati e un aspetto di styling ultra-delicato.<\/p>\n","protected":false},"featured_media":28551,"comment_status":"closed","ping_status":"open","template":"","meta":[],"product_brand":[],"product_cat":[24,82,81,83],"product_tag":[675,106],"class_list":{"0":"post-28550","1":"product","2":"type-product","3":"status-publish","4":"has-post-thumbnail","6":"product_cat-colori","7":"product_cat-colori-semipermanente","8":"product_cat-molly-lac","9":"product_cat-semipermanenti","10":"product_tag-corallo","11":"product_tag-macarons","13":"first","14":"instock","15":"shipping-taxable","16":"purchasable","17":"product-type-simple"},"_links":{"self":[{"href":"https:\/\/serverdedicato.lovenailsrivenditore.com\/index.php?rest_route=\/wp\/v2\/product\/28550","targetHints":{"allow":["GET"]}}],"collection":[{"href":"https:\/\/serverdedicato.lovenailsrivenditore.com\/index.php?rest_route=\/wp\/v2\/product"}],"about":[{"href":"https:\/\/serverdedicato.lovenailsrivenditore.com\/index.php?rest_route=\/wp\/v2\/types\/product"}],"replies":[{"embeddable":true,"href":"https:\/\/serverdedicato.lovenailsrivenditore.com\/index.php?rest_route=%2Fwp%2Fv2%2Fcomments&post=28550"}],"wp:featuredmedia":[{"embeddable":true,"href":"https:\/\/serverdedicato.lovenailsrivenditore.com\/index.php?rest_route=\/wp\/v2\/media\/28551"}],"wp:attachment":[{"href":"https:\/\/serverdedicato.lovenailsrivenditore.com\/index.php?rest_route=%2Fwp%2Fv2%2Fmedia&parent=28550"}],"wp:term":[{"taxonomy":"product_brand","embeddable":true,"href":"https:\/\/serverdedicato.lovenailsrivenditore.com\/index.php?rest_route=%2Fwp%2Fv2%2Fproduct_brand&post=28550"},{"taxonomy":"product_cat","embeddable":true,"href":"https:\/\/serverdedicato.lovenailsrivenditore.com\/index.php?rest_route=%2Fwp%2Fv2%2Fproduct_cat&post=28550"},{"taxonomy":"product_tag","embeddable":true,"href":"https:\/\/serverdedicato.lovenailsrivenditore.com\/index.php?rest_route=%2Fwp%2Fv2%2Fproduct_tag&post=28550"}],"curies":[{"name":"wp","href":"https:\/\/api.w.org\/{rel}","templated":true}]}}