{"id":28868,"date":"2025-03-13T13:31:57","date_gmt":"2025-03-13T12:31:57","guid":{"rendered":"https:\/\/serverdedicato.lovenailsrivenditore.com\/?product=claresa-blush-cheeks-tricks-04"},"modified":"2026-04-20T09:08:30","modified_gmt":"2026-04-20T07:08:30","slug":"claresa-blush-cheeks-tricks-04","status":"publish","type":"product","link":"https:\/\/serverdedicato.lovenailsrivenditore.com\/?product=claresa-blush-cheeks-tricks-04","title":{"rendered":"CLARESA-  BLUSH CHEEKS TRICKS &#8211; 04"},"content":{"rendered":"<p>Crea un blush perfetto e controllato sulle tue guance! Grazie ai\u00a0blush\u00a0<strong>CHEEKS TRICKS<\/strong>\u00a0e ai trucchi che puoi realizzare con essi, potrai deliziarti con un incarnato fresco e riposato e uno sguardo giovane e radioso. Colori intensi e vari effetti di finitura del trucco, dal completamente opaco al satinato, fino a una lucentezza delicata, ti consentiranno di scegliere il fard perfetto e, magari, ti convinceranno anche a provare la tecnica del drappeggio?!<\/p>\n<p>&nbsp;<\/p>\n<p><strong>CURIOSITA&#8217;<\/strong><\/p>\n<p>La silice contenuta nella composizione leviga e opacizza otticamente l&#8217;incarnato. La formula esclusiva del fard \u00e8 ricca di ingredienti che condizionano la pelle e ne impediscono la secchezza.<\/p>\n<p>&nbsp;<\/p>\n<p><strong>APPLICAZIONE<\/strong><\/p>\n<p>Applicare il fard con pennellate dal basso verso l&#8217;alto. Sorridi e metti in risalto le parti pi\u00f9 prominenti delle guance, verso l&#8217;attaccatura dei capelli. Sfuma il fard con l&#8217;illuminante e la terra abbronzante per creare un trio perfetto<br \/>\n.<\/p>\n<p><strong>TRUCCO DEI TRUCCATORI<\/strong><\/p>\n<p>Impara e prova la tecnica del trucco: DRAPPEGGIO. Utilizzare 2 colori rosa. Applica la tonalit\u00e0 pi\u00f9 scura sotto lo zigomo e sfumala con il blush pi\u00f9 chiaro sulla parte superiore dello zigomo, stendendolo sulle tempie, sul punto pi\u00f9 alto della fronte, sull&#8217;arcata sopracciliare, sulla mascella e sul mento.<\/p>\n","protected":false},"excerpt":{"rendered":"<p>Crea un blush perfetto e controllato sulle tue guance! Grazie ai\u00a0blush\u00a0<strong>CHEEKS TRICKS<\/strong>\u00a0e ai trucchi che puoi realizzare con essi, potrai deliziarti con un incarnato fresco e riposato e uno sguardo giovane e radioso. Colori intensi e vari effetti di finitura del trucco, dal completamente opaco al satinato, fino a una lucentezza delicata, ti consentiranno di scegliere il fard perfetto e, magari, ti convinceranno anche a provare la tecnica del drappeggio?!<\/p>\n<p>&nbsp;<\/p>\n","protected":false},"featured_media":28869,"comment_status":"closed","ping_status":"open","template":"","meta":[],"product_brand":[],"product_cat":[2319,1856,1509,2329,2315],"product_tag":[1805,2611,2612],"class_list":{"0":"post-28868","1":"product","2":"type-product","3":"status-publish","4":"has-post-thumbnail","6":"product_cat-claresa-make-up","7":"product_cat-make-up","8":"product_cat-top-brand-professionali-unghie","9":"product_cat-viso-claresa-make-up","10":"product_cat-viso","11":"product_tag-blush","12":"product_tag-fard","13":"product_tag-phard","15":"first","16":"instock","17":"shipping-taxable","18":"purchasable","19":"product-type-simple"},"_links":{"self":[{"href":"https:\/\/serverdedicato.lovenailsrivenditore.com\/index.php?rest_route=\/wp\/v2\/product\/28868","targetHints":{"allow":["GET"]}}],"collection":[{"href":"https:\/\/serverdedicato.lovenailsrivenditore.com\/index.php?rest_route=\/wp\/v2\/product"}],"about":[{"href":"https:\/\/serverdedicato.lovenailsrivenditore.com\/index.php?rest_route=\/wp\/v2\/types\/product"}],"replies":[{"embeddable":true,"href":"https:\/\/serverdedicato.lovenailsrivenditore.com\/index.php?rest_route=%2Fwp%2Fv2%2Fcomments&post=28868"}],"wp:featuredmedia":[{"embeddable":true,"href":"https:\/\/serverdedicato.lovenailsrivenditore.com\/index.php?rest_route=\/wp\/v2\/media\/28869"}],"wp:attachment":[{"href":"https:\/\/serverdedicato.lovenailsrivenditore.com\/index.php?rest_route=%2Fwp%2Fv2%2Fmedia&parent=28868"}],"wp:term":[{"taxonomy":"product_brand","embeddable":true,"href":"https:\/\/serverdedicato.lovenailsrivenditore.com\/index.php?rest_route=%2Fwp%2Fv2%2Fproduct_brand&post=28868"},{"taxonomy":"product_cat","embeddable":true,"href":"https:\/\/serverdedicato.lovenailsrivenditore.com\/index.php?rest_route=%2Fwp%2Fv2%2Fproduct_cat&post=28868"},{"taxonomy":"product_tag","embeddable":true,"href":"https:\/\/serverdedicato.lovenailsrivenditore.com\/index.php?rest_route=%2Fwp%2Fv2%2Fproduct_tag&post=28868"}],"curies":[{"name":"wp","href":"https:\/\/api.w.org\/{rel}","templated":true}]}}