{"id":28907,"date":"2025-03-13T14:26:17","date_gmt":"2025-03-13T13:26:17","guid":{"rendered":"https:\/\/serverdedicato.lovenailsrivenditore.com\/?product=palu-pro-light-builder-fizzy-cover-45gr"},"modified":"2026-04-20T09:09:41","modified_gmt":"2026-04-20T07:09:41","slug":"palu-pro-light-builder-fizzy-cover-45gr","status":"publish","type":"product","link":"https:\/\/serverdedicato.lovenailsrivenditore.com\/?product=palu-pro-light-builder-fizzy-cover-45gr","title":{"rendered":"PALU &#8211; PRO LIGHT BUILDER &#8211; FIZZY COVER &#8211; 45gr"},"content":{"rendered":"<p><strong>PRO LIGHT BUILDER GEL<\/strong>\u00a0\u00a0\u00e8 un gel multifunzionale\u00a0\u00a0<strong>creato per l&#8217;uso professionale nei saloni.<\/strong> \u00a0Una formula speciale sviluppata sulla base dell&#8217;esperienza dei migliori nail artist per\u00a0 <strong>velocizzare e facilitare il lavoro quotidiano<\/strong>\u00a0. La tissotropia, abbinata alle migliori\u00a0\u00a0<strong>propriet\u00e0 autolivellanti,<\/strong>\u00a0\u00a0garantisce una goccia perfetta e non scorrevole.<\/p>\n<p>PRO LIGHT BUILDER GEL ha\u00a0\u00a0<strong>una bassa temperatura di polimerizzazione<\/strong> , riducendo al minimo l&#8217;effetto di percezione del calore nella lampada. Il gel ha una struttura molecolare lineare e la sua consistenza, viscosit\u00e0 e densit\u00e0 perfettamente bilanciate influiscono sulla qualit\u00e0 del lavoro. La formula moderna \u00e8 stata creata per consentire l&#8217;uso della\u00a0 <strong>tecnica &#8220;gel senza limatura&#8221;<\/strong> .<\/p>\n<p>Particolarmente consigliato per rapide correzioni.<\/p>\n<p>PRO LIGHT BUILDER GEL \u00e8 un gel monofasico. La sua struttura contiene sostanze adesive che aumentano l&#8217;aderenza alla lamina ungueale naturale, sostanze costruttive e lucidanti. Per ottenere un&#8217;adesione ottimale su unghie problematiche consigliamo l&#8217;utilizzo supplementare di una base aggrappante Palu.<\/p>\n<p>La viscosit\u00e0 del gel regolata con precisione garantisce una consistenza mediamente densa e\u00a0\u00a0<strong>una rapida distribuzione sull&#8217;unghia<\/strong><\/p>\n<p>Il gel \u00e8\u00a0\u00a0<strong>durevole, antigraffio e ha una lucentezza elevata e duratura.<\/strong><\/p>\n<p>Caratteristiche principali:<\/p>\n<ul>\n<li>Autolivellante;<\/li>\n<li>Con tissotropia;<\/li>\n<li>Multifunzionale;<\/li>\n<li>Con brillantezza intensa, durevolezza e resistenza ai graffi;<\/li>\n<li>Senza acidi;<\/li>\n<li>Velocizza e facilita il lavoro;<\/li>\n<li>Stringere il tunnel dopo 5-8 sec. Nella lampada LED UV;<\/li>\n<li>Polimerizzazione: lampada LED UV 60s.<\/li>\n<\/ul>\n","protected":false},"excerpt":{"rendered":"<p><strong>PRO LIGHT BUILDER GEL<\/strong>\u00a0\u00a0\u00e8 un gel multifunzionale\u00a0\u00a0<strong>creato per l&#8217;uso professionale nei saloni.<\/strong> \u00a0Una formula speciale sviluppata sulla base dell&#8217;esperienza dei migliori nail artist per\u00a0 <strong>velocizzare e facilitare il lavoro quotidiano<\/strong>\u00a0. La tissotropia, abbinata alle migliori\u00a0\u00a0<strong>propriet\u00e0 autolivellanti,<\/strong>\u00a0\u00a0garantisce una goccia perfetta e non scorrevole.<\/p>\n<p>PRO LIGHT BUILDER GEL ha\u00a0\u00a0<strong>una bassa temperatura di polimerizzazione<\/strong> , riducendo al minimo l&#8217;effetto di percezione del calore nella lampada. Il gel ha una struttura molecolare lineare e la sua consistenza, viscosit\u00e0 e densit\u00e0 perfettamente bilanciate influiscono sulla qualit\u00e0 del lavoro. La formula moderna \u00e8 stata creata per consentire l&#8217;uso della\u00a0 <strong>tecnica &#8220;gel senza limatura&#8221;<\/strong> .<\/p>\n<p>Particolarmente consigliato per rapide correzioni.<\/p>\n","protected":false},"featured_media":28908,"comment_status":"closed","ping_status":"open","template":"","meta":[],"product_brand":[],"product_cat":[1647,1644,1509],"product_tag":[2033,2616],"class_list":{"0":"post-28907","1":"product","2":"type-product","3":"status-publish","4":"has-post-thumbnail","6":"product_cat-costruttori-palu","7":"product_cat-palu","8":"product_cat-top-brand-professionali-unghie","9":"product_tag-gel-costruttore","10":"product_tag-shiny-rouge","12":"first","13":"instock","14":"shipping-taxable","15":"purchasable","16":"product-type-simple"},"_links":{"self":[{"href":"https:\/\/serverdedicato.lovenailsrivenditore.com\/index.php?rest_route=\/wp\/v2\/product\/28907","targetHints":{"allow":["GET"]}}],"collection":[{"href":"https:\/\/serverdedicato.lovenailsrivenditore.com\/index.php?rest_route=\/wp\/v2\/product"}],"about":[{"href":"https:\/\/serverdedicato.lovenailsrivenditore.com\/index.php?rest_route=\/wp\/v2\/types\/product"}],"replies":[{"embeddable":true,"href":"https:\/\/serverdedicato.lovenailsrivenditore.com\/index.php?rest_route=%2Fwp%2Fv2%2Fcomments&post=28907"}],"wp:featuredmedia":[{"embeddable":true,"href":"https:\/\/serverdedicato.lovenailsrivenditore.com\/index.php?rest_route=\/wp\/v2\/media\/28908"}],"wp:attachment":[{"href":"https:\/\/serverdedicato.lovenailsrivenditore.com\/index.php?rest_route=%2Fwp%2Fv2%2Fmedia&parent=28907"}],"wp:term":[{"taxonomy":"product_brand","embeddable":true,"href":"https:\/\/serverdedicato.lovenailsrivenditore.com\/index.php?rest_route=%2Fwp%2Fv2%2Fproduct_brand&post=28907"},{"taxonomy":"product_cat","embeddable":true,"href":"https:\/\/serverdedicato.lovenailsrivenditore.com\/index.php?rest_route=%2Fwp%2Fv2%2Fproduct_cat&post=28907"},{"taxonomy":"product_tag","embeddable":true,"href":"https:\/\/serverdedicato.lovenailsrivenditore.com\/index.php?rest_route=%2Fwp%2Fv2%2Fproduct_tag&post=28907"}],"curies":[{"name":"wp","href":"https:\/\/api.w.org\/{rel}","templated":true}]}}