{"id":28960,"date":"2025-03-13T16:20:16","date_gmt":"2025-03-13T15:20:16","guid":{"rendered":"https:\/\/serverdedicato.lovenailsrivenditore.com\/?product=luna-premium-gel-n-06-30ml"},"modified":"2026-04-20T09:10:31","modified_gmt":"2026-04-20T07:10:31","slug":"luna-premium-gel-n-06-30ml","status":"publish","type":"product","link":"https:\/\/serverdedicato.lovenailsrivenditore.com\/?product=luna-premium-gel-n-06-30ml","title":{"rendered":"LUNA &#8211; PREMIUM GEL n.06- 30ml"},"content":{"rendered":"<p><strong>Il Classic Gel Premium<\/strong> \u00e8 un gel costruttore trifasico privo di acidi. Adatto sia a coperture \/Refill che per allungamenti. E&#8217; consigliabile l&#8217;utilizzo della base rubber Luna<\/p>\n<p>Caratteristiche:<\/p>\n<ul>\n<li>Senza acidi.<\/li>\n<li>Fornisce ammortizzazione e non si crepa in caso di impatto.<\/li>\n<li>Consistenza media (non troppo liquida, non troppo densa).<\/li>\n<li>Pigmentazione media, copre il bordo libero.<\/li>\n<li>Adatto per la tecnica &#8220;senza limatura&#8221;.<\/li>\n<li>Adatto per l&#8217;allungamento<\/li>\n<li>Non provoca calore in lampada.<\/li>\n<li>Diventa pi\u00f9 spesso a basse temperature e pi\u00f9 sottile con temperature calde.<\/li>\n<li>Tissotropico: diventa pi\u00f9 fluido durante l&#8217;applicazione con movimenti del pennello.<\/li>\n<li>Pu\u00f2 essere ulteriormente riscaldato per rendere il gel pi\u00f9 sottile.<\/li>\n<li>Si indurisce fino a uno spessore di 1 mm; se lo spessore \u00e8 inferiore a 1 mm, potrebbe flettersi leggermente, ma ci\u00f2 non ne compromette la durabilit\u00e0<\/li>\n<li>Non si restringe e sostiene bene l&#8217;arco.<\/li>\n<\/ul>\n","protected":false},"excerpt":{"rendered":"<p><strong>Il Classic Gel Premium<\/strong> \u00e8 un gel costruttore trifasico privo di acidi. Adatto sia a coperture \/Refill che per allungamenti. E&#8217; consigliabile l&#8217;utilizzo della base rubber Luna<\/p>\n<p>Caratteristiche:<\/p>\n<ul>\n<li>Senza acidi.<\/li>\n<li>Fornisce ammortizzazione e non si crepa in caso di impatto.<\/li>\n<li>Consistenza media (non troppo liquida, non troppo densa).<\/li>\n<li>Pigmentazione media, copre il bordo libero.<\/li>\n<li>Adatto per la tecnica &#8220;senza limatura&#8221;.<\/li>\n<li>Adatto per l&#8217;allungamento<\/li>\n<li>Non provoca calore in lampada.<\/li>\n<li>Diventa pi\u00f9 spesso a basse temperature e pi\u00f9 sottile con temperature calde.<\/li>\n<li>Tissotropico: diventa pi\u00f9 fluido durante l&#8217;applicazione con movimenti del pennello.<\/li>\n<li>Pu\u00f2 essere ulteriormente riscaldato per rendere il gel pi\u00f9 sottile.<\/li>\n<li>Si indurisce fino a uno spessore di 1 mm; se lo spessore \u00e8 inferiore a 1 mm, potrebbe flettersi leggermente, ma ci\u00f2 non ne compromette la durabilit\u00e0<\/li>\n<li>Non si restringe e sostiene bene l&#8217;arco.<\/li>\n<\/ul>\n","protected":false},"featured_media":28961,"comment_status":"closed","ping_status":"open","template":"","meta":[],"product_brand":[],"product_cat":[2618,224,223,2488],"product_tag":[1434,2033,2619],"class_list":{"0":"post-28960","1":"product","2":"type-product","3":"status-publish","4":"has-post-thumbnail","6":"product_cat-costruttori-luna","7":"product_cat-costruttori","8":"product_cat-gel-uv","9":"product_cat-luna","10":"product_tag-clear","11":"product_tag-gel-costruttore","12":"product_tag-premium-gel","14":"first","15":"instock","16":"shipping-taxable","17":"purchasable","18":"product-type-simple"},"_links":{"self":[{"href":"https:\/\/serverdedicato.lovenailsrivenditore.com\/index.php?rest_route=\/wp\/v2\/product\/28960","targetHints":{"allow":["GET"]}}],"collection":[{"href":"https:\/\/serverdedicato.lovenailsrivenditore.com\/index.php?rest_route=\/wp\/v2\/product"}],"about":[{"href":"https:\/\/serverdedicato.lovenailsrivenditore.com\/index.php?rest_route=\/wp\/v2\/types\/product"}],"replies":[{"embeddable":true,"href":"https:\/\/serverdedicato.lovenailsrivenditore.com\/index.php?rest_route=%2Fwp%2Fv2%2Fcomments&post=28960"}],"wp:featuredmedia":[{"embeddable":true,"href":"https:\/\/serverdedicato.lovenailsrivenditore.com\/index.php?rest_route=\/wp\/v2\/media\/28961"}],"wp:attachment":[{"href":"https:\/\/serverdedicato.lovenailsrivenditore.com\/index.php?rest_route=%2Fwp%2Fv2%2Fmedia&parent=28960"}],"wp:term":[{"taxonomy":"product_brand","embeddable":true,"href":"https:\/\/serverdedicato.lovenailsrivenditore.com\/index.php?rest_route=%2Fwp%2Fv2%2Fproduct_brand&post=28960"},{"taxonomy":"product_cat","embeddable":true,"href":"https:\/\/serverdedicato.lovenailsrivenditore.com\/index.php?rest_route=%2Fwp%2Fv2%2Fproduct_cat&post=28960"},{"taxonomy":"product_tag","embeddable":true,"href":"https:\/\/serverdedicato.lovenailsrivenditore.com\/index.php?rest_route=%2Fwp%2Fv2%2Fproduct_tag&post=28960"}],"curies":[{"name":"wp","href":"https:\/\/api.w.org\/{rel}","templated":true}]}}